{"id":862,"date":"2022-04-25T16:35:17","date_gmt":"2022-04-25T16:35:17","guid":{"rendered":"https:\/\/acsantiago.org\/?page_id=862"},"modified":"2022-05-24T14:21:59","modified_gmt":"2022-05-24T14:21:59","slug":"4-concierto-de-la-legion-santander-28-de-junio-de-2019","status":"publish","type":"page","link":"https:\/\/acsantiago.org\/index.php\/4-concierto-de-la-legion-santander-28-de-junio-de-2019\/","title":{"rendered":"4.- Concierto de la Legi\u00f3n (Santander, 28 de Junio de 2019)"},"content":{"rendered":"\t\t<div data-elementor-type=\"wp-page\" data-elementor-id=\"862\" class=\"elementor elementor-862\">\n\t\t\t\t\t\t<section class=\"elementor-section elementor-top-section elementor-element elementor-element-2cf93a2 elementor-section-boxed elementor-section-height-default elementor-section-height-default\" data-id=\"2cf93a2\" data-element_type=\"section\" data-e-type=\"section\">\n\t\t\t\t\t\t<div class=\"elementor-container elementor-column-gap-default\">\n\t\t\t\t\t<div class=\"elementor-column elementor-col-100 elementor-top-column elementor-element elementor-element-3eee6eb\" data-id=\"3eee6eb\" data-element_type=\"column\" data-e-type=\"column\">\n\t\t\t<div class=\"elementor-widget-wrap elementor-element-populated\">\n\t\t\t\t\t\t<div class=\"elementor-element elementor-element-5ee1c06 elementor-widget elementor-widget-text-editor\" data-id=\"5ee1c06\" data-element_type=\"widget\" data-e-type=\"widget\" data-widget_type=\"text-editor.default\">\n\t\t\t\t<div class=\"elementor-widget-container\">\n\t\t\t\t\t\t\t\t\t<h3><strong>4.- Concierto de la Legi\u00f3n (Junio 2019)<\/strong><\/h3>\t\t\t\t\t\t\t\t<\/div>\n\t\t\t\t<\/div>\n\t\t\t\t\t<\/div>\n\t\t<\/div>\n\t\t\t\t\t<\/div>\n\t\t<\/section>\n\t\t\t\t<section class=\"elementor-section elementor-top-section elementor-element elementor-element-6190613 elementor-section-boxed elementor-section-height-default elementor-section-height-default\" data-id=\"6190613\" data-element_type=\"section\" data-e-type=\"section\">\n\t\t\t\t\t\t<div class=\"elementor-container elementor-column-gap-default\">\n\t\t\t\t\t<div class=\"elementor-column elementor-col-50 elementor-top-column elementor-element elementor-element-575d4ab\" data-id=\"575d4ab\" data-element_type=\"column\" data-e-type=\"column\">\n\t\t\t<div class=\"elementor-widget-wrap elementor-element-populated\">\n\t\t\t\t\t\t<div class=\"elementor-element elementor-element-1f91d08 elementor-widget elementor-widget-image\" data-id=\"1f91d08\" data-element_type=\"widget\" data-e-type=\"widget\" data-widget_type=\"image.default\">\n\t\t\t\t<div class=\"elementor-widget-container\">\n\t\t\t\t\t\t\t\t\t\t\t\t\t\t\t<img fetchpriority=\"high\" decoding=\"async\" width=\"720\" height=\"1014\" src=\"https:\/\/acsantiago.org\/wp-content\/uploads\/2022\/04\/Cartel.jpg\" class=\"attachment-large size-large wp-image-304\" alt=\"Concierto de la Legi\u00f3n\" srcset=\"https:\/\/acsantiago.org\/wp-content\/uploads\/2022\/04\/Cartel.jpg 720w, https:\/\/acsantiago.org\/wp-content\/uploads\/2022\/04\/Cartel-213x300.jpg 213w\" sizes=\"(max-width: 720px) 100vw, 720px\" \/>\t\t\t\t\t\t\t\t\t\t\t\t\t\t\t<\/div>\n\t\t\t\t<\/div>\n\t\t\t\t\t<\/div>\n\t\t<\/div>\n\t\t\t\t<div class=\"elementor-column elementor-col-50 elementor-top-column elementor-element elementor-element-10b5264\" data-id=\"10b5264\" data-element_type=\"column\" data-e-type=\"column\">\n\t\t\t<div class=\"elementor-widget-wrap elementor-element-populated\">\n\t\t\t\t\t\t<div class=\"elementor-element elementor-element-6a07ca1 elementor-widget elementor-widget-text-editor\" data-id=\"6a07ca1\" data-element_type=\"widget\" data-e-type=\"widget\" data-widget_type=\"text-editor.default\">\n\t\t\t\t<div class=\"elementor-widget-container\">\n\t\t\t\t\t\t\t\t\t<p class=\"has-text-align-center\"><span style=\"color: #000000;\"><strong>Santander, 28 de Junio de 2019<\/strong><\/span><\/p><p><span style=\"color: #000000;\"><strong>Uno de los actos m\u00e1s emblem\u00e1ticos desarrollados por esta Asociaci\u00f3n, fue el concierto Legionario celebrado en Santander como acto previo a la celebraci\u00f3n del centenario de esta legendaria unidad.<\/strong><\/span><\/p><p><span style=\"color: #000000;\"><strong>\u00a0\u00a0\u00a0\u00a0\u00a0\u00a0\u00a0\u00a0\u00a0\u00a0\u00a0\u00a0\u00a0\u00a0\u00a0 Durante dos d\u00edas la Legi\u00f3n no solo ofreci\u00f3 un maravilloso concierto a beneficio de la Fundaci\u00f3n Tercio de Extranjeros, sino, que honro a nuestros h\u00e9roes con un izado de bandera en la Plaza del h\u00e9roe monta\u00f1\u00e9s D. Pedro Velarde, as\u00ed como un homenaje y toque de oraci\u00f3n ante el busto del Teniente Fuentes Pila, en donde se coloc\u00f3 un corona de laurel por parte de los miembros, mayor y m\u00e1s joven, de la familia Fuentes Pila.<\/strong><\/span><\/p><p><span style=\"color: #000000;\"><strong>\u00a0\u00a0\u00a0\u00a0\u00a0\u00a0\u00a0\u00a0\u00a0\u00a0\u00a0\u00a0\u00a0\u00a0\u00a0 El concierto fue un aut\u00e9ntico \u00e9xito con m\u00e1s de dos mil quinientos asistentes, el cual, como es tradicional finaliz\u00f3 enton\u00e1ndose \u201cel novio de la muerte\u201d tanto por la unidad legionaria como por diversos coros que acompa\u00f1aron a la misma.<\/strong><\/span><\/p><p><span style=\"color: #000000;\"><strong>Desde aqu\u00ed nuestro agradecimiento a todos los que pusieron su grano de arena para que pudiera llevarse a efecto, estas maravillosas jornadas. Desde el Ayuntamiento de Santander hasta la Asociaci\u00f3n de Hosteleros de Tetuan, Fundaci\u00f3n Tercio Extranjeros, Instituto Municipal de Deportes, OID y todos aquellos colaboradores an\u00f3nimos que fueron los verdaderos art\u00edfices del \u00e9xito<\/strong><\/span><\/p>\t\t\t\t\t\t\t\t<\/div>\n\t\t\t\t<\/div>\n\t\t\t\t\t<\/div>\n\t\t<\/div>\n\t\t\t\t\t<\/div>\n\t\t<\/section>\n\t\t\t\t<section class=\"elementor-section elementor-top-section elementor-element elementor-element-ed213ae elementor-section-boxed elementor-section-height-default elementor-section-height-default\" data-id=\"ed213ae\" data-element_type=\"section\" data-e-type=\"section\">\n\t\t\t\t\t\t<div class=\"elementor-container elementor-column-gap-default\">\n\t\t\t\t\t<div class=\"elementor-column elementor-col-100 elementor-top-column elementor-element elementor-element-331a976\" data-id=\"331a976\" data-element_type=\"column\" data-e-type=\"column\">\n\t\t\t<div class=\"elementor-widget-wrap elementor-element-populated\">\n\t\t\t\t\t\t<div class=\"elementor-element elementor-element-3f777a9 elementor-widget elementor-widget-text-editor\" data-id=\"3f777a9\" data-element_type=\"widget\" data-e-type=\"widget\" data-widget_type=\"text-editor.default\">\n\t\t\t\t<div class=\"elementor-widget-container\">\n\t\t\t\t\t\t\t\t\t<p><span style=\"color: #000000;\"><strong>Nuestro agradecimiento de todos los que formamos la Asociaci\u00f3n Cultural Santiago a la Brigada de la Legi\u00f3n y a su General D. Marcos Llago Navarro, por haber hecho posible este acto.<\/strong><\/span><\/p><p><span style=\"color: #000000;\"><strong>\u00a0\u00a0\u00a0\u00a0\u00a0\u00a0\u00a0\u00a0\u00a0\u00a0\u00a0\u00a0\u00a0\u00a0\u00a0 Fotos y video remitido entre otros, por la Secci\u00f3n de Protocolo de la Brigada de la Legi\u00f3n<\/strong><\/span><\/p>\t\t\t\t\t\t\t\t<\/div>\n\t\t\t\t<\/div>\n\t\t\t\t\t<\/div>\n\t\t<\/div>\n\t\t\t\t\t<\/div>\n\t\t<\/section>\n\t\t\t\t<section class=\"elementor-section elementor-top-section elementor-element elementor-element-868c1a9 elementor-section-boxed elementor-section-height-default elementor-section-height-default\" data-id=\"868c1a9\" data-element_type=\"section\" data-e-type=\"section\">\n\t\t\t\t\t\t<div class=\"elementor-container elementor-column-gap-default\">\n\t\t\t\t\t<div class=\"elementor-column elementor-col-50 elementor-top-column elementor-element elementor-element-5b828a9\" data-id=\"5b828a9\" data-element_type=\"column\" data-e-type=\"column\">\n\t\t\t<div class=\"elementor-widget-wrap elementor-element-populated\">\n\t\t\t\t\t\t\t<\/div>\n\t\t<\/div>\n\t\t\t\t<div class=\"elementor-column elementor-col-50 elementor-top-column elementor-element elementor-element-d0ecf21\" data-id=\"d0ecf21\" data-element_type=\"column\" data-e-type=\"column\">\n\t\t\t<div class=\"elementor-widget-wrap elementor-element-populated\">\n\t\t\t\t\t\t<div class=\"elementor-element elementor-element-49c3125 elementor-widget elementor-widget-video\" data-id=\"49c3125\" data-element_type=\"widget\" data-e-type=\"widget\" data-settings=\"{&quot;youtube_url&quot;:&quot;https:\\\/\\\/youtu.be\\\/kWzzyEiPJ1E&quot;,&quot;video_type&quot;:&quot;youtube&quot;,&quot;controls&quot;:&quot;yes&quot;}\" data-widget_type=\"video.default\">\n\t\t\t\t<div class=\"elementor-widget-container\">\n\t\t\t\t\t\t\t<div class=\"elementor-wrapper elementor-open-inline\">\n\t\t\t<div class=\"elementor-video\"><\/div>\t\t<\/div>\n\t\t\t\t\t\t<\/div>\n\t\t\t\t<\/div>\n\t\t\t\t\t<\/div>\n\t\t<\/div>\n\t\t\t\t\t<\/div>\n\t\t<\/section>\n\t\t\t\t<\/div>\n\t\t","protected":false},"excerpt":{"rendered":"<p>4.- Concierto de la Legi\u00f3n (Junio 2019) Santander, 28 de Junio de 2019 Uno de los actos m\u00e1s emblem\u00e1ticos desarrollados por esta Asociaci\u00f3n, fue el concierto Legionario celebrado en Santander como acto previo a la celebraci\u00f3n del centenario de esta legendaria unidad. \u00a0\u00a0\u00a0\u00a0\u00a0\u00a0\u00a0\u00a0\u00a0\u00a0\u00a0\u00a0\u00a0\u00a0\u00a0 Durante dos d\u00edas la Legi\u00f3n no solo ofreci\u00f3 un maravilloso concierto a [&hellip;]<\/p>\n","protected":false},"author":1,"featured_media":0,"parent":0,"menu_order":0,"comment_status":"closed","ping_status":"closed","template":"","meta":{"site-sidebar-layout":"no-sidebar","site-content-layout":"page-builder","ast-site-content-layout":"default","site-content-style":"default","site-sidebar-style":"default","ast-global-header-display":"","ast-banner-title-visibility":"","ast-main-header-display":"","ast-hfb-above-header-display":"","ast-hfb-below-header-display":"","ast-hfb-mobile-header-display":"","site-post-title":"disabled","ast-breadcrumbs-content":"","ast-featured-img":"disabled","footer-sml-layout":"","ast-disable-related-posts":"","theme-transparent-header-meta":"","adv-header-id-meta":"","stick-header-meta":"","header-above-stick-meta":"","header-main-stick-meta":"","header-below-stick-meta":"","astra-migrate-meta-layouts":"default","ast-page-background-enabled":"default","ast-page-background-meta":{"desktop":{"background-color":"var(--ast-global-color-4)","background-image":"","background-repeat":"repeat","background-position":"center center","background-size":"auto","background-attachment":"scroll","background-type":"","background-media":"","overlay-type":"","overlay-color":"","overlay-opacity":"","overlay-gradient":""},"tablet":{"background-color":"","background-image":"","background-repeat":"repeat","background-position":"center center","background-size":"auto","background-attachment":"scroll","background-type":"","background-media":"","overlay-type":"","overlay-color":"","overlay-opacity":"","overlay-gradient":""},"mobile":{"background-color":"","background-image":"","background-repeat":"repeat","background-position":"center center","background-size":"auto","background-attachment":"scroll","background-type":"","background-media":"","overlay-type":"","overlay-color":"","overlay-opacity":"","overlay-gradient":""}},"ast-content-background-meta":{"desktop":{"background-color":"var(--ast-global-color-5)","background-image":"","background-repeat":"repeat","background-position":"center center","background-size":"auto","background-attachment":"scroll","background-type":"","background-media":"","overlay-type":"","overlay-color":"","overlay-opacity":"","overlay-gradient":""},"tablet":{"background-color":"var(--ast-global-color-5)","background-image":"","background-repeat":"repeat","background-position":"center center","background-size":"auto","background-attachment":"scroll","background-type":"","background-media":"","overlay-type":"","overlay-color":"","overlay-opacity":"","overlay-gradient":""},"mobile":{"background-color":"var(--ast-global-color-5)","background-image":"","background-repeat":"repeat","background-position":"center center","background-size":"auto","background-attachment":"scroll","background-type":"","background-media":"","overlay-type":"","overlay-color":"","overlay-opacity":"","overlay-gradient":""}},"footnotes":""},"class_list":["post-862","page","type-page","status-publish","hentry"],"yoast_head":"<!-- This site is optimized with the Yoast SEO plugin v27.5 - https:\/\/yoast.com\/product\/yoast-seo-wordpress\/ -->\n<title>4.- Concierto de la Legi\u00f3n (Santander, 28 de Junio de 2019) - Asociaci\u00f3n Cultural Santiago<\/title>\n<meta name=\"robots\" content=\"index, follow, max-snippet:-1, max-image-preview:large, max-video-preview:-1\" \/>\n<link rel=\"canonical\" href=\"https:\/\/acsantiago.org\/index.php\/4-concierto-de-la-legion-santander-28-de-junio-de-2019\/\" \/>\n<meta property=\"og:locale\" content=\"es_ES\" \/>\n<meta property=\"og:type\" content=\"article\" \/>\n<meta property=\"og:title\" content=\"4.- Concierto de la Legi\u00f3n (Santander, 28 de Junio de 2019) - Asociaci\u00f3n Cultural Santiago\" \/>\n<meta property=\"og:description\" content=\"4.- Concierto de la Legi\u00f3n (Junio 2019) Santander, 28 de Junio de 2019 Uno de los actos m\u00e1s emblem\u00e1ticos desarrollados por esta Asociaci\u00f3n, fue el concierto Legionario celebrado en Santander como acto previo a la celebraci\u00f3n del centenario de esta legendaria unidad. \u00a0\u00a0\u00a0\u00a0\u00a0\u00a0\u00a0\u00a0\u00a0\u00a0\u00a0\u00a0\u00a0\u00a0\u00a0 Durante dos d\u00edas la Legi\u00f3n no solo ofreci\u00f3 un maravilloso concierto a [&hellip;]\" \/>\n<meta property=\"og:url\" content=\"https:\/\/acsantiago.org\/index.php\/4-concierto-de-la-legion-santander-28-de-junio-de-2019\/\" \/>\n<meta property=\"og:site_name\" content=\"Asociaci\u00f3n Cultural Santiago\" \/>\n<meta property=\"article:modified_time\" content=\"2022-05-24T14:21:59+00:00\" \/>\n<meta property=\"og:image\" content=\"https:\/\/acsantiago.org\/wp-content\/uploads\/2022\/04\/Cartel.jpg\" \/>\n<meta name=\"twitter:card\" content=\"summary_large_image\" \/>\n<meta name=\"twitter:label1\" content=\"Tiempo de lectura\" \/>\n\t<meta name=\"twitter:data1\" content=\"2 minutos\" \/>\n<script type=\"application\/ld+json\" class=\"yoast-schema-graph\">{\"@context\":\"https:\\\/\\\/schema.org\",\"@graph\":[{\"@type\":\"WebPage\",\"@id\":\"https:\\\/\\\/acsantiago.org\\\/index.php\\\/4-concierto-de-la-legion-santander-28-de-junio-de-2019\\\/\",\"url\":\"https:\\\/\\\/acsantiago.org\\\/index.php\\\/4-concierto-de-la-legion-santander-28-de-junio-de-2019\\\/\",\"name\":\"4.- Concierto de la Legi\u00f3n (Santander, 28 de Junio de 2019) - Asociaci\u00f3n Cultural Santiago\",\"isPartOf\":{\"@id\":\"https:\\\/\\\/acsantiago.org\\\/#website\"},\"primaryImageOfPage\":{\"@id\":\"https:\\\/\\\/acsantiago.org\\\/index.php\\\/4-concierto-de-la-legion-santander-28-de-junio-de-2019\\\/#primaryimage\"},\"image\":{\"@id\":\"https:\\\/\\\/acsantiago.org\\\/index.php\\\/4-concierto-de-la-legion-santander-28-de-junio-de-2019\\\/#primaryimage\"},\"thumbnailUrl\":\"https:\\\/\\\/acsantiago.org\\\/wp-content\\\/uploads\\\/2022\\\/04\\\/Cartel.jpg\",\"datePublished\":\"2022-04-25T16:35:17+00:00\",\"dateModified\":\"2022-05-24T14:21:59+00:00\",\"breadcrumb\":{\"@id\":\"https:\\\/\\\/acsantiago.org\\\/index.php\\\/4-concierto-de-la-legion-santander-28-de-junio-de-2019\\\/#breadcrumb\"},\"inLanguage\":\"es\",\"potentialAction\":[{\"@type\":\"ReadAction\",\"target\":[\"https:\\\/\\\/acsantiago.org\\\/index.php\\\/4-concierto-de-la-legion-santander-28-de-junio-de-2019\\\/\"]}]},{\"@type\":\"ImageObject\",\"inLanguage\":\"es\",\"@id\":\"https:\\\/\\\/acsantiago.org\\\/index.php\\\/4-concierto-de-la-legion-santander-28-de-junio-de-2019\\\/#primaryimage\",\"url\":\"https:\\\/\\\/acsantiago.org\\\/wp-content\\\/uploads\\\/2022\\\/04\\\/Cartel.jpg\",\"contentUrl\":\"https:\\\/\\\/acsantiago.org\\\/wp-content\\\/uploads\\\/2022\\\/04\\\/Cartel.jpg\",\"width\":720,\"height\":1014,\"caption\":\"Concierto de la Legi\u00f3n\"},{\"@type\":\"BreadcrumbList\",\"@id\":\"https:\\\/\\\/acsantiago.org\\\/index.php\\\/4-concierto-de-la-legion-santander-28-de-junio-de-2019\\\/#breadcrumb\",\"itemListElement\":[{\"@type\":\"ListItem\",\"position\":1,\"name\":\"Portada\",\"item\":\"https:\\\/\\\/acsantiago.org\\\/\"},{\"@type\":\"ListItem\",\"position\":2,\"name\":\"4.- Concierto de la Legi\u00f3n (Santander, 28 de Junio de 2019)\"}]},{\"@type\":\"WebSite\",\"@id\":\"https:\\\/\\\/acsantiago.org\\\/#website\",\"url\":\"https:\\\/\\\/acsantiago.org\\\/\",\"name\":\"Asociaci\u00f3n Cultural Santiago\",\"description\":\"Just another WordPress site\",\"publisher\":{\"@id\":\"https:\\\/\\\/acsantiago.org\\\/#organization\"},\"potentialAction\":[{\"@type\":\"SearchAction\",\"target\":{\"@type\":\"EntryPoint\",\"urlTemplate\":\"https:\\\/\\\/acsantiago.org\\\/?s={search_term_string}\"},\"query-input\":{\"@type\":\"PropertyValueSpecification\",\"valueRequired\":true,\"valueName\":\"search_term_string\"}}],\"inLanguage\":\"es\"},{\"@type\":\"Organization\",\"@id\":\"https:\\\/\\\/acsantiago.org\\\/#organization\",\"name\":\"Asociaci\u00f3n Cultural Santiago\",\"url\":\"https:\\\/\\\/acsantiago.org\\\/\",\"logo\":{\"@type\":\"ImageObject\",\"inLanguage\":\"es\",\"@id\":\"https:\\\/\\\/acsantiago.org\\\/#\\\/schema\\\/logo\\\/image\\\/\",\"url\":\"https:\\\/\\\/acsantiago.org\\\/wp-content\\\/uploads\\\/2022\\\/02\\\/cropped-cropped-IMG-20220131-WA0001-2.jpg\",\"contentUrl\":\"https:\\\/\\\/acsantiago.org\\\/wp-content\\\/uploads\\\/2022\\\/02\\\/cropped-cropped-IMG-20220131-WA0001-2.jpg\",\"width\":1039,\"height\":989,\"caption\":\"Asociaci\u00f3n Cultural Santiago\"},\"image\":{\"@id\":\"https:\\\/\\\/acsantiago.org\\\/#\\\/schema\\\/logo\\\/image\\\/\"}}]}<\/script>\n<!-- \/ Yoast SEO plugin. -->","yoast_head_json":{"title":"4.- Concierto de la Legi\u00f3n (Santander, 28 de Junio de 2019) - Asociaci\u00f3n Cultural Santiago","robots":{"index":"index","follow":"follow","max-snippet":"max-snippet:-1","max-image-preview":"max-image-preview:large","max-video-preview":"max-video-preview:-1"},"canonical":"https:\/\/acsantiago.org\/index.php\/4-concierto-de-la-legion-santander-28-de-junio-de-2019\/","og_locale":"es_ES","og_type":"article","og_title":"4.- Concierto de la Legi\u00f3n (Santander, 28 de Junio de 2019) - Asociaci\u00f3n Cultural Santiago","og_description":"4.- Concierto de la Legi\u00f3n (Junio 2019) Santander, 28 de Junio de 2019 Uno de los actos m\u00e1s emblem\u00e1ticos desarrollados por esta Asociaci\u00f3n, fue el concierto Legionario celebrado en Santander como acto previo a la celebraci\u00f3n del centenario de esta legendaria unidad. \u00a0\u00a0\u00a0\u00a0\u00a0\u00a0\u00a0\u00a0\u00a0\u00a0\u00a0\u00a0\u00a0\u00a0\u00a0 Durante dos d\u00edas la Legi\u00f3n no solo ofreci\u00f3 un maravilloso concierto a [&hellip;]","og_url":"https:\/\/acsantiago.org\/index.php\/4-concierto-de-la-legion-santander-28-de-junio-de-2019\/","og_site_name":"Asociaci\u00f3n Cultural Santiago","article_modified_time":"2022-05-24T14:21:59+00:00","og_image":[{"url":"https:\/\/acsantiago.org\/wp-content\/uploads\/2022\/04\/Cartel.jpg","type":"","width":"","height":""}],"twitter_card":"summary_large_image","twitter_misc":{"Tiempo de lectura":"2 minutos"},"schema":{"@context":"https:\/\/schema.org","@graph":[{"@type":"WebPage","@id":"https:\/\/acsantiago.org\/index.php\/4-concierto-de-la-legion-santander-28-de-junio-de-2019\/","url":"https:\/\/acsantiago.org\/index.php\/4-concierto-de-la-legion-santander-28-de-junio-de-2019\/","name":"4.- Concierto de la Legi\u00f3n (Santander, 28 de Junio de 2019) - Asociaci\u00f3n Cultural Santiago","isPartOf":{"@id":"https:\/\/acsantiago.org\/#website"},"primaryImageOfPage":{"@id":"https:\/\/acsantiago.org\/index.php\/4-concierto-de-la-legion-santander-28-de-junio-de-2019\/#primaryimage"},"image":{"@id":"https:\/\/acsantiago.org\/index.php\/4-concierto-de-la-legion-santander-28-de-junio-de-2019\/#primaryimage"},"thumbnailUrl":"https:\/\/acsantiago.org\/wp-content\/uploads\/2022\/04\/Cartel.jpg","datePublished":"2022-04-25T16:35:17+00:00","dateModified":"2022-05-24T14:21:59+00:00","breadcrumb":{"@id":"https:\/\/acsantiago.org\/index.php\/4-concierto-de-la-legion-santander-28-de-junio-de-2019\/#breadcrumb"},"inLanguage":"es","potentialAction":[{"@type":"ReadAction","target":["https:\/\/acsantiago.org\/index.php\/4-concierto-de-la-legion-santander-28-de-junio-de-2019\/"]}]},{"@type":"ImageObject","inLanguage":"es","@id":"https:\/\/acsantiago.org\/index.php\/4-concierto-de-la-legion-santander-28-de-junio-de-2019\/#primaryimage","url":"https:\/\/acsantiago.org\/wp-content\/uploads\/2022\/04\/Cartel.jpg","contentUrl":"https:\/\/acsantiago.org\/wp-content\/uploads\/2022\/04\/Cartel.jpg","width":720,"height":1014,"caption":"Concierto de la Legi\u00f3n"},{"@type":"BreadcrumbList","@id":"https:\/\/acsantiago.org\/index.php\/4-concierto-de-la-legion-santander-28-de-junio-de-2019\/#breadcrumb","itemListElement":[{"@type":"ListItem","position":1,"name":"Portada","item":"https:\/\/acsantiago.org\/"},{"@type":"ListItem","position":2,"name":"4.- Concierto de la Legi\u00f3n (Santander, 28 de Junio de 2019)"}]},{"@type":"WebSite","@id":"https:\/\/acsantiago.org\/#website","url":"https:\/\/acsantiago.org\/","name":"Asociaci\u00f3n Cultural Santiago","description":"Just another WordPress site","publisher":{"@id":"https:\/\/acsantiago.org\/#organization"},"potentialAction":[{"@type":"SearchAction","target":{"@type":"EntryPoint","urlTemplate":"https:\/\/acsantiago.org\/?s={search_term_string}"},"query-input":{"@type":"PropertyValueSpecification","valueRequired":true,"valueName":"search_term_string"}}],"inLanguage":"es"},{"@type":"Organization","@id":"https:\/\/acsantiago.org\/#organization","name":"Asociaci\u00f3n Cultural Santiago","url":"https:\/\/acsantiago.org\/","logo":{"@type":"ImageObject","inLanguage":"es","@id":"https:\/\/acsantiago.org\/#\/schema\/logo\/image\/","url":"https:\/\/acsantiago.org\/wp-content\/uploads\/2022\/02\/cropped-cropped-IMG-20220131-WA0001-2.jpg","contentUrl":"https:\/\/acsantiago.org\/wp-content\/uploads\/2022\/02\/cropped-cropped-IMG-20220131-WA0001-2.jpg","width":1039,"height":989,"caption":"Asociaci\u00f3n Cultural Santiago"},"image":{"@id":"https:\/\/acsantiago.org\/#\/schema\/logo\/image\/"}}]}},"amp_enabled":true,"_links":{"self":[{"href":"https:\/\/acsantiago.org\/index.php\/wp-json\/wp\/v2\/pages\/862","targetHints":{"allow":["GET"]}}],"collection":[{"href":"https:\/\/acsantiago.org\/index.php\/wp-json\/wp\/v2\/pages"}],"about":[{"href":"https:\/\/acsantiago.org\/index.php\/wp-json\/wp\/v2\/types\/page"}],"author":[{"embeddable":true,"href":"https:\/\/acsantiago.org\/index.php\/wp-json\/wp\/v2\/users\/1"}],"replies":[{"embeddable":true,"href":"https:\/\/acsantiago.org\/index.php\/wp-json\/wp\/v2\/comments?post=862"}],"version-history":[{"count":26,"href":"https:\/\/acsantiago.org\/index.php\/wp-json\/wp\/v2\/pages\/862\/revisions"}],"predecessor-version":[{"id":1288,"href":"https:\/\/acsantiago.org\/index.php\/wp-json\/wp\/v2\/pages\/862\/revisions\/1288"}],"wp:attachment":[{"href":"https:\/\/acsantiago.org\/index.php\/wp-json\/wp\/v2\/media?parent=862"}],"curies":[{"name":"wp","href":"https:\/\/api.w.org\/{rel}","templated":true}]}}