{"id":826,"date":"2022-04-25T15:47:07","date_gmt":"2022-04-25T15:47:07","guid":{"rendered":"https:\/\/acsantiago.org\/?page_id=826"},"modified":"2023-01-25T15:52:55","modified_gmt":"2023-01-25T15:52:55","slug":"elementor-826","status":"publish","type":"page","link":"https:\/\/acsantiago.org\/index.php\/elementor-826\/","title":{"rendered":"1.- Homenaje a las victimas del terrorismo"},"content":{"rendered":"\t\t<div data-elementor-type=\"wp-page\" data-elementor-id=\"826\" class=\"elementor elementor-826\">\n\t\t\t\t\t\t<section class=\"elementor-section elementor-top-section elementor-element elementor-element-bd88bd7 elementor-section-boxed elementor-section-height-default elementor-section-height-default\" data-id=\"bd88bd7\" data-element_type=\"section\" data-e-type=\"section\">\n\t\t\t\t\t\t<div class=\"elementor-container elementor-column-gap-default\">\n\t\t\t\t\t<div class=\"elementor-column elementor-col-100 elementor-top-column elementor-element elementor-element-67c58ca\" data-id=\"67c58ca\" data-element_type=\"column\" data-e-type=\"column\">\n\t\t\t<div class=\"elementor-widget-wrap elementor-element-populated\">\n\t\t\t\t\t\t<section class=\"elementor-section elementor-inner-section elementor-element elementor-element-703e555 elementor-section-boxed elementor-section-height-default elementor-section-height-default\" data-id=\"703e555\" data-element_type=\"section\" data-e-type=\"section\">\n\t\t\t\t\t\t<div class=\"elementor-container elementor-column-gap-default\">\n\t\t\t\t\t<div class=\"elementor-column elementor-col-50 elementor-inner-column elementor-element elementor-element-9da20d1\" data-id=\"9da20d1\" data-element_type=\"column\" data-e-type=\"column\">\n\t\t\t<div class=\"elementor-widget-wrap elementor-element-populated\">\n\t\t\t\t\t\t<div class=\"elementor-element elementor-element-c69e8fb elementor-widget elementor-widget-image\" data-id=\"c69e8fb\" data-element_type=\"widget\" data-e-type=\"widget\" data-widget_type=\"image.default\">\n\t\t\t\t<div class=\"elementor-widget-container\">\n\t\t\t\t\t\t\t\t\t\t\t\t\t\t\t<img fetchpriority=\"high\" decoding=\"async\" width=\"1024\" height=\"583\" src=\"https:\/\/acsantiago.org\/wp-content\/uploads\/2022\/03\/homenaje_victimas_11-m-1024x583.jpg\" class=\"attachment-large size-large wp-image-167\" alt=\"Homenaje victimas del terrorismo\" srcset=\"https:\/\/acsantiago.org\/wp-content\/uploads\/2022\/03\/homenaje_victimas_11-m-1024x583.jpg 1024w, https:\/\/acsantiago.org\/wp-content\/uploads\/2022\/03\/homenaje_victimas_11-m-300x171.jpg 300w, https:\/\/acsantiago.org\/wp-content\/uploads\/2022\/03\/homenaje_victimas_11-m-768x437.jpg 768w, https:\/\/acsantiago.org\/wp-content\/uploads\/2022\/03\/homenaje_victimas_11-m-1536x875.jpg 1536w, https:\/\/acsantiago.org\/wp-content\/uploads\/2022\/03\/homenaje_victimas_11-m-2048x1166.jpg 2048w\" sizes=\"(max-width: 1024px) 100vw, 1024px\" \/>\t\t\t\t\t\t\t\t\t\t\t\t\t\t\t<\/div>\n\t\t\t\t<\/div>\n\t\t\t\t\t<\/div>\n\t\t<\/div>\n\t\t\t\t<div class=\"elementor-column elementor-col-50 elementor-inner-column elementor-element elementor-element-123e13f\" data-id=\"123e13f\" data-element_type=\"column\" data-e-type=\"column\">\n\t\t\t<div class=\"elementor-widget-wrap elementor-element-populated\">\n\t\t\t\t\t\t<div class=\"elementor-element elementor-element-34d32d7 elementor-widget elementor-widget-text-editor\" data-id=\"34d32d7\" data-element_type=\"widget\" data-e-type=\"widget\" data-widget_type=\"text-editor.default\">\n\t\t\t\t<div class=\"elementor-widget-container\">\n\t\t\t\t\t\t\t\t\t<h3><strong>1.- HOMENAJE A LAS VICTIMAS DEL TERRORISMO (MARZO 2022)<\/strong><\/h3><p><span style=\"color: #333333;\">El pasado 11 de Marzo en la Campa de la Magdalena tuvo lugar el acto de homenaje de las v\u00edctimas del terrorismo, en el que, como no pod\u00eda ser de otra manera estuvimos presentes con una amplia representaci\u00f3n de socios.<\/span><\/p>\t\t\t\t\t\t\t\t<\/div>\n\t\t\t\t<\/div>\n\t\t\t\t\t<\/div>\n\t\t<\/div>\n\t\t\t\t\t<\/div>\n\t\t<\/section>\n\t\t\t\t\t<\/div>\n\t\t<\/div>\n\t\t\t\t\t<\/div>\n\t\t<\/section>\n\t\t\t\t<\/div>\n\t\t","protected":false},"excerpt":{"rendered":"<p>1.- HOMENAJE A LAS VICTIMAS DEL TERRORISMO (MARZO 2022) El pasado 11 de Marzo en la Campa de la Magdalena tuvo lugar el acto de homenaje de las v\u00edctimas del terrorismo, en el que, como no pod\u00eda ser de otra manera estuvimos presentes con una amplia representaci\u00f3n de socios.<\/p>\n","protected":false},"author":1,"featured_media":0,"parent":0,"menu_order":0,"comment_status":"closed","ping_status":"closed","template":"","meta":{"site-sidebar-layout":"no-sidebar","site-content-layout":"page-builder","ast-site-content-layout":"default","site-content-style":"default","site-sidebar-style":"default","ast-global-header-display":"","ast-banner-title-visibility":"","ast-main-header-display":"","ast-hfb-above-header-display":"","ast-hfb-below-header-display":"","ast-hfb-mobile-header-display":"","site-post-title":"disabled","ast-breadcrumbs-content":"","ast-featured-img":"disabled","footer-sml-layout":"","ast-disable-related-posts":"","theme-transparent-header-meta":"","adv-header-id-meta":"","stick-header-meta":"","header-above-stick-meta":"","header-main-stick-meta":"","header-below-stick-meta":"","astra-migrate-meta-layouts":"default","ast-page-background-enabled":"default","ast-page-background-meta":{"desktop":{"background-color":"var(--ast-global-color-4)","background-image":"","background-repeat":"repeat","background-position":"center center","background-size":"auto","background-attachment":"scroll","background-type":"","background-media":"","overlay-type":"","overlay-color":"","overlay-opacity":"","overlay-gradient":""},"tablet":{"background-color":"","background-image":"","background-repeat":"repeat","background-position":"center center","background-size":"auto","background-attachment":"scroll","background-type":"","background-media":"","overlay-type":"","overlay-color":"","overlay-opacity":"","overlay-gradient":""},"mobile":{"background-color":"","background-image":"","background-repeat":"repeat","background-position":"center center","background-size":"auto","background-attachment":"scroll","background-type":"","background-media":"","overlay-type":"","overlay-color":"","overlay-opacity":"","overlay-gradient":""}},"ast-content-background-meta":{"desktop":{"background-color":"var(--ast-global-color-5)","background-image":"","background-repeat":"repeat","background-position":"center center","background-size":"auto","background-attachment":"scroll","background-type":"","background-media":"","overlay-type":"","overlay-color":"","overlay-opacity":"","overlay-gradient":""},"tablet":{"background-color":"var(--ast-global-color-5)","background-image":"","background-repeat":"repeat","background-position":"center center","background-size":"auto","background-attachment":"scroll","background-type":"","background-media":"","overlay-type":"","overlay-color":"","overlay-opacity":"","overlay-gradient":""},"mobile":{"background-color":"var(--ast-global-color-5)","background-image":"","background-repeat":"repeat","background-position":"center center","background-size":"auto","background-attachment":"scroll","background-type":"","background-media":"","overlay-type":"","overlay-color":"","overlay-opacity":"","overlay-gradient":""}},"footnotes":""},"class_list":["post-826","page","type-page","status-publish","hentry"],"yoast_head":"<!-- This site is optimized with the Yoast SEO plugin v27.5 - https:\/\/yoast.com\/product\/yoast-seo-wordpress\/ -->\n<title>1.- Homenaje a las victimas del terrorismo - Asociaci\u00f3n Cultural Santiago<\/title>\n<meta name=\"robots\" content=\"index, follow, max-snippet:-1, max-image-preview:large, max-video-preview:-1\" \/>\n<link rel=\"canonical\" href=\"https:\/\/acsantiago.org\/index.php\/elementor-826\/\" \/>\n<meta property=\"og:locale\" content=\"es_ES\" \/>\n<meta property=\"og:type\" content=\"article\" \/>\n<meta property=\"og:title\" content=\"1.- Homenaje a las victimas del terrorismo - Asociaci\u00f3n Cultural Santiago\" \/>\n<meta property=\"og:description\" content=\"1.- HOMENAJE A LAS VICTIMAS DEL TERRORISMO (MARZO 2022) El pasado 11 de Marzo en la Campa de la Magdalena tuvo lugar el acto de homenaje de las v\u00edctimas del terrorismo, en el que, como no pod\u00eda ser de otra manera estuvimos presentes con una amplia representaci\u00f3n de socios.\" \/>\n<meta property=\"og:url\" content=\"https:\/\/acsantiago.org\/index.php\/elementor-826\/\" \/>\n<meta property=\"og:site_name\" content=\"Asociaci\u00f3n Cultural Santiago\" \/>\n<meta property=\"article:modified_time\" content=\"2023-01-25T15:52:55+00:00\" \/>\n<meta property=\"og:image\" content=\"https:\/\/acsantiago.org\/wp-content\/uploads\/2022\/03\/homenaje_victimas_11-m-1024x583.jpg\" \/>\n<meta name=\"twitter:card\" content=\"summary_large_image\" \/>\n<meta name=\"twitter:label1\" content=\"Tiempo de lectura\" \/>\n\t<meta name=\"twitter:data1\" content=\"1 minuto\" \/>\n<script type=\"application\/ld+json\" class=\"yoast-schema-graph\">{\"@context\":\"https:\\\/\\\/schema.org\",\"@graph\":[{\"@type\":\"WebPage\",\"@id\":\"https:\\\/\\\/acsantiago.org\\\/index.php\\\/elementor-826\\\/\",\"url\":\"https:\\\/\\\/acsantiago.org\\\/index.php\\\/elementor-826\\\/\",\"name\":\"1.- Homenaje a las victimas del terrorismo - Asociaci\u00f3n Cultural Santiago\",\"isPartOf\":{\"@id\":\"https:\\\/\\\/acsantiago.org\\\/#website\"},\"primaryImageOfPage\":{\"@id\":\"https:\\\/\\\/acsantiago.org\\\/index.php\\\/elementor-826\\\/#primaryimage\"},\"image\":{\"@id\":\"https:\\\/\\\/acsantiago.org\\\/index.php\\\/elementor-826\\\/#primaryimage\"},\"thumbnailUrl\":\"https:\\\/\\\/acsantiago.org\\\/wp-content\\\/uploads\\\/2022\\\/03\\\/homenaje_victimas_11-m-1024x583.jpg\",\"datePublished\":\"2022-04-25T15:47:07+00:00\",\"dateModified\":\"2023-01-25T15:52:55+00:00\",\"breadcrumb\":{\"@id\":\"https:\\\/\\\/acsantiago.org\\\/index.php\\\/elementor-826\\\/#breadcrumb\"},\"inLanguage\":\"es\",\"potentialAction\":[{\"@type\":\"ReadAction\",\"target\":[\"https:\\\/\\\/acsantiago.org\\\/index.php\\\/elementor-826\\\/\"]}]},{\"@type\":\"ImageObject\",\"inLanguage\":\"es\",\"@id\":\"https:\\\/\\\/acsantiago.org\\\/index.php\\\/elementor-826\\\/#primaryimage\",\"url\":\"https:\\\/\\\/acsantiago.org\\\/wp-content\\\/uploads\\\/2022\\\/03\\\/homenaje_victimas_11-m-1024x583.jpg\",\"contentUrl\":\"https:\\\/\\\/acsantiago.org\\\/wp-content\\\/uploads\\\/2022\\\/03\\\/homenaje_victimas_11-m-1024x583.jpg\"},{\"@type\":\"BreadcrumbList\",\"@id\":\"https:\\\/\\\/acsantiago.org\\\/index.php\\\/elementor-826\\\/#breadcrumb\",\"itemListElement\":[{\"@type\":\"ListItem\",\"position\":1,\"name\":\"Portada\",\"item\":\"https:\\\/\\\/acsantiago.org\\\/\"},{\"@type\":\"ListItem\",\"position\":2,\"name\":\"1.- Homenaje a las victimas del terrorismo\"}]},{\"@type\":\"WebSite\",\"@id\":\"https:\\\/\\\/acsantiago.org\\\/#website\",\"url\":\"https:\\\/\\\/acsantiago.org\\\/\",\"name\":\"Asociaci\u00f3n Cultural Santiago\",\"description\":\"Just another WordPress site\",\"publisher\":{\"@id\":\"https:\\\/\\\/acsantiago.org\\\/#organization\"},\"potentialAction\":[{\"@type\":\"SearchAction\",\"target\":{\"@type\":\"EntryPoint\",\"urlTemplate\":\"https:\\\/\\\/acsantiago.org\\\/?s={search_term_string}\"},\"query-input\":{\"@type\":\"PropertyValueSpecification\",\"valueRequired\":true,\"valueName\":\"search_term_string\"}}],\"inLanguage\":\"es\"},{\"@type\":\"Organization\",\"@id\":\"https:\\\/\\\/acsantiago.org\\\/#organization\",\"name\":\"Asociaci\u00f3n Cultural Santiago\",\"url\":\"https:\\\/\\\/acsantiago.org\\\/\",\"logo\":{\"@type\":\"ImageObject\",\"inLanguage\":\"es\",\"@id\":\"https:\\\/\\\/acsantiago.org\\\/#\\\/schema\\\/logo\\\/image\\\/\",\"url\":\"https:\\\/\\\/acsantiago.org\\\/wp-content\\\/uploads\\\/2022\\\/02\\\/cropped-cropped-IMG-20220131-WA0001-2.jpg\",\"contentUrl\":\"https:\\\/\\\/acsantiago.org\\\/wp-content\\\/uploads\\\/2022\\\/02\\\/cropped-cropped-IMG-20220131-WA0001-2.jpg\",\"width\":1039,\"height\":989,\"caption\":\"Asociaci\u00f3n Cultural Santiago\"},\"image\":{\"@id\":\"https:\\\/\\\/acsantiago.org\\\/#\\\/schema\\\/logo\\\/image\\\/\"}}]}<\/script>\n<!-- \/ Yoast SEO plugin. -->","yoast_head_json":{"title":"1.- Homenaje a las victimas del terrorismo - Asociaci\u00f3n Cultural Santiago","robots":{"index":"index","follow":"follow","max-snippet":"max-snippet:-1","max-image-preview":"max-image-preview:large","max-video-preview":"max-video-preview:-1"},"canonical":"https:\/\/acsantiago.org\/index.php\/elementor-826\/","og_locale":"es_ES","og_type":"article","og_title":"1.- Homenaje a las victimas del terrorismo - Asociaci\u00f3n Cultural Santiago","og_description":"1.- HOMENAJE A LAS VICTIMAS DEL TERRORISMO (MARZO 2022) El pasado 11 de Marzo en la Campa de la Magdalena tuvo lugar el acto de homenaje de las v\u00edctimas del terrorismo, en el que, como no pod\u00eda ser de otra manera estuvimos presentes con una amplia representaci\u00f3n de socios.","og_url":"https:\/\/acsantiago.org\/index.php\/elementor-826\/","og_site_name":"Asociaci\u00f3n Cultural Santiago","article_modified_time":"2023-01-25T15:52:55+00:00","og_image":[{"url":"https:\/\/acsantiago.org\/wp-content\/uploads\/2022\/03\/homenaje_victimas_11-m-1024x583.jpg","type":"","width":"","height":""}],"twitter_card":"summary_large_image","twitter_misc":{"Tiempo de lectura":"1 minuto"},"schema":{"@context":"https:\/\/schema.org","@graph":[{"@type":"WebPage","@id":"https:\/\/acsantiago.org\/index.php\/elementor-826\/","url":"https:\/\/acsantiago.org\/index.php\/elementor-826\/","name":"1.- Homenaje a las victimas del terrorismo - Asociaci\u00f3n Cultural Santiago","isPartOf":{"@id":"https:\/\/acsantiago.org\/#website"},"primaryImageOfPage":{"@id":"https:\/\/acsantiago.org\/index.php\/elementor-826\/#primaryimage"},"image":{"@id":"https:\/\/acsantiago.org\/index.php\/elementor-826\/#primaryimage"},"thumbnailUrl":"https:\/\/acsantiago.org\/wp-content\/uploads\/2022\/03\/homenaje_victimas_11-m-1024x583.jpg","datePublished":"2022-04-25T15:47:07+00:00","dateModified":"2023-01-25T15:52:55+00:00","breadcrumb":{"@id":"https:\/\/acsantiago.org\/index.php\/elementor-826\/#breadcrumb"},"inLanguage":"es","potentialAction":[{"@type":"ReadAction","target":["https:\/\/acsantiago.org\/index.php\/elementor-826\/"]}]},{"@type":"ImageObject","inLanguage":"es","@id":"https:\/\/acsantiago.org\/index.php\/elementor-826\/#primaryimage","url":"https:\/\/acsantiago.org\/wp-content\/uploads\/2022\/03\/homenaje_victimas_11-m-1024x583.jpg","contentUrl":"https:\/\/acsantiago.org\/wp-content\/uploads\/2022\/03\/homenaje_victimas_11-m-1024x583.jpg"},{"@type":"BreadcrumbList","@id":"https:\/\/acsantiago.org\/index.php\/elementor-826\/#breadcrumb","itemListElement":[{"@type":"ListItem","position":1,"name":"Portada","item":"https:\/\/acsantiago.org\/"},{"@type":"ListItem","position":2,"name":"1.- Homenaje a las victimas del terrorismo"}]},{"@type":"WebSite","@id":"https:\/\/acsantiago.org\/#website","url":"https:\/\/acsantiago.org\/","name":"Asociaci\u00f3n Cultural Santiago","description":"Just another WordPress site","publisher":{"@id":"https:\/\/acsantiago.org\/#organization"},"potentialAction":[{"@type":"SearchAction","target":{"@type":"EntryPoint","urlTemplate":"https:\/\/acsantiago.org\/?s={search_term_string}"},"query-input":{"@type":"PropertyValueSpecification","valueRequired":true,"valueName":"search_term_string"}}],"inLanguage":"es"},{"@type":"Organization","@id":"https:\/\/acsantiago.org\/#organization","name":"Asociaci\u00f3n Cultural Santiago","url":"https:\/\/acsantiago.org\/","logo":{"@type":"ImageObject","inLanguage":"es","@id":"https:\/\/acsantiago.org\/#\/schema\/logo\/image\/","url":"https:\/\/acsantiago.org\/wp-content\/uploads\/2022\/02\/cropped-cropped-IMG-20220131-WA0001-2.jpg","contentUrl":"https:\/\/acsantiago.org\/wp-content\/uploads\/2022\/02\/cropped-cropped-IMG-20220131-WA0001-2.jpg","width":1039,"height":989,"caption":"Asociaci\u00f3n Cultural Santiago"},"image":{"@id":"https:\/\/acsantiago.org\/#\/schema\/logo\/image\/"}}]}},"amp_enabled":true,"_links":{"self":[{"href":"https:\/\/acsantiago.org\/index.php\/wp-json\/wp\/v2\/pages\/826","targetHints":{"allow":["GET"]}}],"collection":[{"href":"https:\/\/acsantiago.org\/index.php\/wp-json\/wp\/v2\/pages"}],"about":[{"href":"https:\/\/acsantiago.org\/index.php\/wp-json\/wp\/v2\/types\/page"}],"author":[{"embeddable":true,"href":"https:\/\/acsantiago.org\/index.php\/wp-json\/wp\/v2\/users\/1"}],"replies":[{"embeddable":true,"href":"https:\/\/acsantiago.org\/index.php\/wp-json\/wp\/v2\/comments?post=826"}],"version-history":[{"count":13,"href":"https:\/\/acsantiago.org\/index.php\/wp-json\/wp\/v2\/pages\/826\/revisions"}],"predecessor-version":[{"id":2198,"href":"https:\/\/acsantiago.org\/index.php\/wp-json\/wp\/v2\/pages\/826\/revisions\/2198"}],"wp:attachment":[{"href":"https:\/\/acsantiago.org\/index.php\/wp-json\/wp\/v2\/media?parent=826"}],"curies":[{"name":"wp","href":"https:\/\/api.w.org\/{rel}","templated":true}]}}