{"id":682,"date":"2022-04-19T16:45:50","date_gmt":"2022-04-19T16:45:50","guid":{"rendered":"https:\/\/acsantiago.org\/?page_id=682"},"modified":"2022-08-01T08:07:10","modified_gmt":"2022-08-01T08:07:10","slug":"4-s4d-marcha-civico-militar","status":"publish","type":"page","link":"https:\/\/acsantiago.org\/index.php\/4-s4d-marcha-civico-militar\/","title":{"rendered":"S4D marcha c\u00edvico-militar"},"content":{"rendered":"\t\t<div data-elementor-type=\"wp-page\" data-elementor-id=\"682\" class=\"elementor elementor-682\">\n\t\t\t\t\t\t<section class=\"elementor-section elementor-top-section elementor-element elementor-element-2d511e8 elementor-section-boxed elementor-section-height-default elementor-section-height-default\" data-id=\"2d511e8\" data-element_type=\"section\" data-e-type=\"section\">\n\t\t\t\t\t\t<div class=\"elementor-container elementor-column-gap-default\">\n\t\t\t\t\t<div class=\"elementor-column elementor-col-100 elementor-top-column elementor-element elementor-element-edc906d\" data-id=\"edc906d\" data-element_type=\"column\" data-e-type=\"column\">\n\t\t\t<div class=\"elementor-widget-wrap elementor-element-populated\">\n\t\t\t\t\t\t<div class=\"elementor-element elementor-element-e4bd4c4 elementor-widget elementor-widget-text-editor\" data-id=\"e4bd4c4\" data-element_type=\"widget\" data-e-type=\"widget\" data-widget_type=\"text-editor.default\">\n\t\t\t\t<div class=\"elementor-widget-container\">\n\t\t\t\t\t\t\t\t\t<h3><strong>S4D Marcha civico-militar<\/strong><\/h3>\t\t\t\t\t\t\t\t<\/div>\n\t\t\t\t<\/div>\n\t\t\t\t\t<\/div>\n\t\t<\/div>\n\t\t\t\t\t<\/div>\n\t\t<\/section>\n\t\t\t\t<section class=\"elementor-section elementor-top-section elementor-element elementor-element-3ae9699d elementor-section-boxed elementor-section-height-default elementor-section-height-default\" data-id=\"3ae9699d\" data-element_type=\"section\" data-e-type=\"section\">\n\t\t\t\t\t\t<div class=\"elementor-container elementor-column-gap-default\">\n\t\t\t\t\t<div class=\"elementor-column elementor-col-100 elementor-top-column elementor-element elementor-element-493d28f1\" data-id=\"493d28f1\" data-element_type=\"column\" data-e-type=\"column\">\n\t\t\t<div class=\"elementor-widget-wrap elementor-element-populated\">\n\t\t\t\t\t\t<div class=\"elementor-element elementor-element-30b750f elementor-widget elementor-widget-text-editor\" data-id=\"30b750f\" data-element_type=\"widget\" data-e-type=\"widget\" data-widget_type=\"text-editor.default\">\n\t\t\t\t<div class=\"elementor-widget-container\">\n\t\t\t\t\t\t\t\t\t<p><\/p>\n<div class=\"wp-block-columns is-layout-flex wp-container-core-columns-is-layout-28f84493 wp-block-columns-is-layout-flex\">\n<p><\/p>\n<div class=\"wp-block-column is-layout-flow wp-block-column-is-layout-flow\">\n<p><\/p>\n<figure class=\"wp-block-image size-full\"><img decoding=\"async\" class=\"aligncenter wp-image-124\" src=\"https:\/\/acsantiago.org\/wp-content\/uploads\/2022\/03\/S4d.jpg\" alt=\"S4D\" width=\"150\" height=\"126\" \/><\/figure>\n<p><\/p>\n<\/div>\n<p><\/p>\n<div class=\"wp-block-column is-layout-flow wp-block-column-is-layout-flow\">\n<p><\/p>\n<p><span style=\"color: #000000;\">El pr\u00f3ximo mes de Junio, del 7 al 10, se celebrar\u00e1 la primera marcha sostenible c\u00edvico-militar, en la que esperamos participara y colaborar y de la que iremos dando puntual informaci\u00f3n.<\/span><\/p>\n<p><span style=\"color: #000000;\"><\/span><\/p>\n<p><span style=\"color: #000000;\">\u00a0\u00a0\u00a0\u00a0\u00a0\u00a0\u00a0\u00a0\u00a0\u00a0\u00a0\u00a0\u00a0\u00a0\u00a0\u00a0\u00a0\u00a0\u00a0\u00a0\u00a0\u00a0\u00a0\u00a0\u00a0\u00a0\u00a0\u00a0\u00a0\u00a0 Acompa\u00f1amos el enlace para todo el que quiera inscribirse o informarse:<\/span> <a href=\"https:\/\/s4d.es\/\" target=\"_blank\" rel=\"noreferrer noopener\">https:\/\/s4d.es\/<\/a><\/p>\n<p><\/p>\n<\/div>\n<p><\/p>\n<\/div>\n<p><\/p>\t\t\t\t\t\t\t\t<\/div>\n\t\t\t\t<\/div>\n\t\t\t\t\t<\/div>\n\t\t<\/div>\n\t\t\t\t\t<\/div>\n\t\t<\/section>\n\t\t\t\t<section class=\"elementor-section elementor-top-section elementor-element elementor-element-3b9a4fe elementor-section-boxed elementor-section-height-default elementor-section-height-default\" data-id=\"3b9a4fe\" data-element_type=\"section\" data-e-type=\"section\">\n\t\t\t\t\t\t<div class=\"elementor-container elementor-column-gap-default\">\n\t\t\t\t\t<div class=\"elementor-column elementor-col-100 elementor-top-column elementor-element elementor-element-fb4fc04\" data-id=\"fb4fc04\" data-element_type=\"column\" data-e-type=\"column\">\n\t\t\t<div class=\"elementor-widget-wrap elementor-element-populated\">\n\t\t\t\t\t\t<div class=\"elementor-element elementor-element-3a9dd1a elementor-widget-divider--view-line_icon elementor-view-default elementor-widget-divider--element-align-center elementor-widget elementor-widget-divider\" data-id=\"3a9dd1a\" data-element_type=\"widget\" data-e-type=\"widget\" data-widget_type=\"divider.default\">\n\t\t\t\t<div class=\"elementor-widget-container\">\n\t\t\t\t\t\t\t<div class=\"elementor-divider\">\n\t\t\t<span class=\"elementor-divider-separator\">\n\t\t\t\t\t\t\t<div class=\"elementor-icon elementor-divider__element\">\n\t\t\t\t\t<i aria-hidden=\"true\" class=\"fas fa-star\"><\/i><\/div>\n\t\t\t\t\t\t<\/span>\n\t\t<\/div>\n\t\t\t\t\t\t<\/div>\n\t\t\t\t<\/div>\n\t\t\t\t\t<\/div>\n\t\t<\/div>\n\t\t\t\t\t<\/div>\n\t\t<\/section>\n\t\t\t\t<section class=\"elementor-section elementor-top-section elementor-element elementor-element-c7d92a5 elementor-section-boxed elementor-section-height-default elementor-section-height-default\" data-id=\"c7d92a5\" data-element_type=\"section\" data-e-type=\"section\">\n\t\t\t\t\t\t<div class=\"elementor-container elementor-column-gap-default\">\n\t\t\t\t\t<div class=\"elementor-column elementor-col-100 elementor-top-column elementor-element elementor-element-ce48ff3\" data-id=\"ce48ff3\" data-element_type=\"column\" data-e-type=\"column\">\n\t\t\t<div class=\"elementor-widget-wrap elementor-element-populated\">\n\t\t\t\t\t\t<div class=\"elementor-element elementor-element-1114172 elementor-widget elementor-widget-text-editor\" data-id=\"1114172\" data-element_type=\"widget\" data-e-type=\"widget\" data-widget_type=\"text-editor.default\">\n\t\t\t\t<div class=\"elementor-widget-container\">\n\t\t\t\t\t\t\t\t\t<p><strong>Los pasados d\u00edas, del 7 al 10 de Junio se celebr\u00f3, como estaba previsto, la 1\u00aa marcha c\u00edvico-militar en Espa\u00f1a bajo la denominaci\u00f3n S4D.<\/strong><\/p>\n<p><b>En la misma intervinieron, junto a los marchadores civiles, miembros de las fuerzas armadas de Italia, Alemania, Francia y Espa\u00f1a. Por parte Espa\u00f1ola es de destacar la presencia de una secci\u00f3n de Regimiento Garellano, una secci\u00f3n de Regimiento \u00abTercio viejo de Sicilia\u00bb (unidad que combati\u00f3 en Lepanto), miembros del ejercito del Aire, infanter\u00eda de Marina, Cuerpo Nacional de Polic\u00eda y el GAR de la Guardia Civil. <\/b><\/p>\n<p><b>En cuanto a los marchadores civiles tenemos que destacar varios grupos de chicas que por su competitividad fueron bautizadas como gal\u00e1cticas entre los intervinientes.<\/b><\/p>\n<p><strong>Durante cuatro d\u00edas, la convivencia fue maravillosa y la confraternizaci\u00f3n fue total.<\/strong><\/p>\n<p><strong>Paralelamente se desarrollaron actos culturales y ben\u00e9ficos, y la marcha finaliz\u00f3 un brillant\u00edsimo acto de entrega de distinciones en la Plaza Porticada de Santander y una marmita solidaria para todos los intervinientes, acompa\u00f1antes y p\u00fablico en general, en el barrio de Tetuan.<\/strong><\/p>\n<p><strong>Sin lugar a dudas a la vista del desarrollo de la misma puede tener una pr\u00f3ximas ediciones brillant\u00edsimas.<\/strong><\/p>\t\t\t\t\t\t\t\t<\/div>\n\t\t\t\t<\/div>\n\t\t\t\t\t<\/div>\n\t\t<\/div>\n\t\t\t\t\t<\/div>\n\t\t<\/section>\n\t\t\t\t<section class=\"elementor-section elementor-top-section elementor-element elementor-element-592f836 elementor-section-boxed elementor-section-height-default elementor-section-height-default\" data-id=\"592f836\" data-element_type=\"section\" data-e-type=\"section\">\n\t\t\t\t\t\t<div class=\"elementor-container elementor-column-gap-default\">\n\t\t\t\t\t<div class=\"elementor-column elementor-col-100 elementor-top-column elementor-element elementor-element-6c91906\" data-id=\"6c91906\" data-element_type=\"column\" data-e-type=\"column\">\n\t\t\t<div class=\"elementor-widget-wrap elementor-element-populated\">\n\t\t\t\t\t\t\t<\/div>\n\t\t<\/div>\n\t\t\t\t\t<\/div>\n\t\t<\/section>\n\t\t\t\t<\/div>\n\t\t","protected":false},"excerpt":{"rendered":"<p>S4D Marcha civico-militar El pr\u00f3ximo mes de Junio, del 7 al 10, se celebrar\u00e1 la primera marcha sostenible c\u00edvico-militar, en la que esperamos participara y colaborar y de la que iremos dando puntual informaci\u00f3n. \u00a0\u00a0\u00a0\u00a0\u00a0\u00a0\u00a0\u00a0\u00a0\u00a0\u00a0\u00a0\u00a0\u00a0\u00a0\u00a0\u00a0\u00a0\u00a0\u00a0\u00a0\u00a0\u00a0\u00a0\u00a0\u00a0\u00a0\u00a0\u00a0\u00a0 Acompa\u00f1amos el enlace para todo el que quiera inscribirse o informarse: https:\/\/s4d.es\/ Los pasados d\u00edas, del 7 al 10 de [&hellip;]<\/p>\n","protected":false},"author":1,"featured_media":0,"parent":0,"menu_order":0,"comment_status":"closed","ping_status":"closed","template":"elementor_header_footer","meta":{"site-sidebar-layout":"default","site-content-layout":"","ast-site-content-layout":"default","site-content-style":"default","site-sidebar-style":"default","ast-global-header-display":"","ast-banner-title-visibility":"","ast-main-header-display":"","ast-hfb-above-header-display":"","ast-hfb-below-header-display":"","ast-hfb-mobile-header-display":"","site-post-title":"","ast-breadcrumbs-content":"","ast-featured-img":"","footer-sml-layout":"","ast-disable-related-posts":"","theme-transparent-header-meta":"","adv-header-id-meta":"","stick-header-meta":"","header-above-stick-meta":"","header-main-stick-meta":"","header-below-stick-meta":"","astra-migrate-meta-layouts":"default","ast-page-background-enabled":"default","ast-page-background-meta":{"desktop":{"background-color":"var(--ast-global-color-4)","background-image":"","background-repeat":"repeat","background-position":"center center","background-size":"auto","background-attachment":"scroll","background-type":"","background-media":"","overlay-type":"","overlay-color":"","overlay-opacity":"","overlay-gradient":""},"tablet":{"background-color":"","background-image":"","background-repeat":"repeat","background-position":"center center","background-size":"auto","background-attachment":"scroll","background-type":"","background-media":"","overlay-type":"","overlay-color":"","overlay-opacity":"","overlay-gradient":""},"mobile":{"background-color":"","background-image":"","background-repeat":"repeat","background-position":"center center","background-size":"auto","background-attachment":"scroll","background-type":"","background-media":"","overlay-type":"","overlay-color":"","overlay-opacity":"","overlay-gradient":""}},"ast-content-background-meta":{"desktop":{"background-color":"var(--ast-global-color-5)","background-image":"","background-repeat":"repeat","background-position":"center center","background-size":"auto","background-attachment":"scroll","background-type":"","background-media":"","overlay-type":"","overlay-color":"","overlay-opacity":"","overlay-gradient":""},"tablet":{"background-color":"var(--ast-global-color-5)","background-image":"","background-repeat":"repeat","background-position":"center center","background-size":"auto","background-attachment":"scroll","background-type":"","background-media":"","overlay-type":"","overlay-color":"","overlay-opacity":"","overlay-gradient":""},"mobile":{"background-color":"var(--ast-global-color-5)","background-image":"","background-repeat":"repeat","background-position":"center center","background-size":"auto","background-attachment":"scroll","background-type":"","background-media":"","overlay-type":"","overlay-color":"","overlay-opacity":"","overlay-gradient":""}},"footnotes":""},"class_list":["post-682","page","type-page","status-publish","hentry"],"yoast_head":"<!-- This site is optimized with the Yoast SEO plugin v27.4 - https:\/\/yoast.com\/product\/yoast-seo-wordpress\/ -->\n<title>S4D marcha c\u00edvico-militar - Asociaci\u00f3n Cultural Santiago<\/title>\n<meta name=\"robots\" content=\"index, follow, max-snippet:-1, max-image-preview:large, max-video-preview:-1\" \/>\n<link rel=\"canonical\" href=\"https:\/\/acsantiago.org\/index.php\/4-s4d-marcha-civico-militar\/\" \/>\n<meta property=\"og:locale\" content=\"es_ES\" \/>\n<meta property=\"og:type\" content=\"article\" \/>\n<meta property=\"og:title\" content=\"S4D marcha c\u00edvico-militar - Asociaci\u00f3n Cultural Santiago\" \/>\n<meta property=\"og:description\" content=\"S4D Marcha civico-militar El pr\u00f3ximo mes de Junio, del 7 al 10, se celebrar\u00e1 la primera marcha sostenible c\u00edvico-militar, en la que esperamos participara y colaborar y de la que iremos dando puntual informaci\u00f3n. \u00a0\u00a0\u00a0\u00a0\u00a0\u00a0\u00a0\u00a0\u00a0\u00a0\u00a0\u00a0\u00a0\u00a0\u00a0\u00a0\u00a0\u00a0\u00a0\u00a0\u00a0\u00a0\u00a0\u00a0\u00a0\u00a0\u00a0\u00a0\u00a0\u00a0 Acompa\u00f1amos el enlace para todo el que quiera inscribirse o informarse: https:\/\/s4d.es\/ Los pasados d\u00edas, del 7 al 10 de [&hellip;]\" \/>\n<meta property=\"og:url\" content=\"https:\/\/acsantiago.org\/index.php\/4-s4d-marcha-civico-militar\/\" \/>\n<meta property=\"og:site_name\" content=\"Asociaci\u00f3n Cultural Santiago\" \/>\n<meta property=\"article:modified_time\" content=\"2022-08-01T08:07:10+00:00\" \/>\n<meta property=\"og:image\" content=\"https:\/\/acsantiago.org\/wp-content\/uploads\/2022\/03\/S4d.jpg\" \/>\n<meta name=\"twitter:card\" content=\"summary_large_image\" \/>\n<meta name=\"twitter:label1\" content=\"Tiempo de lectura\" \/>\n\t<meta name=\"twitter:data1\" content=\"2 minutos\" \/>\n<script type=\"application\/ld+json\" class=\"yoast-schema-graph\">{\"@context\":\"https:\\\/\\\/schema.org\",\"@graph\":[{\"@type\":\"WebPage\",\"@id\":\"https:\\\/\\\/acsantiago.org\\\/index.php\\\/4-s4d-marcha-civico-militar\\\/\",\"url\":\"https:\\\/\\\/acsantiago.org\\\/index.php\\\/4-s4d-marcha-civico-militar\\\/\",\"name\":\"S4D marcha c\u00edvico-militar - Asociaci\u00f3n Cultural Santiago\",\"isPartOf\":{\"@id\":\"https:\\\/\\\/acsantiago.org\\\/#website\"},\"primaryImageOfPage\":{\"@id\":\"https:\\\/\\\/acsantiago.org\\\/index.php\\\/4-s4d-marcha-civico-militar\\\/#primaryimage\"},\"image\":{\"@id\":\"https:\\\/\\\/acsantiago.org\\\/index.php\\\/4-s4d-marcha-civico-militar\\\/#primaryimage\"},\"thumbnailUrl\":\"https:\\\/\\\/acsantiago.org\\\/wp-content\\\/uploads\\\/2022\\\/03\\\/S4d.jpg\",\"datePublished\":\"2022-04-19T16:45:50+00:00\",\"dateModified\":\"2022-08-01T08:07:10+00:00\",\"breadcrumb\":{\"@id\":\"https:\\\/\\\/acsantiago.org\\\/index.php\\\/4-s4d-marcha-civico-militar\\\/#breadcrumb\"},\"inLanguage\":\"es\",\"potentialAction\":[{\"@type\":\"ReadAction\",\"target\":[\"https:\\\/\\\/acsantiago.org\\\/index.php\\\/4-s4d-marcha-civico-militar\\\/\"]}]},{\"@type\":\"ImageObject\",\"inLanguage\":\"es\",\"@id\":\"https:\\\/\\\/acsantiago.org\\\/index.php\\\/4-s4d-marcha-civico-militar\\\/#primaryimage\",\"url\":\"https:\\\/\\\/acsantiago.org\\\/wp-content\\\/uploads\\\/2022\\\/03\\\/S4d.jpg\",\"contentUrl\":\"https:\\\/\\\/acsantiago.org\\\/wp-content\\\/uploads\\\/2022\\\/03\\\/S4d.jpg\",\"width\":295,\"height\":247,\"caption\":\"S4D\"},{\"@type\":\"BreadcrumbList\",\"@id\":\"https:\\\/\\\/acsantiago.org\\\/index.php\\\/4-s4d-marcha-civico-militar\\\/#breadcrumb\",\"itemListElement\":[{\"@type\":\"ListItem\",\"position\":1,\"name\":\"Portada\",\"item\":\"https:\\\/\\\/acsantiago.org\\\/\"},{\"@type\":\"ListItem\",\"position\":2,\"name\":\"S4D marcha c\u00edvico-militar\"}]},{\"@type\":\"WebSite\",\"@id\":\"https:\\\/\\\/acsantiago.org\\\/#website\",\"url\":\"https:\\\/\\\/acsantiago.org\\\/\",\"name\":\"Asociaci\u00f3n Cultural Santiago\",\"description\":\"Just another WordPress site\",\"publisher\":{\"@id\":\"https:\\\/\\\/acsantiago.org\\\/#organization\"},\"potentialAction\":[{\"@type\":\"SearchAction\",\"target\":{\"@type\":\"EntryPoint\",\"urlTemplate\":\"https:\\\/\\\/acsantiago.org\\\/?s={search_term_string}\"},\"query-input\":{\"@type\":\"PropertyValueSpecification\",\"valueRequired\":true,\"valueName\":\"search_term_string\"}}],\"inLanguage\":\"es\"},{\"@type\":\"Organization\",\"@id\":\"https:\\\/\\\/acsantiago.org\\\/#organization\",\"name\":\"Asociaci\u00f3n Cultural Santiago\",\"url\":\"https:\\\/\\\/acsantiago.org\\\/\",\"logo\":{\"@type\":\"ImageObject\",\"inLanguage\":\"es\",\"@id\":\"https:\\\/\\\/acsantiago.org\\\/#\\\/schema\\\/logo\\\/image\\\/\",\"url\":\"https:\\\/\\\/acsantiago.org\\\/wp-content\\\/uploads\\\/2022\\\/02\\\/cropped-cropped-IMG-20220131-WA0001-2.jpg\",\"contentUrl\":\"https:\\\/\\\/acsantiago.org\\\/wp-content\\\/uploads\\\/2022\\\/02\\\/cropped-cropped-IMG-20220131-WA0001-2.jpg\",\"width\":1039,\"height\":989,\"caption\":\"Asociaci\u00f3n Cultural Santiago\"},\"image\":{\"@id\":\"https:\\\/\\\/acsantiago.org\\\/#\\\/schema\\\/logo\\\/image\\\/\"}}]}<\/script>\n<!-- \/ Yoast SEO plugin. -->","yoast_head_json":{"title":"S4D marcha c\u00edvico-militar - Asociaci\u00f3n Cultural Santiago","robots":{"index":"index","follow":"follow","max-snippet":"max-snippet:-1","max-image-preview":"max-image-preview:large","max-video-preview":"max-video-preview:-1"},"canonical":"https:\/\/acsantiago.org\/index.php\/4-s4d-marcha-civico-militar\/","og_locale":"es_ES","og_type":"article","og_title":"S4D marcha c\u00edvico-militar - Asociaci\u00f3n Cultural Santiago","og_description":"S4D Marcha civico-militar El pr\u00f3ximo mes de Junio, del 7 al 10, se celebrar\u00e1 la primera marcha sostenible c\u00edvico-militar, en la que esperamos participara y colaborar y de la que iremos dando puntual informaci\u00f3n. \u00a0\u00a0\u00a0\u00a0\u00a0\u00a0\u00a0\u00a0\u00a0\u00a0\u00a0\u00a0\u00a0\u00a0\u00a0\u00a0\u00a0\u00a0\u00a0\u00a0\u00a0\u00a0\u00a0\u00a0\u00a0\u00a0\u00a0\u00a0\u00a0\u00a0 Acompa\u00f1amos el enlace para todo el que quiera inscribirse o informarse: https:\/\/s4d.es\/ Los pasados d\u00edas, del 7 al 10 de [&hellip;]","og_url":"https:\/\/acsantiago.org\/index.php\/4-s4d-marcha-civico-militar\/","og_site_name":"Asociaci\u00f3n Cultural Santiago","article_modified_time":"2022-08-01T08:07:10+00:00","og_image":[{"url":"https:\/\/acsantiago.org\/wp-content\/uploads\/2022\/03\/S4d.jpg","type":"","width":"","height":""}],"twitter_card":"summary_large_image","twitter_misc":{"Tiempo de lectura":"2 minutos"},"schema":{"@context":"https:\/\/schema.org","@graph":[{"@type":"WebPage","@id":"https:\/\/acsantiago.org\/index.php\/4-s4d-marcha-civico-militar\/","url":"https:\/\/acsantiago.org\/index.php\/4-s4d-marcha-civico-militar\/","name":"S4D marcha c\u00edvico-militar - Asociaci\u00f3n Cultural Santiago","isPartOf":{"@id":"https:\/\/acsantiago.org\/#website"},"primaryImageOfPage":{"@id":"https:\/\/acsantiago.org\/index.php\/4-s4d-marcha-civico-militar\/#primaryimage"},"image":{"@id":"https:\/\/acsantiago.org\/index.php\/4-s4d-marcha-civico-militar\/#primaryimage"},"thumbnailUrl":"https:\/\/acsantiago.org\/wp-content\/uploads\/2022\/03\/S4d.jpg","datePublished":"2022-04-19T16:45:50+00:00","dateModified":"2022-08-01T08:07:10+00:00","breadcrumb":{"@id":"https:\/\/acsantiago.org\/index.php\/4-s4d-marcha-civico-militar\/#breadcrumb"},"inLanguage":"es","potentialAction":[{"@type":"ReadAction","target":["https:\/\/acsantiago.org\/index.php\/4-s4d-marcha-civico-militar\/"]}]},{"@type":"ImageObject","inLanguage":"es","@id":"https:\/\/acsantiago.org\/index.php\/4-s4d-marcha-civico-militar\/#primaryimage","url":"https:\/\/acsantiago.org\/wp-content\/uploads\/2022\/03\/S4d.jpg","contentUrl":"https:\/\/acsantiago.org\/wp-content\/uploads\/2022\/03\/S4d.jpg","width":295,"height":247,"caption":"S4D"},{"@type":"BreadcrumbList","@id":"https:\/\/acsantiago.org\/index.php\/4-s4d-marcha-civico-militar\/#breadcrumb","itemListElement":[{"@type":"ListItem","position":1,"name":"Portada","item":"https:\/\/acsantiago.org\/"},{"@type":"ListItem","position":2,"name":"S4D marcha c\u00edvico-militar"}]},{"@type":"WebSite","@id":"https:\/\/acsantiago.org\/#website","url":"https:\/\/acsantiago.org\/","name":"Asociaci\u00f3n Cultural Santiago","description":"Just another WordPress site","publisher":{"@id":"https:\/\/acsantiago.org\/#organization"},"potentialAction":[{"@type":"SearchAction","target":{"@type":"EntryPoint","urlTemplate":"https:\/\/acsantiago.org\/?s={search_term_string}"},"query-input":{"@type":"PropertyValueSpecification","valueRequired":true,"valueName":"search_term_string"}}],"inLanguage":"es"},{"@type":"Organization","@id":"https:\/\/acsantiago.org\/#organization","name":"Asociaci\u00f3n Cultural Santiago","url":"https:\/\/acsantiago.org\/","logo":{"@type":"ImageObject","inLanguage":"es","@id":"https:\/\/acsantiago.org\/#\/schema\/logo\/image\/","url":"https:\/\/acsantiago.org\/wp-content\/uploads\/2022\/02\/cropped-cropped-IMG-20220131-WA0001-2.jpg","contentUrl":"https:\/\/acsantiago.org\/wp-content\/uploads\/2022\/02\/cropped-cropped-IMG-20220131-WA0001-2.jpg","width":1039,"height":989,"caption":"Asociaci\u00f3n Cultural Santiago"},"image":{"@id":"https:\/\/acsantiago.org\/#\/schema\/logo\/image\/"}}]}},"amp_enabled":false,"_links":{"self":[{"href":"https:\/\/acsantiago.org\/index.php\/wp-json\/wp\/v2\/pages\/682","targetHints":{"allow":["GET"]}}],"collection":[{"href":"https:\/\/acsantiago.org\/index.php\/wp-json\/wp\/v2\/pages"}],"about":[{"href":"https:\/\/acsantiago.org\/index.php\/wp-json\/wp\/v2\/types\/page"}],"author":[{"embeddable":true,"href":"https:\/\/acsantiago.org\/index.php\/wp-json\/wp\/v2\/users\/1"}],"replies":[{"embeddable":true,"href":"https:\/\/acsantiago.org\/index.php\/wp-json\/wp\/v2\/comments?post=682"}],"version-history":[{"count":43,"href":"https:\/\/acsantiago.org\/index.php\/wp-json\/wp\/v2\/pages\/682\/revisions"}],"predecessor-version":[{"id":1568,"href":"https:\/\/acsantiago.org\/index.php\/wp-json\/wp\/v2\/pages\/682\/revisions\/1568"}],"wp:attachment":[{"href":"https:\/\/acsantiago.org\/index.php\/wp-json\/wp\/v2\/media?parent=682"}],"curies":[{"name":"wp","href":"https:\/\/api.w.org\/{rel}","templated":true}]}}