{"id":52,"date":"2022-02-28T19:59:23","date_gmt":"2022-02-28T19:59:23","guid":{"rendered":"https:\/\/acsantiago.org\/?page_id=52"},"modified":"2024-11-26T12:44:24","modified_gmt":"2024-11-26T12:44:24","slug":"quienes-somos","status":"publish","type":"page","link":"https:\/\/acsantiago.org\/index.php\/quienes-somos\/","title":{"rendered":"\u00bfQui\u00e9nes somos?"},"content":{"rendered":"\t\t<div data-elementor-type=\"wp-page\" data-elementor-id=\"52\" class=\"elementor elementor-52\">\n\t\t\t\t\t\t<section class=\"elementor-section elementor-top-section elementor-element elementor-element-4c45d8c8 elementor-section-boxed elementor-section-height-default elementor-section-height-default\" data-id=\"4c45d8c8\" data-element_type=\"section\" data-e-type=\"section\">\n\t\t\t\t\t\t<div class=\"elementor-container elementor-column-gap-default\">\n\t\t\t\t\t<div class=\"elementor-column elementor-col-100 elementor-top-column elementor-element elementor-element-77ffc5c6\" data-id=\"77ffc5c6\" data-element_type=\"column\" data-e-type=\"column\">\n\t\t\t<div class=\"elementor-widget-wrap elementor-element-populated\">\n\t\t\t\t\t\t<div class=\"elementor-element elementor-element-3b88ba4b elementor-widget elementor-widget-text-editor\" data-id=\"3b88ba4b\" data-element_type=\"widget\" data-e-type=\"widget\" data-widget_type=\"text-editor.default\">\n\t\t\t\t<div class=\"elementor-widget-container\">\n\t\t\t\t\t\t\t\t\t\n<div class=\"wp-block-columns is-layout-flex wp-container-core-columns-is-layout-28f84493 wp-block-columns-is-layout-flex\">\n<div class=\"wp-block-column is-layout-flow wp-block-column-is-layout-flow\">\n<figure class=\"wp-block-image size-full\"><img fetchpriority=\"high\" decoding=\"async\" width=\"650\" height=\"366\" class=\"wp-image-80\" src=\"https:\/\/acsantiago.org\/wp-content\/uploads\/2022\/03\/Foto-1.png\" alt=\"\" srcset=\"https:\/\/acsantiago.org\/wp-content\/uploads\/2022\/03\/Foto-1.png 650w, https:\/\/acsantiago.org\/wp-content\/uploads\/2022\/03\/Foto-1-300x169.png 300w\" sizes=\"(max-width: 650px) 100vw, 650px\" \/>\n<figcaption><strong>Teniente de Infanter\u00eda, <\/strong><br \/><strong>Caballero Legionario Arturo Mu\u00f1oz Castellanos<\/strong><\/figcaption>\n<\/figure>\n<\/div>\n\n<div class=\"wp-block-column is-layout-flow wp-block-column-is-layout-flow\">\n<figure class=\"wp-block-table\">\n<table>\n<tbody>\n<tr>\n<th scope=\"col\">LA ASOCIACI\u00d3N<\/th>\n<\/tr>\n<tr>\n<td>La Asociaci\u00f3n Cultural Santiago, es una entidad de car\u00e1cter civil sin \u00e1nimo de lucro con origen en la comunidad aut\u00f3noma de Cantabria e inscrita en la Secci\u00f3n Primera del Registro de Asociaciones de dicha Instituci\u00f3n con el n\u00famero 1825 y cuyos Estatutos se hallan adaptados a la vigente LO 1\/2002 de 22 de marzo que, desde sus inicios hasta hoy, ha mantenido como m\u00e1xima y objetivo fundamental el propiciar la mayor incardinaci\u00f3n posible entre la sociedad civil espa\u00f1ola y sus Fuerzas Armadas y Cuerpos y Fuerzas de la Seguridad del Estado.<\/td>\n<\/tr>\n<\/tbody>\n<\/table>\n<\/figure>\n<\/div>\n<\/div>\n\n<p>Actividad a la que, a\u00fan siendo conscientes como somos, de las carencias y limitaciones con que contamos, dedicamos parte de nuestro tiempo y esfuerzo personal con la\u00a0 \u00fanica satisfacci\u00f3n de compartir, como as\u00ed ha sido reflejado en numerosas ocasiones por una gran parte de la sociedad espa\u00f1ola, el reconocimiento y alta estima que poseen, en el conjunto de los valores sociales, \u00e9ticos y morales m\u00e1s significativos, los representados por estos servidores del Estado que, d\u00eda a d\u00eda, en infinidad de ocasiones en condiciones de riesgo y adversidad, desarrollan sus cometidos con lealtad a los principios emanados de la Constituci\u00f3n Espa\u00f1ola y de nuestro ordenamiento jur\u00eddico.<\/p>\n\n<p>.Los or\u00edgenes de nuestra asociaci\u00f3n se remontan al a\u00f1o 1993 como consecuencia de un doloroso acontecimiento ocurrido en Bosnia i Herzegovina como fue la tr\u00e1gica muerte en acto de servicio del Teniente de Infanter\u00eda, Caballero Legionario Arturo Mu\u00f1oz Castellanos, cuando este realizaba un 13 de mayo del citado a\u00f1o, como miembro del contingente armado espa\u00f1ol destacado en la zona, tareas de protecci\u00f3n de un transporte sanitario que portaba plasma sangu\u00edneo a un centro hospitalario de la antigua Yugoslavia. Ese tr\u00e1gico suceso se convirti\u00f3 en el detonante e impulso creador de la Asociaci\u00f3n Cultural Santiago. Desde aquel entonces hasta hoy, esta entidad ha venido manteniendo y desarrollando sus actividades con el apoyo de instituciones, entidades, y sobre todo, an\u00f3nimos ciudadanos espa\u00f1oles que, bien individualmente o en su condici\u00f3n de miembros de otros colectivos culturales, sociales o institucionales, han compartido y contribuido de m\u00faltiples maneras a ese objetivo com\u00fan. Especial atenci\u00f3n se presta desde la Asociaci\u00f3n Cultural Santiago, a los hijos y familiares de miembros de las Fuerzas Armadas y Cuerpos y Fuerzas de la Seguridad del Estado fallecidos en acto de servicio, a quienes, con car\u00e1cter anual, van destinadas diversas Bolsas de Ayuda Econ\u00f3mica. Paralelamente, desde esta entidad se prestan actuaciones de informaci\u00f3n y asesoramiento a cuantos j\u00f3venes desean dirigir sus pasos y miras vocacionales y laborales hacia las Fuerzas Armadas profesionales o a los Cuerpos y Fuerzas de Seguridad del Estado. Actuaciones que se han visto posteriormente complementadas con la materializaci\u00f3n de diversas campa\u00f1as sociales dirigidas a la recogida y posterior env\u00edo de material diverso entre los que se hallan alimentos, productos de atenci\u00f3n socio sanitaria y equipamiento hospitalario, ropa, material docente y educativo, con destino a la atenci\u00f3n de las necesidades b\u00e1sicas de la poblaci\u00f3n civil de pa\u00edses y zonas en situaci\u00f3n de emergencia o de conflicto, en los que desarrollan actividades m\u00faltiples miembros de las FF.AA. y FSE, as\u00ed como ONG espa\u00f1olas. Estas campa\u00f1as persiguen un doble objetivo, por un lado la atenci\u00f3n espec\u00edfica de las necesidades b\u00e1sicas de la poblaci\u00f3n civil y, por otro, el potenciar la actuaci\u00f3n humanitaria de los miembros de nuestros ej\u00e9rcitos y cuerpos de seguridad destacados en la zona elevando con ello el prestigio de sus integrantes y por extensi\u00f3n el de Espa\u00f1a en su conjunto, por cuanto que la distribuci\u00f3n y entrega, as\u00ed como la supervisi\u00f3n y cumplimiento de los objetivos de atenci\u00f3n humanitaria marcados por nuestra entidad, son en su totalidad, dirigidos y avalados por aquellos. Estos env\u00edos son cursados desde Espa\u00f1a a trav\u00e9s de los acuartelamientos generales de las Fuerzas espa\u00f1olas presentes en los pa\u00edses en conflicto.<\/p>\n\n<div class=\"wp-block-columns is-layout-flex wp-container-core-columns-is-layout-28f84493 wp-block-columns-is-layout-flex\">\n<div class=\"wp-block-column is-layout-flow wp-block-column-is-layout-flow\">\n<figure class=\"wp-block-image size-large\"><img decoding=\"async\" width=\"1024\" height=\"768\" class=\"wp-image-114\" src=\"https:\/\/acsantiago.org\/wp-content\/uploads\/2022\/03\/Foto-2-1024x768.jpg\" alt=\"\" srcset=\"https:\/\/acsantiago.org\/wp-content\/uploads\/2022\/03\/Foto-2-1024x768.jpg 1024w, https:\/\/acsantiago.org\/wp-content\/uploads\/2022\/03\/Foto-2-300x225.jpg 300w, https:\/\/acsantiago.org\/wp-content\/uploads\/2022\/03\/Foto-2-768x576.jpg 768w, https:\/\/acsantiago.org\/wp-content\/uploads\/2022\/03\/Foto-2-1536x1152.jpg 1536w, https:\/\/acsantiago.org\/wp-content\/uploads\/2022\/03\/Foto-2.jpg 1706w\" sizes=\"(max-width: 1024px) 100vw, 1024px\" \/><\/figure>\n<\/div>\n\n<div class=\"wp-block-column is-layout-flow wp-block-column-is-layout-flow\">\n<p>En el transcurso de los \u00faltimos a\u00f1os, cuantas actividades estatutariamente contempladas \u2013conferencias, campa\u00f1as sociales, exposiciones, ayuda humanitaria internacional,\u00a0 campa\u00f1as formativas, etc.,- han sido acometidas por \u00e9sta entidad, bien por s\u00ed y de manera directa o, con la colaboraci\u00f3n de otras organizaciones, entidades o instituciones han alcanzado notable relieve social\u00a0 complementado con un id\u00e9ntico reflejo en los medios de comunicaci\u00f3n social, donde, con car\u00e1cter peri\u00f3dico esta entidad recibe una especial atenci\u00f3n a sus iniciativas.<\/p>\n\n<p>\u00a0<\/p>\n<\/div>\n<\/div>\n\n<p>Uno de los actos m\u00e1s significativos y que a la vez concita la presencia de gran n\u00famero de asistentes se desarrolla en la localidad de Gama (Cantabria), consistente en la entrega por parte de \u00e9sta entidad en el denominado \u201cD\u00eda de la Asociaci\u00f3n\u201d,\u00a0 a otros tantos beneficiarios, de las distinciones anuales con las que la Asociaci\u00f3n Cultural Santiago reconoce el esfuerzo profesional, humano y personal de representantes de miembros de las FF.AA y FCSE as\u00ed como de organismos, entidades e instituciones y de la propia sociedad civil en pos de la consecuci\u00f3n de los objetivos y fines estatutariamente contemplados por nuestra entidad.<\/p>\n\n<p>En este acto abierto al p\u00fablico en general y que se desarrolla con la presencia de las principales autoridades regionales se procede a la imposici\u00f3n y entrega de las distinciones concedidas al igual que de las distintas Bolsas de Ayuda Econ\u00f3mica dirigidas a hu\u00e9rfanos de miembros de las FF.AA y FCSE fallecidos en acto de servicio cuyos candidatos lo son a propuesta de los distintos Patronatos de Hu\u00e9rfanos de los tres ej\u00e9rcitos al igual que por la Jefatura de Zona de la Guardia Civil y por la Jefatura Superior de Polic\u00eda\u00a0 en Cantabria.<\/p>\n<hr class=\"wp-block-separator\" \/>\n<div class=\"wp-block-columns is-layout-flex wp-container-core-columns-is-layout-28f84493 wp-block-columns-is-layout-flex\">\n<div class=\"wp-block-column is-layout-flow wp-block-column-is-layout-flow\">\n<p>\u00a0<\/p>\n<\/div>\n<\/div>\n\t\t\t\t\t\t\t\t<\/div>\n\t\t\t\t<\/div>\n\t\t\t\t\t<\/div>\n\t\t<\/div>\n\t\t\t\t\t<\/div>\n\t\t<\/section>\n\t\t\t\t<\/div>\n\t\t","protected":false},"excerpt":{"rendered":"<p>LA ASOCIACI\u00d3N La Asociaci\u00f3n Cultural Santiago, es una entidad de car\u00e1cter civil sin \u00e1nimo de lucro con origen en la comunidad aut\u00f3noma de Cantabria e inscrita en la Secci\u00f3n Primera del Registro de Asociaciones de dicha Instituci\u00f3n con el n\u00famero 1825 y cuyos Estatutos se hallan adaptados a la vigente LO 1\/2002 de 22 de [&hellip;]<\/p>\n","protected":false},"author":1,"featured_media":0,"parent":0,"menu_order":0,"comment_status":"closed","ping_status":"closed","template":"","meta":{"site-sidebar-layout":"default","site-content-layout":"","ast-site-content-layout":"default","site-content-style":"default","site-sidebar-style":"default","ast-global-header-display":"","ast-banner-title-visibility":"","ast-main-header-display":"","ast-hfb-above-header-display":"","ast-hfb-below-header-display":"","ast-hfb-mobile-header-display":"disabled","site-post-title":"disabled","ast-breadcrumbs-content":"","ast-featured-img":"","footer-sml-layout":"","ast-disable-related-posts":"","theme-transparent-header-meta":"","adv-header-id-meta":"","stick-header-meta":"","header-above-stick-meta":"","header-main-stick-meta":"","header-below-stick-meta":"","astra-migrate-meta-layouts":"default","ast-page-background-enabled":"default","ast-page-background-meta":{"desktop":{"background-color":"var(--ast-global-color-4)","background-image":"","background-repeat":"repeat","background-position":"center center","background-size":"auto","background-attachment":"scroll","background-type":"","background-media":"","overlay-type":"","overlay-color":"","overlay-opacity":"","overlay-gradient":""},"tablet":{"background-color":"","background-image":"","background-repeat":"repeat","background-position":"center center","background-size":"auto","background-attachment":"scroll","background-type":"","background-media":"","overlay-type":"","overlay-color":"","overlay-opacity":"","overlay-gradient":""},"mobile":{"background-color":"","background-image":"","background-repeat":"repeat","background-position":"center center","background-size":"auto","background-attachment":"scroll","background-type":"","background-media":"","overlay-type":"","overlay-color":"","overlay-opacity":"","overlay-gradient":""}},"ast-content-background-meta":{"desktop":{"background-color":"var(--ast-global-color-5)","background-image":"","background-repeat":"repeat","background-position":"center center","background-size":"auto","background-attachment":"scroll","background-type":"","background-media":"","overlay-type":"","overlay-color":"","overlay-opacity":"","overlay-gradient":""},"tablet":{"background-color":"var(--ast-global-color-5)","background-image":"","background-repeat":"repeat","background-position":"center center","background-size":"auto","background-attachment":"scroll","background-type":"","background-media":"","overlay-type":"","overlay-color":"","overlay-opacity":"","overlay-gradient":""},"mobile":{"background-color":"var(--ast-global-color-5)","background-image":"","background-repeat":"repeat","background-position":"center center","background-size":"auto","background-attachment":"scroll","background-type":"","background-media":"","overlay-type":"","overlay-color":"","overlay-opacity":"","overlay-gradient":""}},"footnotes":""},"class_list":["post-52","page","type-page","status-publish","hentry"],"yoast_head":"<!-- This site is optimized with the Yoast SEO plugin v27.2 - https:\/\/yoast.com\/product\/yoast-seo-wordpress\/ -->\n<title>\u00bfQui\u00e9nes somos? - Asociaci\u00f3n Cultural Santiago<\/title>\n<meta name=\"robots\" content=\"index, follow, max-snippet:-1, max-image-preview:large, max-video-preview:-1\" \/>\n<link rel=\"canonical\" href=\"https:\/\/acsantiago.org\/index.php\/quienes-somos\/\" \/>\n<meta property=\"og:locale\" content=\"es_ES\" \/>\n<meta property=\"og:type\" content=\"article\" \/>\n<meta property=\"og:title\" content=\"\u00bfQui\u00e9nes somos? - Asociaci\u00f3n Cultural Santiago\" \/>\n<meta property=\"og:description\" content=\"LA ASOCIACI\u00d3N La Asociaci\u00f3n Cultural Santiago, es una entidad de car\u00e1cter civil sin \u00e1nimo de lucro con origen en la comunidad aut\u00f3noma de Cantabria e inscrita en la Secci\u00f3n Primera del Registro de Asociaciones de dicha Instituci\u00f3n con el n\u00famero 1825 y cuyos Estatutos se hallan adaptados a la vigente LO 1\/2002 de 22 de [&hellip;]\" \/>\n<meta property=\"og:url\" content=\"https:\/\/acsantiago.org\/index.php\/quienes-somos\/\" \/>\n<meta property=\"og:site_name\" content=\"Asociaci\u00f3n Cultural Santiago\" \/>\n<meta property=\"article:modified_time\" content=\"2024-11-26T12:44:24+00:00\" \/>\n<meta property=\"og:image\" content=\"https:\/\/acsantiago.org\/wp-content\/uploads\/2022\/03\/Foto-1.png\" \/>\n<meta name=\"twitter:card\" content=\"summary_large_image\" \/>\n<meta name=\"twitter:label1\" content=\"Tiempo de lectura\" \/>\n\t<meta name=\"twitter:data1\" content=\"5 minutos\" \/>\n<script type=\"application\/ld+json\" class=\"yoast-schema-graph\">{\"@context\":\"https:\/\/schema.org\",\"@graph\":[{\"@type\":\"WebPage\",\"@id\":\"https:\/\/acsantiago.org\/index.php\/quienes-somos\/\",\"url\":\"https:\/\/acsantiago.org\/index.php\/quienes-somos\/\",\"name\":\"\u00bfQui\u00e9nes somos? - Asociaci\u00f3n Cultural Santiago\",\"isPartOf\":{\"@id\":\"https:\/\/acsantiago.org\/#website\"},\"primaryImageOfPage\":{\"@id\":\"https:\/\/acsantiago.org\/index.php\/quienes-somos\/#primaryimage\"},\"image\":{\"@id\":\"https:\/\/acsantiago.org\/index.php\/quienes-somos\/#primaryimage\"},\"thumbnailUrl\":\"https:\/\/acsantiago.org\/wp-content\/uploads\/2022\/03\/Foto-1.png\",\"datePublished\":\"2022-02-28T19:59:23+00:00\",\"dateModified\":\"2024-11-26T12:44:24+00:00\",\"breadcrumb\":{\"@id\":\"https:\/\/acsantiago.org\/index.php\/quienes-somos\/#breadcrumb\"},\"inLanguage\":\"es\",\"potentialAction\":[{\"@type\":\"ReadAction\",\"target\":[\"https:\/\/acsantiago.org\/index.php\/quienes-somos\/\"]}]},{\"@type\":\"ImageObject\",\"inLanguage\":\"es\",\"@id\":\"https:\/\/acsantiago.org\/index.php\/quienes-somos\/#primaryimage\",\"url\":\"https:\/\/acsantiago.org\/wp-content\/uploads\/2022\/03\/Foto-1.png\",\"contentUrl\":\"https:\/\/acsantiago.org\/wp-content\/uploads\/2022\/03\/Foto-1.png\",\"width\":650,\"height\":366},{\"@type\":\"BreadcrumbList\",\"@id\":\"https:\/\/acsantiago.org\/index.php\/quienes-somos\/#breadcrumb\",\"itemListElement\":[{\"@type\":\"ListItem\",\"position\":1,\"name\":\"Portada\",\"item\":\"https:\/\/acsantiago.org\/\"},{\"@type\":\"ListItem\",\"position\":2,\"name\":\"\u00bfQui\u00e9nes somos?\"}]},{\"@type\":\"WebSite\",\"@id\":\"https:\/\/acsantiago.org\/#website\",\"url\":\"https:\/\/acsantiago.org\/\",\"name\":\"Asociaci\u00f3n Cultural Santiago\",\"description\":\"Just another WordPress site\",\"publisher\":{\"@id\":\"https:\/\/acsantiago.org\/#organization\"},\"potentialAction\":[{\"@type\":\"SearchAction\",\"target\":{\"@type\":\"EntryPoint\",\"urlTemplate\":\"https:\/\/acsantiago.org\/?s={search_term_string}\"},\"query-input\":{\"@type\":\"PropertyValueSpecification\",\"valueRequired\":true,\"valueName\":\"search_term_string\"}}],\"inLanguage\":\"es\"},{\"@type\":\"Organization\",\"@id\":\"https:\/\/acsantiago.org\/#organization\",\"name\":\"Asociaci\u00f3n Cultural Santiago\",\"url\":\"https:\/\/acsantiago.org\/\",\"logo\":{\"@type\":\"ImageObject\",\"inLanguage\":\"es\",\"@id\":\"https:\/\/acsantiago.org\/#\/schema\/logo\/image\/\",\"url\":\"https:\/\/acsantiago.org\/wp-content\/uploads\/2022\/02\/cropped-cropped-IMG-20220131-WA0001-2.jpg\",\"contentUrl\":\"https:\/\/acsantiago.org\/wp-content\/uploads\/2022\/02\/cropped-cropped-IMG-20220131-WA0001-2.jpg\",\"width\":1039,\"height\":989,\"caption\":\"Asociaci\u00f3n Cultural Santiago\"},\"image\":{\"@id\":\"https:\/\/acsantiago.org\/#\/schema\/logo\/image\/\"}}]}<\/script>\n<!-- \/ Yoast SEO plugin. -->","yoast_head_json":{"title":"\u00bfQui\u00e9nes somos? - Asociaci\u00f3n Cultural Santiago","robots":{"index":"index","follow":"follow","max-snippet":"max-snippet:-1","max-image-preview":"max-image-preview:large","max-video-preview":"max-video-preview:-1"},"canonical":"https:\/\/acsantiago.org\/index.php\/quienes-somos\/","og_locale":"es_ES","og_type":"article","og_title":"\u00bfQui\u00e9nes somos? - Asociaci\u00f3n Cultural Santiago","og_description":"LA ASOCIACI\u00d3N La Asociaci\u00f3n Cultural Santiago, es una entidad de car\u00e1cter civil sin \u00e1nimo de lucro con origen en la comunidad aut\u00f3noma de Cantabria e inscrita en la Secci\u00f3n Primera del Registro de Asociaciones de dicha Instituci\u00f3n con el n\u00famero 1825 y cuyos Estatutos se hallan adaptados a la vigente LO 1\/2002 de 22 de [&hellip;]","og_url":"https:\/\/acsantiago.org\/index.php\/quienes-somos\/","og_site_name":"Asociaci\u00f3n Cultural Santiago","article_modified_time":"2024-11-26T12:44:24+00:00","og_image":[{"url":"https:\/\/acsantiago.org\/wp-content\/uploads\/2022\/03\/Foto-1.png","type":"","width":"","height":""}],"twitter_card":"summary_large_image","twitter_misc":{"Tiempo de lectura":"5 minutos"},"schema":{"@context":"https:\/\/schema.org","@graph":[{"@type":"WebPage","@id":"https:\/\/acsantiago.org\/index.php\/quienes-somos\/","url":"https:\/\/acsantiago.org\/index.php\/quienes-somos\/","name":"\u00bfQui\u00e9nes somos? - Asociaci\u00f3n Cultural Santiago","isPartOf":{"@id":"https:\/\/acsantiago.org\/#website"},"primaryImageOfPage":{"@id":"https:\/\/acsantiago.org\/index.php\/quienes-somos\/#primaryimage"},"image":{"@id":"https:\/\/acsantiago.org\/index.php\/quienes-somos\/#primaryimage"},"thumbnailUrl":"https:\/\/acsantiago.org\/wp-content\/uploads\/2022\/03\/Foto-1.png","datePublished":"2022-02-28T19:59:23+00:00","dateModified":"2024-11-26T12:44:24+00:00","breadcrumb":{"@id":"https:\/\/acsantiago.org\/index.php\/quienes-somos\/#breadcrumb"},"inLanguage":"es","potentialAction":[{"@type":"ReadAction","target":["https:\/\/acsantiago.org\/index.php\/quienes-somos\/"]}]},{"@type":"ImageObject","inLanguage":"es","@id":"https:\/\/acsantiago.org\/index.php\/quienes-somos\/#primaryimage","url":"https:\/\/acsantiago.org\/wp-content\/uploads\/2022\/03\/Foto-1.png","contentUrl":"https:\/\/acsantiago.org\/wp-content\/uploads\/2022\/03\/Foto-1.png","width":650,"height":366},{"@type":"BreadcrumbList","@id":"https:\/\/acsantiago.org\/index.php\/quienes-somos\/#breadcrumb","itemListElement":[{"@type":"ListItem","position":1,"name":"Portada","item":"https:\/\/acsantiago.org\/"},{"@type":"ListItem","position":2,"name":"\u00bfQui\u00e9nes somos?"}]},{"@type":"WebSite","@id":"https:\/\/acsantiago.org\/#website","url":"https:\/\/acsantiago.org\/","name":"Asociaci\u00f3n Cultural Santiago","description":"Just another WordPress site","publisher":{"@id":"https:\/\/acsantiago.org\/#organization"},"potentialAction":[{"@type":"SearchAction","target":{"@type":"EntryPoint","urlTemplate":"https:\/\/acsantiago.org\/?s={search_term_string}"},"query-input":{"@type":"PropertyValueSpecification","valueRequired":true,"valueName":"search_term_string"}}],"inLanguage":"es"},{"@type":"Organization","@id":"https:\/\/acsantiago.org\/#organization","name":"Asociaci\u00f3n Cultural Santiago","url":"https:\/\/acsantiago.org\/","logo":{"@type":"ImageObject","inLanguage":"es","@id":"https:\/\/acsantiago.org\/#\/schema\/logo\/image\/","url":"https:\/\/acsantiago.org\/wp-content\/uploads\/2022\/02\/cropped-cropped-IMG-20220131-WA0001-2.jpg","contentUrl":"https:\/\/acsantiago.org\/wp-content\/uploads\/2022\/02\/cropped-cropped-IMG-20220131-WA0001-2.jpg","width":1039,"height":989,"caption":"Asociaci\u00f3n Cultural Santiago"},"image":{"@id":"https:\/\/acsantiago.org\/#\/schema\/logo\/image\/"}}]}},"amp_enabled":true,"_links":{"self":[{"href":"https:\/\/acsantiago.org\/index.php\/wp-json\/wp\/v2\/pages\/52","targetHints":{"allow":["GET"]}}],"collection":[{"href":"https:\/\/acsantiago.org\/index.php\/wp-json\/wp\/v2\/pages"}],"about":[{"href":"https:\/\/acsantiago.org\/index.php\/wp-json\/wp\/v2\/types\/page"}],"author":[{"embeddable":true,"href":"https:\/\/acsantiago.org\/index.php\/wp-json\/wp\/v2\/users\/1"}],"replies":[{"embeddable":true,"href":"https:\/\/acsantiago.org\/index.php\/wp-json\/wp\/v2\/comments?post=52"}],"version-history":[{"count":13,"href":"https:\/\/acsantiago.org\/index.php\/wp-json\/wp\/v2\/pages\/52\/revisions"}],"predecessor-version":[{"id":2911,"href":"https:\/\/acsantiago.org\/index.php\/wp-json\/wp\/v2\/pages\/52\/revisions\/2911"}],"wp:attachment":[{"href":"https:\/\/acsantiago.org\/index.php\/wp-json\/wp\/v2\/media?parent=52"}],"curies":[{"name":"wp","href":"https:\/\/api.w.org\/{rel}","templated":true}]}}