{"id":2756,"date":"2024-09-02T08:48:44","date_gmt":"2024-09-02T08:48:44","guid":{"rendered":"https:\/\/acsantiago.org\/?page_id=2756"},"modified":"2024-11-25T11:36:31","modified_gmt":"2024-11-25T11:36:31","slug":"presentacion-dia-de-la-asociacion-2024","status":"publish","type":"page","link":"https:\/\/acsantiago.org\/index.php\/presentacion-dia-de-la-asociacion-2024\/","title":{"rendered":"Presentaci\u00f3n \u00abDIA DE LA ASOCIACION 2024\u00bb"},"content":{"rendered":"\t\t<div data-elementor-type=\"wp-page\" data-elementor-id=\"2756\" class=\"elementor elementor-2756\">\n\t\t\t\t\t\t<section class=\"elementor-section elementor-top-section elementor-element elementor-element-4eb87f5 elementor-section-boxed elementor-section-height-default elementor-section-height-default\" data-id=\"4eb87f5\" data-element_type=\"section\" data-e-type=\"section\">\n\t\t\t\t\t\t<div class=\"elementor-container elementor-column-gap-default\">\n\t\t\t\t\t<div class=\"elementor-column elementor-col-100 elementor-top-column elementor-element elementor-element-fe05b21\" data-id=\"fe05b21\" data-element_type=\"column\" data-e-type=\"column\">\n\t\t\t<div class=\"elementor-widget-wrap elementor-element-populated\">\n\t\t\t\t\t\t<div class=\"elementor-element elementor-element-07212b8 elementor-widget elementor-widget-text-editor\" data-id=\"07212b8\" data-element_type=\"widget\" data-e-type=\"widget\" data-widget_type=\"text-editor.default\">\n\t\t\t\t<div class=\"elementor-widget-container\">\n\t\t\t\t\t\t\t\t\t<h6><strong>Los Actos del d\u00eda de la Asociaci\u00f3n Cultural Santiago se celebrar\u00e1n (D.M) el pr\u00f3ximo s\u00e1bado 5 de Octubre de 2024 a las 12:00, como es tradicional, en la Iglesia de Santa Mar\u00eda de Gama (Cantabria).<\/strong><\/h6><h6><strong>A la finalizaci\u00f3n de la Santa Misa en honor de Santiago Ap\u00f3stol, patr\u00f3n de Espa\u00f1a y de la Asociaci\u00f3n, que se aplicar\u00e1 por el alma de los fallecidos de la Asociaci\u00f3n Cultural Santiago y de las fuerzas armadas y fuerzas y cuerpos de seguridad del Estado; se entregar\u00e1n las distinciones a quienes se han hecho merecedores a las mismas, as\u00ed como las bolsas de ayuda econ\u00f3mica a hu\u00e9rfanos de las fuerzas armadas.<\/strong><\/h6>\t\t\t\t\t\t\t\t<\/div>\n\t\t\t\t<\/div>\n\t\t\t\t\t<\/div>\n\t\t<\/div>\n\t\t\t\t\t<\/div>\n\t\t<\/section>\n\t\t\t\t<section class=\"elementor-section elementor-top-section elementor-element elementor-element-4607dcb elementor-section-boxed elementor-section-height-default elementor-section-height-default\" data-id=\"4607dcb\" data-element_type=\"section\" data-e-type=\"section\">\n\t\t\t\t\t\t<div class=\"elementor-container elementor-column-gap-default\">\n\t\t\t\t\t<div class=\"elementor-column elementor-col-100 elementor-top-column elementor-element elementor-element-6361bf5\" data-id=\"6361bf5\" data-element_type=\"column\" data-e-type=\"column\">\n\t\t\t<div class=\"elementor-widget-wrap elementor-element-populated\">\n\t\t\t\t\t\t<div class=\"elementor-element elementor-element-bf35413 elementor-widget elementor-widget-image\" data-id=\"bf35413\" data-element_type=\"widget\" data-e-type=\"widget\" data-widget_type=\"image.default\">\n\t\t\t\t<div class=\"elementor-widget-container\">\n\t\t\t\t\t\t\t\t\t\t\t\t\t\t\t<img fetchpriority=\"high\" decoding=\"async\" width=\"768\" height=\"358\" src=\"https:\/\/acsantiago.org\/wp-content\/uploads\/2024\/09\/Invitacion-768x358.jpeg\" class=\"attachment-medium_large size-medium_large wp-image-2765\" alt=\"\" srcset=\"https:\/\/acsantiago.org\/wp-content\/uploads\/2024\/09\/Invitacion-768x358.jpeg 768w, https:\/\/acsantiago.org\/wp-content\/uploads\/2024\/09\/Invitacion-300x140.jpeg 300w, https:\/\/acsantiago.org\/wp-content\/uploads\/2024\/09\/Invitacion-1024x477.jpeg 1024w, https:\/\/acsantiago.org\/wp-content\/uploads\/2024\/09\/Invitacion-1536x715.jpeg 1536w, https:\/\/acsantiago.org\/wp-content\/uploads\/2024\/09\/Invitacion.jpeg 1600w\" sizes=\"(max-width: 768px) 100vw, 768px\" \/>\t\t\t\t\t\t\t\t\t\t\t\t\t\t\t<\/div>\n\t\t\t\t<\/div>\n\t\t\t\t\t<\/div>\n\t\t<\/div>\n\t\t\t\t\t<\/div>\n\t\t<\/section>\n\t\t\t\t<section class=\"elementor-section elementor-top-section elementor-element elementor-element-e11b574 elementor-section-boxed elementor-section-height-default elementor-section-height-default\" data-id=\"e11b574\" data-element_type=\"section\" data-e-type=\"section\">\n\t\t\t\t\t\t<div class=\"elementor-container elementor-column-gap-default\">\n\t\t\t\t\t<div class=\"elementor-column elementor-col-100 elementor-top-column elementor-element elementor-element-b7d36cb\" data-id=\"b7d36cb\" data-element_type=\"column\" data-e-type=\"column\">\n\t\t\t<div class=\"elementor-widget-wrap elementor-element-populated\">\n\t\t\t\t\t\t<div class=\"elementor-element elementor-element-6b94578 elementor-button-info elementor-widget elementor-widget-button\" data-id=\"6b94578\" data-element_type=\"widget\" data-e-type=\"widget\" data-widget_type=\"button.default\">\n\t\t\t\t<div class=\"elementor-widget-container\">\n\t\t\t\t\t\t\t\t\t<div class=\"elementor-button-wrapper\">\n\t\t\t\t\t<a class=\"elementor-button elementor-button-link elementor-size-sm\" href=\"https:\/\/acsantiago.org\/wp-content\/uploads\/2024\/09\/Programa.pdf\" target=\"_blank\">\n\t\t\t\t\t\t<span class=\"elementor-button-content-wrapper\">\n\t\t\t\t\t\t\t\t\t<span class=\"elementor-button-text\">Programa d\u00eda de la Asocici\u00f3n 2024<\/span>\n\t\t\t\t\t<\/span>\n\t\t\t\t\t<\/a>\n\t\t\t\t<\/div>\n\t\t\t\t\t\t\t\t<\/div>\n\t\t\t\t<\/div>\n\t\t\t\t\t<\/div>\n\t\t<\/div>\n\t\t\t\t\t<\/div>\n\t\t<\/section>\n\t\t\t\t<section class=\"elementor-section elementor-top-section elementor-element elementor-element-d19fa73 elementor-section-boxed elementor-section-height-default elementor-section-height-default\" data-id=\"d19fa73\" data-element_type=\"section\" data-e-type=\"section\">\n\t\t\t\t\t\t<div class=\"elementor-container elementor-column-gap-default\">\n\t\t\t\t\t<div class=\"elementor-column elementor-col-100 elementor-top-column elementor-element elementor-element-e2c2a58\" data-id=\"e2c2a58\" data-element_type=\"column\" data-e-type=\"column\">\n\t\t\t<div class=\"elementor-widget-wrap elementor-element-populated\">\n\t\t\t\t\t\t<div class=\"elementor-element elementor-element-b4c0b9f elementor-arrows-position-inside elementor-pagination-position-outside elementor-widget elementor-widget-image-carousel\" data-id=\"b4c0b9f\" data-element_type=\"widget\" data-e-type=\"widget\" data-settings=\"{&quot;navigation&quot;:&quot;both&quot;,&quot;autoplay&quot;:&quot;yes&quot;,&quot;pause_on_hover&quot;:&quot;yes&quot;,&quot;pause_on_interaction&quot;:&quot;yes&quot;,&quot;autoplay_speed&quot;:5000,&quot;infinite&quot;:&quot;yes&quot;,&quot;speed&quot;:500}\" data-widget_type=\"image-carousel.default\">\n\t\t\t\t<div class=\"elementor-widget-container\">\n\t\t\t\t\t\t\t<div class=\"elementor-image-carousel-wrapper swiper\" role=\"region\" aria-roledescription=\"carousel\" aria-label=\"Carrusel de im\u00e1genes\" dir=\"ltr\">\n\t\t\t<div class=\"elementor-image-carousel swiper-wrapper\" aria-live=\"off\">\n\t\t\t\t\t\t\t\t<div class=\"swiper-slide\" role=\"group\" aria-roledescription=\"slide\" aria-label=\"1 de 7\"><figure class=\"swiper-slide-inner\"><img decoding=\"async\" class=\"swiper-slide-image\" src=\"https:\/\/acsantiago.org\/wp-content\/uploads\/2024\/09\/1-206x300.jpeg\" alt=\"1\" \/><\/figure><\/div><div class=\"swiper-slide\" role=\"group\" aria-roledescription=\"slide\" aria-label=\"2 de 7\"><figure class=\"swiper-slide-inner\"><img decoding=\"async\" class=\"swiper-slide-image\" src=\"https:\/\/acsantiago.org\/wp-content\/uploads\/2024\/09\/2-212x300.jpeg\" alt=\"2\" \/><\/figure><\/div><div class=\"swiper-slide\" role=\"group\" aria-roledescription=\"slide\" aria-label=\"3 de 7\"><figure class=\"swiper-slide-inner\"><img decoding=\"async\" class=\"swiper-slide-image\" src=\"https:\/\/acsantiago.org\/wp-content\/uploads\/2024\/09\/3-208x300.jpeg\" alt=\"3\" \/><\/figure><\/div><div class=\"swiper-slide\" role=\"group\" aria-roledescription=\"slide\" aria-label=\"4 de 7\"><figure class=\"swiper-slide-inner\"><img decoding=\"async\" class=\"swiper-slide-image\" src=\"https:\/\/acsantiago.org\/wp-content\/uploads\/2024\/09\/4-211x300.jpeg\" alt=\"4\" \/><\/figure><\/div><div class=\"swiper-slide\" role=\"group\" aria-roledescription=\"slide\" aria-label=\"5 de 7\"><figure class=\"swiper-slide-inner\"><img decoding=\"async\" class=\"swiper-slide-image\" src=\"https:\/\/acsantiago.org\/wp-content\/uploads\/2024\/09\/5-209x300.jpeg\" alt=\"5\" \/><\/figure><\/div><div class=\"swiper-slide\" role=\"group\" aria-roledescription=\"slide\" aria-label=\"6 de 7\"><figure class=\"swiper-slide-inner\"><img decoding=\"async\" class=\"swiper-slide-image\" src=\"https:\/\/acsantiago.org\/wp-content\/uploads\/2024\/09\/6-215x300.jpeg\" alt=\"6\" \/><\/figure><\/div><div class=\"swiper-slide\" role=\"group\" aria-roledescription=\"slide\" aria-label=\"7 de 7\"><figure class=\"swiper-slide-inner\"><img decoding=\"async\" class=\"swiper-slide-image\" src=\"https:\/\/acsantiago.org\/wp-content\/uploads\/2024\/09\/7-211x300.jpeg\" alt=\"D\u00eda de la Asociaci\u00f3n 2024\" \/><\/figure><\/div>\t\t\t<\/div>\n\t\t\t\t\t\t\t\t\t\t\t\t<div class=\"elementor-swiper-button elementor-swiper-button-prev\" role=\"button\" tabindex=\"0\">\n\t\t\t\t\t\t<i aria-hidden=\"true\" class=\"eicon-chevron-left\"><\/i>\t\t\t\t\t<\/div>\n\t\t\t\t\t<div class=\"elementor-swiper-button elementor-swiper-button-next\" role=\"button\" tabindex=\"0\">\n\t\t\t\t\t\t<i aria-hidden=\"true\" class=\"eicon-chevron-right\"><\/i>\t\t\t\t\t<\/div>\n\t\t\t\t\n\t\t\t\t\t\t\t\t\t<div class=\"swiper-pagination\"><\/div>\n\t\t\t\t\t\t\t\t\t<\/div>\n\t\t\t\t\t\t<\/div>\n\t\t\t\t<\/div>\n\t\t\t\t\t<\/div>\n\t\t<\/div>\n\t\t\t\t\t<\/div>\n\t\t<\/section>\n\t\t\t\t<\/div>\n\t\t","protected":false},"excerpt":{"rendered":"<p>Los Actos del d\u00eda de la Asociaci\u00f3n Cultural Santiago se celebrar\u00e1n (D.M) el pr\u00f3ximo s\u00e1bado 5 de Octubre de 2024 a las 12:00, como es tradicional, en la Iglesia de Santa Mar\u00eda de Gama (Cantabria). A la finalizaci\u00f3n de la Santa Misa en honor de Santiago Ap\u00f3stol, patr\u00f3n de Espa\u00f1a y de la Asociaci\u00f3n, que [&hellip;]<\/p>\n","protected":false},"author":1,"featured_media":0,"parent":0,"menu_order":0,"comment_status":"closed","ping_status":"closed","template":"","meta":{"site-sidebar-layout":"no-sidebar","site-content-layout":"page-builder","ast-site-content-layout":"full-width-container","site-content-style":"default","site-sidebar-style":"default","ast-global-header-display":"","ast-banner-title-visibility":"","ast-main-header-display":"","ast-hfb-above-header-display":"","ast-hfb-below-header-display":"","ast-hfb-mobile-header-display":"","site-post-title":"disabled","ast-breadcrumbs-content":"","ast-featured-img":"disabled","footer-sml-layout":"","ast-disable-related-posts":"","theme-transparent-header-meta":"","adv-header-id-meta":"","stick-header-meta":"","header-above-stick-meta":"","header-main-stick-meta":"","header-below-stick-meta":"","astra-migrate-meta-layouts":"set","ast-page-background-enabled":"default","ast-page-background-meta":{"desktop":{"background-color":"var(--ast-global-color-4)","background-image":"","background-repeat":"repeat","background-position":"center center","background-size":"auto","background-attachment":"scroll","background-type":"","background-media":"","overlay-type":"","overlay-color":"","overlay-opacity":"","overlay-gradient":""},"tablet":{"background-color":"","background-image":"","background-repeat":"repeat","background-position":"center center","background-size":"auto","background-attachment":"scroll","background-type":"","background-media":"","overlay-type":"","overlay-color":"","overlay-opacity":"","overlay-gradient":""},"mobile":{"background-color":"","background-image":"","background-repeat":"repeat","background-position":"center center","background-size":"auto","background-attachment":"scroll","background-type":"","background-media":"","overlay-type":"","overlay-color":"","overlay-opacity":"","overlay-gradient":""}},"ast-content-background-meta":{"desktop":{"background-color":"var(--ast-global-color-5)","background-image":"","background-repeat":"repeat","background-position":"center center","background-size":"auto","background-attachment":"scroll","background-type":"","background-media":"","overlay-type":"","overlay-color":"","overlay-opacity":"","overlay-gradient":""},"tablet":{"background-color":"var(--ast-global-color-5)","background-image":"","background-repeat":"repeat","background-position":"center center","background-size":"auto","background-attachment":"scroll","background-type":"","background-media":"","overlay-type":"","overlay-color":"","overlay-opacity":"","overlay-gradient":""},"mobile":{"background-color":"var(--ast-global-color-5)","background-image":"","background-repeat":"repeat","background-position":"center center","background-size":"auto","background-attachment":"scroll","background-type":"","background-media":"","overlay-type":"","overlay-color":"","overlay-opacity":"","overlay-gradient":""}},"footnotes":""},"class_list":["post-2756","page","type-page","status-publish","hentry"],"yoast_head":"<!-- This site is optimized with the Yoast SEO plugin v27.2 - https:\/\/yoast.com\/product\/yoast-seo-wordpress\/ -->\n<title>Presentaci\u00f3n &quot;DIA DE LA ASOCIACION 2024&quot; - Asociaci\u00f3n Cultural Santiago<\/title>\n<meta name=\"robots\" content=\"index, follow, max-snippet:-1, max-image-preview:large, max-video-preview:-1\" \/>\n<link rel=\"canonical\" href=\"https:\/\/acsantiago.org\/index.php\/presentacion-dia-de-la-asociacion-2024\/\" \/>\n<meta property=\"og:locale\" content=\"es_ES\" \/>\n<meta property=\"og:type\" content=\"article\" \/>\n<meta property=\"og:title\" content=\"Presentaci\u00f3n &quot;DIA DE LA ASOCIACION 2024&quot; - Asociaci\u00f3n Cultural Santiago\" \/>\n<meta property=\"og:description\" content=\"Los Actos del d\u00eda de la Asociaci\u00f3n Cultural Santiago se celebrar\u00e1n (D.M) el pr\u00f3ximo s\u00e1bado 5 de Octubre de 2024 a las 12:00, como es tradicional, en la Iglesia de Santa Mar\u00eda de Gama (Cantabria). A la finalizaci\u00f3n de la Santa Misa en honor de Santiago Ap\u00f3stol, patr\u00f3n de Espa\u00f1a y de la Asociaci\u00f3n, que [&hellip;]\" \/>\n<meta property=\"og:url\" content=\"https:\/\/acsantiago.org\/index.php\/presentacion-dia-de-la-asociacion-2024\/\" \/>\n<meta property=\"og:site_name\" content=\"Asociaci\u00f3n Cultural Santiago\" \/>\n<meta property=\"article:modified_time\" content=\"2024-11-25T11:36:31+00:00\" \/>\n<meta property=\"og:image\" content=\"https:\/\/acsantiago.org\/wp-content\/uploads\/2024\/09\/Invitacion-768x358.jpeg\" \/>\n<meta name=\"twitter:card\" content=\"summary_large_image\" \/>\n<meta name=\"twitter:label1\" content=\"Tiempo de lectura\" \/>\n\t<meta name=\"twitter:data1\" content=\"4 minutos\" \/>\n<script type=\"application\/ld+json\" class=\"yoast-schema-graph\">{\"@context\":\"https:\/\/schema.org\",\"@graph\":[{\"@type\":\"WebPage\",\"@id\":\"https:\/\/acsantiago.org\/index.php\/presentacion-dia-de-la-asociacion-2024\/\",\"url\":\"https:\/\/acsantiago.org\/index.php\/presentacion-dia-de-la-asociacion-2024\/\",\"name\":\"Presentaci\u00f3n \\\"DIA DE LA ASOCIACION 2024\\\" - Asociaci\u00f3n Cultural Santiago\",\"isPartOf\":{\"@id\":\"https:\/\/acsantiago.org\/#website\"},\"primaryImageOfPage\":{\"@id\":\"https:\/\/acsantiago.org\/index.php\/presentacion-dia-de-la-asociacion-2024\/#primaryimage\"},\"image\":{\"@id\":\"https:\/\/acsantiago.org\/index.php\/presentacion-dia-de-la-asociacion-2024\/#primaryimage\"},\"thumbnailUrl\":\"https:\/\/acsantiago.org\/wp-content\/uploads\/2024\/09\/Invitacion-768x358.jpeg\",\"datePublished\":\"2024-09-02T08:48:44+00:00\",\"dateModified\":\"2024-11-25T11:36:31+00:00\",\"breadcrumb\":{\"@id\":\"https:\/\/acsantiago.org\/index.php\/presentacion-dia-de-la-asociacion-2024\/#breadcrumb\"},\"inLanguage\":\"es\",\"potentialAction\":[{\"@type\":\"ReadAction\",\"target\":[\"https:\/\/acsantiago.org\/index.php\/presentacion-dia-de-la-asociacion-2024\/\"]}]},{\"@type\":\"ImageObject\",\"inLanguage\":\"es\",\"@id\":\"https:\/\/acsantiago.org\/index.php\/presentacion-dia-de-la-asociacion-2024\/#primaryimage\",\"url\":\"https:\/\/acsantiago.org\/wp-content\/uploads\/2024\/09\/Invitacion.jpeg\",\"contentUrl\":\"https:\/\/acsantiago.org\/wp-content\/uploads\/2024\/09\/Invitacion.jpeg\",\"width\":1600,\"height\":745},{\"@type\":\"BreadcrumbList\",\"@id\":\"https:\/\/acsantiago.org\/index.php\/presentacion-dia-de-la-asociacion-2024\/#breadcrumb\",\"itemListElement\":[{\"@type\":\"ListItem\",\"position\":1,\"name\":\"Portada\",\"item\":\"https:\/\/acsantiago.org\/\"},{\"@type\":\"ListItem\",\"position\":2,\"name\":\"Presentaci\u00f3n \u00abDIA DE LA ASOCIACION 2024\u00bb\"}]},{\"@type\":\"WebSite\",\"@id\":\"https:\/\/acsantiago.org\/#website\",\"url\":\"https:\/\/acsantiago.org\/\",\"name\":\"Asociaci\u00f3n Cultural Santiago\",\"description\":\"Just another WordPress site\",\"publisher\":{\"@id\":\"https:\/\/acsantiago.org\/#organization\"},\"potentialAction\":[{\"@type\":\"SearchAction\",\"target\":{\"@type\":\"EntryPoint\",\"urlTemplate\":\"https:\/\/acsantiago.org\/?s={search_term_string}\"},\"query-input\":{\"@type\":\"PropertyValueSpecification\",\"valueRequired\":true,\"valueName\":\"search_term_string\"}}],\"inLanguage\":\"es\"},{\"@type\":\"Organization\",\"@id\":\"https:\/\/acsantiago.org\/#organization\",\"name\":\"Asociaci\u00f3n Cultural Santiago\",\"url\":\"https:\/\/acsantiago.org\/\",\"logo\":{\"@type\":\"ImageObject\",\"inLanguage\":\"es\",\"@id\":\"https:\/\/acsantiago.org\/#\/schema\/logo\/image\/\",\"url\":\"https:\/\/acsantiago.org\/wp-content\/uploads\/2022\/02\/cropped-cropped-IMG-20220131-WA0001-2.jpg\",\"contentUrl\":\"https:\/\/acsantiago.org\/wp-content\/uploads\/2022\/02\/cropped-cropped-IMG-20220131-WA0001-2.jpg\",\"width\":1039,\"height\":989,\"caption\":\"Asociaci\u00f3n Cultural Santiago\"},\"image\":{\"@id\":\"https:\/\/acsantiago.org\/#\/schema\/logo\/image\/\"}}]}<\/script>\n<!-- \/ Yoast SEO plugin. -->","yoast_head_json":{"title":"Presentaci\u00f3n \"DIA DE LA ASOCIACION 2024\" - Asociaci\u00f3n Cultural Santiago","robots":{"index":"index","follow":"follow","max-snippet":"max-snippet:-1","max-image-preview":"max-image-preview:large","max-video-preview":"max-video-preview:-1"},"canonical":"https:\/\/acsantiago.org\/index.php\/presentacion-dia-de-la-asociacion-2024\/","og_locale":"es_ES","og_type":"article","og_title":"Presentaci\u00f3n \"DIA DE LA ASOCIACION 2024\" - Asociaci\u00f3n Cultural Santiago","og_description":"Los Actos del d\u00eda de la Asociaci\u00f3n Cultural Santiago se celebrar\u00e1n (D.M) el pr\u00f3ximo s\u00e1bado 5 de Octubre de 2024 a las 12:00, como es tradicional, en la Iglesia de Santa Mar\u00eda de Gama (Cantabria). A la finalizaci\u00f3n de la Santa Misa en honor de Santiago Ap\u00f3stol, patr\u00f3n de Espa\u00f1a y de la Asociaci\u00f3n, que [&hellip;]","og_url":"https:\/\/acsantiago.org\/index.php\/presentacion-dia-de-la-asociacion-2024\/","og_site_name":"Asociaci\u00f3n Cultural Santiago","article_modified_time":"2024-11-25T11:36:31+00:00","og_image":[{"url":"https:\/\/acsantiago.org\/wp-content\/uploads\/2024\/09\/Invitacion-768x358.jpeg","type":"","width":"","height":""}],"twitter_card":"summary_large_image","twitter_misc":{"Tiempo de lectura":"4 minutos"},"schema":{"@context":"https:\/\/schema.org","@graph":[{"@type":"WebPage","@id":"https:\/\/acsantiago.org\/index.php\/presentacion-dia-de-la-asociacion-2024\/","url":"https:\/\/acsantiago.org\/index.php\/presentacion-dia-de-la-asociacion-2024\/","name":"Presentaci\u00f3n \"DIA DE LA ASOCIACION 2024\" - Asociaci\u00f3n Cultural Santiago","isPartOf":{"@id":"https:\/\/acsantiago.org\/#website"},"primaryImageOfPage":{"@id":"https:\/\/acsantiago.org\/index.php\/presentacion-dia-de-la-asociacion-2024\/#primaryimage"},"image":{"@id":"https:\/\/acsantiago.org\/index.php\/presentacion-dia-de-la-asociacion-2024\/#primaryimage"},"thumbnailUrl":"https:\/\/acsantiago.org\/wp-content\/uploads\/2024\/09\/Invitacion-768x358.jpeg","datePublished":"2024-09-02T08:48:44+00:00","dateModified":"2024-11-25T11:36:31+00:00","breadcrumb":{"@id":"https:\/\/acsantiago.org\/index.php\/presentacion-dia-de-la-asociacion-2024\/#breadcrumb"},"inLanguage":"es","potentialAction":[{"@type":"ReadAction","target":["https:\/\/acsantiago.org\/index.php\/presentacion-dia-de-la-asociacion-2024\/"]}]},{"@type":"ImageObject","inLanguage":"es","@id":"https:\/\/acsantiago.org\/index.php\/presentacion-dia-de-la-asociacion-2024\/#primaryimage","url":"https:\/\/acsantiago.org\/wp-content\/uploads\/2024\/09\/Invitacion.jpeg","contentUrl":"https:\/\/acsantiago.org\/wp-content\/uploads\/2024\/09\/Invitacion.jpeg","width":1600,"height":745},{"@type":"BreadcrumbList","@id":"https:\/\/acsantiago.org\/index.php\/presentacion-dia-de-la-asociacion-2024\/#breadcrumb","itemListElement":[{"@type":"ListItem","position":1,"name":"Portada","item":"https:\/\/acsantiago.org\/"},{"@type":"ListItem","position":2,"name":"Presentaci\u00f3n \u00abDIA DE LA ASOCIACION 2024\u00bb"}]},{"@type":"WebSite","@id":"https:\/\/acsantiago.org\/#website","url":"https:\/\/acsantiago.org\/","name":"Asociaci\u00f3n Cultural Santiago","description":"Just another WordPress site","publisher":{"@id":"https:\/\/acsantiago.org\/#organization"},"potentialAction":[{"@type":"SearchAction","target":{"@type":"EntryPoint","urlTemplate":"https:\/\/acsantiago.org\/?s={search_term_string}"},"query-input":{"@type":"PropertyValueSpecification","valueRequired":true,"valueName":"search_term_string"}}],"inLanguage":"es"},{"@type":"Organization","@id":"https:\/\/acsantiago.org\/#organization","name":"Asociaci\u00f3n Cultural Santiago","url":"https:\/\/acsantiago.org\/","logo":{"@type":"ImageObject","inLanguage":"es","@id":"https:\/\/acsantiago.org\/#\/schema\/logo\/image\/","url":"https:\/\/acsantiago.org\/wp-content\/uploads\/2022\/02\/cropped-cropped-IMG-20220131-WA0001-2.jpg","contentUrl":"https:\/\/acsantiago.org\/wp-content\/uploads\/2022\/02\/cropped-cropped-IMG-20220131-WA0001-2.jpg","width":1039,"height":989,"caption":"Asociaci\u00f3n Cultural Santiago"},"image":{"@id":"https:\/\/acsantiago.org\/#\/schema\/logo\/image\/"}}]}},"amp_enabled":true,"_links":{"self":[{"href":"https:\/\/acsantiago.org\/index.php\/wp-json\/wp\/v2\/pages\/2756","targetHints":{"allow":["GET"]}}],"collection":[{"href":"https:\/\/acsantiago.org\/index.php\/wp-json\/wp\/v2\/pages"}],"about":[{"href":"https:\/\/acsantiago.org\/index.php\/wp-json\/wp\/v2\/types\/page"}],"author":[{"embeddable":true,"href":"https:\/\/acsantiago.org\/index.php\/wp-json\/wp\/v2\/users\/1"}],"replies":[{"embeddable":true,"href":"https:\/\/acsantiago.org\/index.php\/wp-json\/wp\/v2\/comments?post=2756"}],"version-history":[{"count":37,"href":"https:\/\/acsantiago.org\/index.php\/wp-json\/wp\/v2\/pages\/2756\/revisions"}],"predecessor-version":[{"id":2883,"href":"https:\/\/acsantiago.org\/index.php\/wp-json\/wp\/v2\/pages\/2756\/revisions\/2883"}],"wp:attachment":[{"href":"https:\/\/acsantiago.org\/index.php\/wp-json\/wp\/v2\/media?parent=2756"}],"curies":[{"name":"wp","href":"https:\/\/api.w.org\/{rel}","templated":true}]}}