{"id":2467,"date":"2023-05-15T15:06:19","date_gmt":"2023-05-15T15:06:19","guid":{"rendered":"https:\/\/acsantiago.org\/?page_id=2467"},"modified":"2023-05-16T08:34:39","modified_gmt":"2023-05-16T08:34:39","slug":"actos-en-el-mes-de-mayo-xxx-aniversario","status":"publish","type":"page","link":"https:\/\/acsantiago.org\/index.php\/actos-en-el-mes-de-mayo-xxx-aniversario\/","title":{"rendered":"Actos en el mes de Mayo XXX Aniversario"},"content":{"rendered":"\t\t<div data-elementor-type=\"wp-page\" data-elementor-id=\"2467\" class=\"elementor elementor-2467\">\n\t\t\t\t\t\t<section class=\"elementor-section elementor-top-section elementor-element elementor-element-610206f elementor-section-boxed elementor-section-height-default elementor-section-height-default\" data-id=\"610206f\" data-element_type=\"section\" data-e-type=\"section\">\n\t\t\t\t\t\t<div class=\"elementor-container elementor-column-gap-default\">\n\t\t\t\t\t<div class=\"elementor-column elementor-col-100 elementor-top-column elementor-element elementor-element-d4bb572\" data-id=\"d4bb572\" data-element_type=\"column\" data-e-type=\"column\">\n\t\t\t<div class=\"elementor-widget-wrap elementor-element-populated\">\n\t\t\t\t\t\t<div class=\"elementor-element elementor-element-6a34ea5 elementor-widget elementor-widget-text-editor\" data-id=\"6a34ea5\" data-element_type=\"widget\" data-e-type=\"widget\" data-widget_type=\"text-editor.default\">\n\t\t\t\t<div class=\"elementor-widget-container\">\n\t\t\t\t\t\t\t\t\t<h4><strong>Actos en el mes de Mayo (XXX Aniversario)<\/strong><\/h4>\t\t\t\t\t\t\t\t<\/div>\n\t\t\t\t<\/div>\n\t\t\t\t\t<\/div>\n\t\t<\/div>\n\t\t\t\t\t<\/div>\n\t\t<\/section>\n\t\t\t\t<section class=\"elementor-section elementor-top-section elementor-element elementor-element-f6dceee elementor-section-boxed elementor-section-height-default elementor-section-height-default\" data-id=\"f6dceee\" data-element_type=\"section\" data-e-type=\"section\">\n\t\t\t\t\t\t<div class=\"elementor-container elementor-column-gap-default\">\n\t\t\t\t\t<div class=\"elementor-column elementor-col-50 elementor-top-column elementor-element elementor-element-9daca75\" data-id=\"9daca75\" data-element_type=\"column\" data-e-type=\"column\">\n\t\t\t<div class=\"elementor-widget-wrap elementor-element-populated\">\n\t\t\t\t\t\t\t<\/div>\n\t\t<\/div>\n\t\t\t\t<div class=\"elementor-column elementor-col-50 elementor-top-column elementor-element elementor-element-db9affd\" data-id=\"db9affd\" data-element_type=\"column\" data-e-type=\"column\">\n\t\t\t<div class=\"elementor-widget-wrap elementor-element-populated\">\n\t\t\t\t\t\t<div class=\"elementor-element elementor-element-d79034c elementor-widget elementor-widget-text-editor\" data-id=\"d79034c\" data-element_type=\"widget\" data-e-type=\"widget\" data-widget_type=\"text-editor.default\">\n\t\t\t\t<div class=\"elementor-widget-container\">\n\t\t\t\t\t\t\t\t\t<h5><span style=\"text-decoration: underline;\"><em><strong>Jueves 11 de mayo de 2023<\/strong><\/em><\/span><\/h5>\n<p><strong>Con motivo del XXX Aniversario del Fallecimiento del Tte. de la legi\u00f3n D. Arturo Mu\u00f1oz Castellanos que dio lugar al nacimiento de la A.C.Santiago, se celebr\u00f3 en la Real S. de Tenis la Magdalena una brillante conferencia y proyecci\u00f3n de pr\u00f3ximos proyectos del Instituto de Historia y Cultura Militar a cargo de su director el Gral. de Divisi\u00f3n D. Antonio Ruiz Ben\u00edtez, este fue presentado por el Gral. D. Oscar Lanfus Galguera, ambos oficiales de la legi\u00f3n junto con el teniente Arturo Mu\u00f1oz Castellanos en Bosnia y Herzegovina.<\/strong><\/p>\n<p><strong>Os dejamos un enlace al articulo publicado en el Diario de M\u00e1laga sobre este acto:<\/strong><\/p><p><a href=\"https:\/\/www.diariodealmeria.es\/opinion\/articulos\/Teniente-Arturo-Munoz_0_1793220731.amp.html\" style=\"font-style: inherit; font-weight: inherit; font-family: var( --e-global-typography-text-font-family ), Sans-serif;\">https:\/\/www.diariodealmeria.es\/opinion\/articulos\/Teniente-Arturo-Munoz_0_1793220731.amp.html<\/a><\/p>\t\t\t\t\t\t\t\t<\/div>\n\t\t\t\t<\/div>\n\t\t\t\t\t<\/div>\n\t\t<\/div>\n\t\t\t\t\t<\/div>\n\t\t<\/section>\n\t\t\t\t<section class=\"elementor-section elementor-top-section elementor-element elementor-element-4f6b31c elementor-section-boxed elementor-section-height-default elementor-section-height-default\" data-id=\"4f6b31c\" data-element_type=\"section\" data-e-type=\"section\">\n\t\t\t\t\t\t<div class=\"elementor-container elementor-column-gap-default\">\n\t\t\t\t\t<div class=\"elementor-column elementor-col-100 elementor-top-column elementor-element elementor-element-7a0da3f\" data-id=\"7a0da3f\" data-element_type=\"column\" data-e-type=\"column\">\n\t\t\t<div class=\"elementor-widget-wrap elementor-element-populated\">\n\t\t\t\t\t\t<div class=\"elementor-element elementor-element-b9a2b28 elementor-widget-divider--view-line_icon elementor-view-default elementor-widget-divider--element-align-center elementor-widget elementor-widget-divider\" data-id=\"b9a2b28\" data-element_type=\"widget\" data-e-type=\"widget\" data-widget_type=\"divider.default\">\n\t\t\t\t<div class=\"elementor-widget-container\">\n\t\t\t\t\t\t\t<div class=\"elementor-divider\">\n\t\t\t<span class=\"elementor-divider-separator\">\n\t\t\t\t\t\t\t<div class=\"elementor-icon elementor-divider__element\">\n\t\t\t\t\t<i aria-hidden=\"true\" class=\"fas fa-star\"><\/i><\/div>\n\t\t\t\t\t\t<\/span>\n\t\t<\/div>\n\t\t\t\t\t\t<\/div>\n\t\t\t\t<\/div>\n\t\t\t\t\t<\/div>\n\t\t<\/div>\n\t\t\t\t\t<\/div>\n\t\t<\/section>\n\t\t\t\t<section class=\"elementor-section elementor-top-section elementor-element elementor-element-397c591 elementor-section-boxed elementor-section-height-default elementor-section-height-default\" data-id=\"397c591\" data-element_type=\"section\" data-e-type=\"section\">\n\t\t\t\t\t\t<div class=\"elementor-container elementor-column-gap-default\">\n\t\t\t\t\t<div class=\"elementor-column elementor-col-50 elementor-top-column elementor-element elementor-element-67d4114\" data-id=\"67d4114\" data-element_type=\"column\" data-e-type=\"column\">\n\t\t\t<div class=\"elementor-widget-wrap elementor-element-populated\">\n\t\t\t\t\t\t\t<\/div>\n\t\t<\/div>\n\t\t\t\t<div class=\"elementor-column elementor-col-50 elementor-top-column elementor-element elementor-element-efd7c43\" data-id=\"efd7c43\" data-element_type=\"column\" data-e-type=\"column\">\n\t\t\t<div class=\"elementor-widget-wrap elementor-element-populated\">\n\t\t\t\t\t\t<div class=\"elementor-element elementor-element-4a060c9 elementor-widget elementor-widget-text-editor\" data-id=\"4a060c9\" data-element_type=\"widget\" data-e-type=\"widget\" data-widget_type=\"text-editor.default\">\n\t\t\t\t<div class=\"elementor-widget-container\">\n\t\t\t\t\t\t\t\t\t<h5><span style=\"text-decoration: underline;\"><em><strong>Viernes 12 de mayo de 2023<\/strong><\/em><\/span><\/h5><p><strong>As\u00ed mismo el d\u00eda 12 de mayo tuvo lugar un encuentro de confraternizaci\u00f3n entre los miembros del mando de operaciones especiales del ej\u00e9rcito de tierra y socios del club juvenil de la Real Sociedad de tenis. Despu\u00e9s de ense\u00f1arle el funcionamiento, misiones y esp\u00edritu de esta m\u00edtica unidad se reconoci\u00f3 a los j\u00f3venes que a propuesta del club hab\u00edan destacado en valores como el esfuerzo, la entrega el compa\u00f1erismo, sacrificio y dem\u00e1s esp\u00edritus de los boinas verdes, entreg\u00e1ndoseles un diploma y un libro a los distinguidos. Posteriormente presenciaron una exhibici\u00f3n en la playa da La Magdalena en donde todos disfrutaron de una jornada inolvidable.<\/strong><\/p>\t\t\t\t\t\t\t\t<\/div>\n\t\t\t\t<\/div>\n\t\t\t\t\t<\/div>\n\t\t<\/div>\n\t\t\t\t\t<\/div>\n\t\t<\/section>\n\t\t\t\t<section class=\"elementor-section elementor-top-section elementor-element elementor-element-ac9a7f6 elementor-section-boxed elementor-section-height-default elementor-section-height-default\" data-id=\"ac9a7f6\" data-element_type=\"section\" data-e-type=\"section\">\n\t\t\t\t\t\t<div class=\"elementor-container elementor-column-gap-default\">\n\t\t\t\t\t<div class=\"elementor-column elementor-col-100 elementor-top-column elementor-element elementor-element-a818fdf\" data-id=\"a818fdf\" data-element_type=\"column\" data-e-type=\"column\">\n\t\t\t<div class=\"elementor-widget-wrap elementor-element-populated\">\n\t\t\t\t\t\t<div class=\"elementor-element elementor-element-7bb0f2f elementor-widget-divider--view-line_icon elementor-view-default elementor-widget-divider--element-align-center elementor-widget elementor-widget-divider\" data-id=\"7bb0f2f\" data-element_type=\"widget\" data-e-type=\"widget\" data-widget_type=\"divider.default\">\n\t\t\t\t<div class=\"elementor-widget-container\">\n\t\t\t\t\t\t\t<div class=\"elementor-divider\">\n\t\t\t<span class=\"elementor-divider-separator\">\n\t\t\t\t\t\t\t<div class=\"elementor-icon elementor-divider__element\">\n\t\t\t\t\t<i aria-hidden=\"true\" class=\"fas fa-star\"><\/i><\/div>\n\t\t\t\t\t\t<\/span>\n\t\t<\/div>\n\t\t\t\t\t\t<\/div>\n\t\t\t\t<\/div>\n\t\t\t\t\t<\/div>\n\t\t<\/div>\n\t\t\t\t\t<\/div>\n\t\t<\/section>\n\t\t\t\t<section class=\"elementor-section elementor-top-section elementor-element elementor-element-1dcc174 elementor-section-boxed elementor-section-height-default elementor-section-height-default\" data-id=\"1dcc174\" data-element_type=\"section\" data-e-type=\"section\">\n\t\t\t\t\t\t<div class=\"elementor-container elementor-column-gap-default\">\n\t\t\t\t\t<div class=\"elementor-column elementor-col-50 elementor-top-column elementor-element elementor-element-922fca4\" data-id=\"922fca4\" data-element_type=\"column\" data-e-type=\"column\">\n\t\t\t<div class=\"elementor-widget-wrap elementor-element-populated\">\n\t\t\t\t\t\t\t<\/div>\n\t\t<\/div>\n\t\t\t\t<div class=\"elementor-column elementor-col-50 elementor-top-column elementor-element elementor-element-6c0d652\" data-id=\"6c0d652\" data-element_type=\"column\" data-e-type=\"column\">\n\t\t\t<div class=\"elementor-widget-wrap elementor-element-populated\">\n\t\t\t\t\t\t<div class=\"elementor-element elementor-element-3a47047 elementor-widget elementor-widget-text-editor\" data-id=\"3a47047\" data-element_type=\"widget\" data-e-type=\"widget\" data-widget_type=\"text-editor.default\">\n\t\t\t\t<div class=\"elementor-widget-container\">\n\t\t\t\t\t\t\t\t\t<h5><span style=\"text-decoration: underline;\"><em><strong>S\u00e1bado 13 de mayo de 2023<\/strong><\/em><\/span><\/h5><p><strong>Tuvo lugar una misa en memoria del Tte. de la legi\u00f3n D. Arturo Mu\u00f1oz Castellanos, as\u00ed como del padre Huidobro como capell\u00e1n de la legi\u00f3n, con motivo de su expediente de beatificaci\u00f3n; se celebr\u00f3 en la Iglesia del Sant\u00edsimo Cristo que se encontraba abarrotada de p\u00fablico y en la que el p\u00e1rroco D. Jos\u00e9 Vicente dirigi\u00f3 una homil\u00eda brillant\u00edsima y enormemente emotiva en recuerdo de citadas personas y por todos los fallecidos de la as.c.sa. y miembros de los cuerpos de seguridad del estado.<\/strong><\/p>\t\t\t\t\t\t\t\t<\/div>\n\t\t\t\t<\/div>\n\t\t\t\t\t<\/div>\n\t\t<\/div>\n\t\t\t\t\t<\/div>\n\t\t<\/section>\n\t\t\t\t<\/div>\n\t\t","protected":false},"excerpt":{"rendered":"<p>Actos en el mes de Mayo (XXX Aniversario) Jueves 11 de mayo de 2023 Con motivo del XXX Aniversario del Fallecimiento del Tte. de la legi\u00f3n D. Arturo Mu\u00f1oz Castellanos que dio lugar al nacimiento de la A.C.Santiago, se celebr\u00f3 en la Real S. de Tenis la Magdalena una brillante conferencia y proyecci\u00f3n de pr\u00f3ximos [&hellip;]<\/p>\n","protected":false},"author":1,"featured_media":0,"parent":0,"menu_order":0,"comment_status":"closed","ping_status":"closed","template":"","meta":{"site-sidebar-layout":"no-sidebar","site-content-layout":"page-builder","ast-site-content-layout":"default","site-content-style":"default","site-sidebar-style":"default","ast-global-header-display":"","ast-banner-title-visibility":"","ast-main-header-display":"","ast-hfb-above-header-display":"","ast-hfb-below-header-display":"","ast-hfb-mobile-header-display":"","site-post-title":"disabled","ast-breadcrumbs-content":"","ast-featured-img":"disabled","footer-sml-layout":"","ast-disable-related-posts":"","theme-transparent-header-meta":"","adv-header-id-meta":"","stick-header-meta":"","header-above-stick-meta":"","header-main-stick-meta":"","header-below-stick-meta":"","astra-migrate-meta-layouts":"default","ast-page-background-enabled":"default","ast-page-background-meta":{"desktop":{"background-color":"var(--ast-global-color-4)","background-image":"","background-repeat":"repeat","background-position":"center center","background-size":"auto","background-attachment":"scroll","background-type":"","background-media":"","overlay-type":"","overlay-color":"","overlay-opacity":"","overlay-gradient":""},"tablet":{"background-color":"","background-image":"","background-repeat":"repeat","background-position":"center center","background-size":"auto","background-attachment":"scroll","background-type":"","background-media":"","overlay-type":"","overlay-color":"","overlay-opacity":"","overlay-gradient":""},"mobile":{"background-color":"","background-image":"","background-repeat":"repeat","background-position":"center center","background-size":"auto","background-attachment":"scroll","background-type":"","background-media":"","overlay-type":"","overlay-color":"","overlay-opacity":"","overlay-gradient":""}},"ast-content-background-meta":{"desktop":{"background-color":"var(--ast-global-color-5)","background-image":"","background-repeat":"repeat","background-position":"center center","background-size":"auto","background-attachment":"scroll","background-type":"","background-media":"","overlay-type":"","overlay-color":"","overlay-opacity":"","overlay-gradient":""},"tablet":{"background-color":"var(--ast-global-color-5)","background-image":"","background-repeat":"repeat","background-position":"center center","background-size":"auto","background-attachment":"scroll","background-type":"","background-media":"","overlay-type":"","overlay-color":"","overlay-opacity":"","overlay-gradient":""},"mobile":{"background-color":"var(--ast-global-color-5)","background-image":"","background-repeat":"repeat","background-position":"center center","background-size":"auto","background-attachment":"scroll","background-type":"","background-media":"","overlay-type":"","overlay-color":"","overlay-opacity":"","overlay-gradient":""}},"footnotes":""},"class_list":["post-2467","page","type-page","status-publish","hentry"],"yoast_head":"<!-- This site is optimized with the Yoast SEO plugin v27.4 - https:\/\/yoast.com\/product\/yoast-seo-wordpress\/ -->\n<title>Actos en el mes de Mayo XXX Aniversario - Asociaci\u00f3n Cultural Santiago<\/title>\n<meta name=\"robots\" content=\"index, follow, max-snippet:-1, max-image-preview:large, max-video-preview:-1\" \/>\n<link rel=\"canonical\" href=\"https:\/\/acsantiago.org\/index.php\/actos-en-el-mes-de-mayo-xxx-aniversario\/\" \/>\n<meta property=\"og:locale\" content=\"es_ES\" \/>\n<meta property=\"og:type\" content=\"article\" \/>\n<meta property=\"og:title\" content=\"Actos en el mes de Mayo XXX Aniversario - Asociaci\u00f3n Cultural Santiago\" \/>\n<meta property=\"og:description\" content=\"Actos en el mes de Mayo (XXX Aniversario) Jueves 11 de mayo de 2023 Con motivo del XXX Aniversario del Fallecimiento del Tte. de la legi\u00f3n D. Arturo Mu\u00f1oz Castellanos que dio lugar al nacimiento de la A.C.Santiago, se celebr\u00f3 en la Real S. de Tenis la Magdalena una brillante conferencia y proyecci\u00f3n de pr\u00f3ximos [&hellip;]\" \/>\n<meta property=\"og:url\" content=\"https:\/\/acsantiago.org\/index.php\/actos-en-el-mes-de-mayo-xxx-aniversario\/\" \/>\n<meta property=\"og:site_name\" content=\"Asociaci\u00f3n Cultural Santiago\" \/>\n<meta property=\"article:modified_time\" content=\"2023-05-16T08:34:39+00:00\" \/>\n<meta name=\"twitter:card\" content=\"summary_large_image\" \/>\n<meta name=\"twitter:label1\" content=\"Tiempo de lectura\" \/>\n\t<meta name=\"twitter:data1\" content=\"2 minutos\" \/>\n<script type=\"application\/ld+json\" class=\"yoast-schema-graph\">{\"@context\":\"https:\\\/\\\/schema.org\",\"@graph\":[{\"@type\":\"WebPage\",\"@id\":\"https:\\\/\\\/acsantiago.org\\\/index.php\\\/actos-en-el-mes-de-mayo-xxx-aniversario\\\/\",\"url\":\"https:\\\/\\\/acsantiago.org\\\/index.php\\\/actos-en-el-mes-de-mayo-xxx-aniversario\\\/\",\"name\":\"Actos en el mes de Mayo XXX Aniversario - Asociaci\u00f3n Cultural Santiago\",\"isPartOf\":{\"@id\":\"https:\\\/\\\/acsantiago.org\\\/#website\"},\"datePublished\":\"2023-05-15T15:06:19+00:00\",\"dateModified\":\"2023-05-16T08:34:39+00:00\",\"breadcrumb\":{\"@id\":\"https:\\\/\\\/acsantiago.org\\\/index.php\\\/actos-en-el-mes-de-mayo-xxx-aniversario\\\/#breadcrumb\"},\"inLanguage\":\"es\",\"potentialAction\":[{\"@type\":\"ReadAction\",\"target\":[\"https:\\\/\\\/acsantiago.org\\\/index.php\\\/actos-en-el-mes-de-mayo-xxx-aniversario\\\/\"]}]},{\"@type\":\"BreadcrumbList\",\"@id\":\"https:\\\/\\\/acsantiago.org\\\/index.php\\\/actos-en-el-mes-de-mayo-xxx-aniversario\\\/#breadcrumb\",\"itemListElement\":[{\"@type\":\"ListItem\",\"position\":1,\"name\":\"Portada\",\"item\":\"https:\\\/\\\/acsantiago.org\\\/\"},{\"@type\":\"ListItem\",\"position\":2,\"name\":\"Actos en el mes de Mayo XXX Aniversario\"}]},{\"@type\":\"WebSite\",\"@id\":\"https:\\\/\\\/acsantiago.org\\\/#website\",\"url\":\"https:\\\/\\\/acsantiago.org\\\/\",\"name\":\"Asociaci\u00f3n Cultural Santiago\",\"description\":\"Just another WordPress site\",\"publisher\":{\"@id\":\"https:\\\/\\\/acsantiago.org\\\/#organization\"},\"potentialAction\":[{\"@type\":\"SearchAction\",\"target\":{\"@type\":\"EntryPoint\",\"urlTemplate\":\"https:\\\/\\\/acsantiago.org\\\/?s={search_term_string}\"},\"query-input\":{\"@type\":\"PropertyValueSpecification\",\"valueRequired\":true,\"valueName\":\"search_term_string\"}}],\"inLanguage\":\"es\"},{\"@type\":\"Organization\",\"@id\":\"https:\\\/\\\/acsantiago.org\\\/#organization\",\"name\":\"Asociaci\u00f3n Cultural Santiago\",\"url\":\"https:\\\/\\\/acsantiago.org\\\/\",\"logo\":{\"@type\":\"ImageObject\",\"inLanguage\":\"es\",\"@id\":\"https:\\\/\\\/acsantiago.org\\\/#\\\/schema\\\/logo\\\/image\\\/\",\"url\":\"https:\\\/\\\/acsantiago.org\\\/wp-content\\\/uploads\\\/2022\\\/02\\\/cropped-cropped-IMG-20220131-WA0001-2.jpg\",\"contentUrl\":\"https:\\\/\\\/acsantiago.org\\\/wp-content\\\/uploads\\\/2022\\\/02\\\/cropped-cropped-IMG-20220131-WA0001-2.jpg\",\"width\":1039,\"height\":989,\"caption\":\"Asociaci\u00f3n Cultural Santiago\"},\"image\":{\"@id\":\"https:\\\/\\\/acsantiago.org\\\/#\\\/schema\\\/logo\\\/image\\\/\"}}]}<\/script>\n<!-- \/ Yoast SEO plugin. -->","yoast_head_json":{"title":"Actos en el mes de Mayo XXX Aniversario - Asociaci\u00f3n Cultural Santiago","robots":{"index":"index","follow":"follow","max-snippet":"max-snippet:-1","max-image-preview":"max-image-preview:large","max-video-preview":"max-video-preview:-1"},"canonical":"https:\/\/acsantiago.org\/index.php\/actos-en-el-mes-de-mayo-xxx-aniversario\/","og_locale":"es_ES","og_type":"article","og_title":"Actos en el mes de Mayo XXX Aniversario - Asociaci\u00f3n Cultural Santiago","og_description":"Actos en el mes de Mayo (XXX Aniversario) Jueves 11 de mayo de 2023 Con motivo del XXX Aniversario del Fallecimiento del Tte. de la legi\u00f3n D. Arturo Mu\u00f1oz Castellanos que dio lugar al nacimiento de la A.C.Santiago, se celebr\u00f3 en la Real S. de Tenis la Magdalena una brillante conferencia y proyecci\u00f3n de pr\u00f3ximos [&hellip;]","og_url":"https:\/\/acsantiago.org\/index.php\/actos-en-el-mes-de-mayo-xxx-aniversario\/","og_site_name":"Asociaci\u00f3n Cultural Santiago","article_modified_time":"2023-05-16T08:34:39+00:00","twitter_card":"summary_large_image","twitter_misc":{"Tiempo de lectura":"2 minutos"},"schema":{"@context":"https:\/\/schema.org","@graph":[{"@type":"WebPage","@id":"https:\/\/acsantiago.org\/index.php\/actos-en-el-mes-de-mayo-xxx-aniversario\/","url":"https:\/\/acsantiago.org\/index.php\/actos-en-el-mes-de-mayo-xxx-aniversario\/","name":"Actos en el mes de Mayo XXX Aniversario - Asociaci\u00f3n Cultural Santiago","isPartOf":{"@id":"https:\/\/acsantiago.org\/#website"},"datePublished":"2023-05-15T15:06:19+00:00","dateModified":"2023-05-16T08:34:39+00:00","breadcrumb":{"@id":"https:\/\/acsantiago.org\/index.php\/actos-en-el-mes-de-mayo-xxx-aniversario\/#breadcrumb"},"inLanguage":"es","potentialAction":[{"@type":"ReadAction","target":["https:\/\/acsantiago.org\/index.php\/actos-en-el-mes-de-mayo-xxx-aniversario\/"]}]},{"@type":"BreadcrumbList","@id":"https:\/\/acsantiago.org\/index.php\/actos-en-el-mes-de-mayo-xxx-aniversario\/#breadcrumb","itemListElement":[{"@type":"ListItem","position":1,"name":"Portada","item":"https:\/\/acsantiago.org\/"},{"@type":"ListItem","position":2,"name":"Actos en el mes de Mayo XXX Aniversario"}]},{"@type":"WebSite","@id":"https:\/\/acsantiago.org\/#website","url":"https:\/\/acsantiago.org\/","name":"Asociaci\u00f3n Cultural Santiago","description":"Just another WordPress site","publisher":{"@id":"https:\/\/acsantiago.org\/#organization"},"potentialAction":[{"@type":"SearchAction","target":{"@type":"EntryPoint","urlTemplate":"https:\/\/acsantiago.org\/?s={search_term_string}"},"query-input":{"@type":"PropertyValueSpecification","valueRequired":true,"valueName":"search_term_string"}}],"inLanguage":"es"},{"@type":"Organization","@id":"https:\/\/acsantiago.org\/#organization","name":"Asociaci\u00f3n Cultural Santiago","url":"https:\/\/acsantiago.org\/","logo":{"@type":"ImageObject","inLanguage":"es","@id":"https:\/\/acsantiago.org\/#\/schema\/logo\/image\/","url":"https:\/\/acsantiago.org\/wp-content\/uploads\/2022\/02\/cropped-cropped-IMG-20220131-WA0001-2.jpg","contentUrl":"https:\/\/acsantiago.org\/wp-content\/uploads\/2022\/02\/cropped-cropped-IMG-20220131-WA0001-2.jpg","width":1039,"height":989,"caption":"Asociaci\u00f3n Cultural Santiago"},"image":{"@id":"https:\/\/acsantiago.org\/#\/schema\/logo\/image\/"}}]}},"amp_enabled":true,"_links":{"self":[{"href":"https:\/\/acsantiago.org\/index.php\/wp-json\/wp\/v2\/pages\/2467","targetHints":{"allow":["GET"]}}],"collection":[{"href":"https:\/\/acsantiago.org\/index.php\/wp-json\/wp\/v2\/pages"}],"about":[{"href":"https:\/\/acsantiago.org\/index.php\/wp-json\/wp\/v2\/types\/page"}],"author":[{"embeddable":true,"href":"https:\/\/acsantiago.org\/index.php\/wp-json\/wp\/v2\/users\/1"}],"replies":[{"embeddable":true,"href":"https:\/\/acsantiago.org\/index.php\/wp-json\/wp\/v2\/comments?post=2467"}],"version-history":[{"count":53,"href":"https:\/\/acsantiago.org\/index.php\/wp-json\/wp\/v2\/pages\/2467\/revisions"}],"predecessor-version":[{"id":2557,"href":"https:\/\/acsantiago.org\/index.php\/wp-json\/wp\/v2\/pages\/2467\/revisions\/2557"}],"wp:attachment":[{"href":"https:\/\/acsantiago.org\/index.php\/wp-json\/wp\/v2\/media?parent=2467"}],"curies":[{"name":"wp","href":"https:\/\/api.w.org\/{rel}","templated":true}]}}