{"id":2371,"date":"2023-04-24T14:53:40","date_gmt":"2023-04-24T14:53:40","guid":{"rendered":"https:\/\/acsantiago.org\/?page_id=2371"},"modified":"2023-04-24T15:31:38","modified_gmt":"2023-04-24T15:31:38","slug":"22-abril-2023-museo-del-ejercito-de-toledo","status":"publish","type":"page","link":"https:\/\/acsantiago.org\/index.php\/22-abril-2023-museo-del-ejercito-de-toledo\/","title":{"rendered":"22 Abril 2023 Museo del Ejercito de Toledo"},"content":{"rendered":"\t\t<div data-elementor-type=\"wp-page\" data-elementor-id=\"2371\" class=\"elementor elementor-2371\">\n\t\t\t\t\t\t<section class=\"elementor-section elementor-top-section elementor-element elementor-element-40d8b6d elementor-section-boxed elementor-section-height-default elementor-section-height-default\" data-id=\"40d8b6d\" data-element_type=\"section\" data-e-type=\"section\">\n\t\t\t\t\t\t<div class=\"elementor-container elementor-column-gap-default\">\n\t\t\t\t\t<div class=\"elementor-column elementor-col-50 elementor-top-column elementor-element elementor-element-2f3f33a\" data-id=\"2f3f33a\" data-element_type=\"column\" data-e-type=\"column\">\n\t\t\t<div class=\"elementor-widget-wrap elementor-element-populated\">\n\t\t\t\t\t\t<div class=\"elementor-element elementor-element-55edde0 elementor-widget elementor-widget-image\" data-id=\"55edde0\" data-element_type=\"widget\" data-e-type=\"widget\" data-widget_type=\"image.default\">\n\t\t\t\t<div class=\"elementor-widget-container\">\n\t\t\t\t\t\t\t\t\t\t\t\t\t\t\t<img fetchpriority=\"high\" decoding=\"async\" width=\"723\" height=\"1024\" src=\"https:\/\/acsantiago.org\/wp-content\/uploads\/2023\/04\/20230424_161440-723x1024.jpg\" class=\"attachment-large size-large wp-image-2373\" alt=\"\" srcset=\"https:\/\/acsantiago.org\/wp-content\/uploads\/2023\/04\/20230424_161440-723x1024.jpg 723w, https:\/\/acsantiago.org\/wp-content\/uploads\/2023\/04\/20230424_161440-212x300.jpg 212w, https:\/\/acsantiago.org\/wp-content\/uploads\/2023\/04\/20230424_161440-768x1088.jpg 768w, https:\/\/acsantiago.org\/wp-content\/uploads\/2023\/04\/20230424_161440-1085x1536.jpg 1085w, https:\/\/acsantiago.org\/wp-content\/uploads\/2023\/04\/20230424_161440-1446x2048.jpg 1446w, https:\/\/acsantiago.org\/wp-content\/uploads\/2023\/04\/20230424_161440-scaled.jpg 1808w\" sizes=\"(max-width: 723px) 100vw, 723px\" \/>\t\t\t\t\t\t\t\t\t\t\t\t\t\t\t<\/div>\n\t\t\t\t<\/div>\n\t\t\t\t\t<\/div>\n\t\t<\/div>\n\t\t\t\t<div class=\"elementor-column elementor-col-50 elementor-top-column elementor-element elementor-element-e4bd234\" data-id=\"e4bd234\" data-element_type=\"column\" data-e-type=\"column\">\n\t\t\t<div class=\"elementor-widget-wrap elementor-element-populated\">\n\t\t\t\t\t\t<div class=\"elementor-element elementor-element-b8138af elementor-widget elementor-widget-text-editor\" data-id=\"b8138af\" data-element_type=\"widget\" data-e-type=\"widget\" data-widget_type=\"text-editor.default\">\n\t\t\t\t<div class=\"elementor-widget-container\">\n\t\t\t\t\t\t\t\t\t<p><strong>El pasado s\u00e1bado 22 de Abril se celebr\u00f3 la I Convenci\u00f3n de Instituciones relacionadas con el Instituto de Historia y Cultura Militar, presidido por el Gral. de Divisi\u00f3n. D. Antonio Ruiz Ben\u00edtez.<\/strong><\/p><p><strong>Dejamos enlace desde este momento y a trav\u00e9s de esta p\u00e1gina se podr\u00e1 conectar con el Inst .de Historia y cultura militar con el fin de poner en vuestro conocimiento de todas las actividades que se desarrollen por este, as\u00ed como la informaci\u00f3n de los eventos m\u00e1s relevantes.<\/strong><\/p><p><a href=\"https:\/\/ejercito.defensa.gob.es\/unidades\/Madrid\/ihycm\/\"><img decoding=\"async\" class=\"aligncenter wp-image-2380 size-medium\" src=\"https:\/\/acsantiago.org\/wp-content\/uploads\/2023\/04\/20230424_164352-300x213.jpg\" alt=\"Enlace\" width=\"300\" height=\"213\" srcset=\"https:\/\/acsantiago.org\/wp-content\/uploads\/2023\/04\/20230424_164352-300x213.jpg 300w, https:\/\/acsantiago.org\/wp-content\/uploads\/2023\/04\/20230424_164352-1024x726.jpg 1024w, https:\/\/acsantiago.org\/wp-content\/uploads\/2023\/04\/20230424_164352-768x545.jpg 768w, https:\/\/acsantiago.org\/wp-content\/uploads\/2023\/04\/20230424_164352-1536x1089.jpg 1536w, https:\/\/acsantiago.org\/wp-content\/uploads\/2023\/04\/20230424_164352.jpg 1778w\" sizes=\"(max-width: 300px) 100vw, 300px\" \/><\/a><\/p><p><strong>Acceso a la p\u00e1gina web desde el icono anterior \u2191\u2191\u2191<\/strong><\/p>\t\t\t\t\t\t\t\t<\/div>\n\t\t\t\t<\/div>\n\t\t\t\t\t<\/div>\n\t\t<\/div>\n\t\t\t\t\t<\/div>\n\t\t<\/section>\n\t\t\t\t<section class=\"elementor-section elementor-top-section elementor-element elementor-element-66c6051 elementor-section-boxed elementor-section-height-default elementor-section-height-default\" data-id=\"66c6051\" data-element_type=\"section\" data-e-type=\"section\">\n\t\t\t\t\t\t<div class=\"elementor-container elementor-column-gap-default\">\n\t\t\t\t\t<div class=\"elementor-column elementor-col-100 elementor-top-column elementor-element elementor-element-5ce1d05\" data-id=\"5ce1d05\" data-element_type=\"column\" data-e-type=\"column\">\n\t\t\t<div class=\"elementor-widget-wrap elementor-element-populated\">\n\t\t\t\t\t\t<div class=\"elementor-element elementor-element-7d6835b elementor-widget-divider--view-line_icon elementor-view-default elementor-widget-divider--element-align-center elementor-widget elementor-widget-divider\" data-id=\"7d6835b\" data-element_type=\"widget\" data-e-type=\"widget\" data-widget_type=\"divider.default\">\n\t\t\t\t<div class=\"elementor-widget-container\">\n\t\t\t\t\t\t\t<div class=\"elementor-divider\">\n\t\t\t<span class=\"elementor-divider-separator\">\n\t\t\t\t\t\t\t<div class=\"elementor-icon elementor-divider__element\">\n\t\t\t\t\t<i aria-hidden=\"true\" class=\"fas fa-star\"><\/i><\/div>\n\t\t\t\t\t\t<\/span>\n\t\t<\/div>\n\t\t\t\t\t\t<\/div>\n\t\t\t\t<\/div>\n\t\t\t\t\t<\/div>\n\t\t<\/div>\n\t\t\t\t\t<\/div>\n\t\t<\/section>\n\t\t\t\t<section class=\"elementor-section elementor-top-section elementor-element elementor-element-ddcac00 elementor-section-boxed elementor-section-height-default elementor-section-height-default\" data-id=\"ddcac00\" data-element_type=\"section\" data-e-type=\"section\">\n\t\t\t\t\t\t<div class=\"elementor-container elementor-column-gap-default\">\n\t\t\t\t\t<div class=\"elementor-column elementor-col-100 elementor-top-column elementor-element elementor-element-9bed47c\" data-id=\"9bed47c\" data-element_type=\"column\" data-e-type=\"column\">\n\t\t\t<div class=\"elementor-widget-wrap elementor-element-populated\">\n\t\t\t\t\t\t<div class=\"elementor-element elementor-element-c0f7bca elementor-widget elementor-widget-text-editor\" data-id=\"c0f7bca\" data-element_type=\"widget\" data-e-type=\"widget\" data-widget_type=\"text-editor.default\">\n\t\t\t\t<div class=\"elementor-widget-container\">\n\t\t\t\t\t\t\t\t\t<p><strong>Asistencia a los actos<\/strong><\/p>\t\t\t\t\t\t\t\t<\/div>\n\t\t\t\t<\/div>\n\t\t\t\t\t<\/div>\n\t\t<\/div>\n\t\t\t\t\t<\/div>\n\t\t<\/section>\n\t\t\t\t<section class=\"elementor-section elementor-top-section elementor-element elementor-element-b7bfb20 elementor-section-boxed elementor-section-height-default elementor-section-height-default\" data-id=\"b7bfb20\" data-element_type=\"section\" data-e-type=\"section\">\n\t\t\t\t\t\t<div class=\"elementor-container elementor-column-gap-default\">\n\t\t\t\t\t<div class=\"elementor-column elementor-col-33 elementor-top-column elementor-element elementor-element-04946d6\" data-id=\"04946d6\" data-element_type=\"column\" data-e-type=\"column\">\n\t\t\t<div class=\"elementor-widget-wrap elementor-element-populated\">\n\t\t\t\t\t\t<div class=\"elementor-element elementor-element-ee5ce6e elementor-widget elementor-widget-image\" data-id=\"ee5ce6e\" data-element_type=\"widget\" data-e-type=\"widget\" data-widget_type=\"image.default\">\n\t\t\t\t<div class=\"elementor-widget-container\">\n\t\t\t\t\t\t\t\t\t\t\t\t<figure class=\"wp-caption\">\n\t\t\t\t\t\t\t\t\t\t<img decoding=\"async\" width=\"1024\" height=\"768\" src=\"https:\/\/acsantiago.org\/wp-content\/uploads\/2023\/04\/IMG-20230424-WA0023-1024x768.jpg\" class=\"attachment-large size-large wp-image-2411\" alt=\"\" srcset=\"https:\/\/acsantiago.org\/wp-content\/uploads\/2023\/04\/IMG-20230424-WA0023-1024x768.jpg 1024w, https:\/\/acsantiago.org\/wp-content\/uploads\/2023\/04\/IMG-20230424-WA0023-300x225.jpg 300w, https:\/\/acsantiago.org\/wp-content\/uploads\/2023\/04\/IMG-20230424-WA0023-768x576.jpg 768w, https:\/\/acsantiago.org\/wp-content\/uploads\/2023\/04\/IMG-20230424-WA0023-1536x1152.jpg 1536w, https:\/\/acsantiago.org\/wp-content\/uploads\/2023\/04\/IMG-20230424-WA0023.jpg 2000w\" sizes=\"(max-width: 1024px) 100vw, 1024px\" \/>\t\t\t\t\t\t\t\t\t\t\t<figcaption class=\"widget-image-caption wp-caption-text\">Presidencia del acto con el Gral de Divisi\u00f3n                                                                  D. Antonio Ruiz Ben\u00edtez<\/figcaption>\n\t\t\t\t\t\t\t\t\t\t<\/figure>\n\t\t\t\t\t\t\t\t\t<\/div>\n\t\t\t\t<\/div>\n\t\t\t\t\t<\/div>\n\t\t<\/div>\n\t\t\t\t<div class=\"elementor-column elementor-col-33 elementor-top-column elementor-element elementor-element-0fd7cf2\" data-id=\"0fd7cf2\" data-element_type=\"column\" data-e-type=\"column\">\n\t\t\t<div class=\"elementor-widget-wrap elementor-element-populated\">\n\t\t\t\t\t\t<div class=\"elementor-element elementor-element-ae4543f elementor-widget elementor-widget-image\" data-id=\"ae4543f\" data-element_type=\"widget\" data-e-type=\"widget\" data-widget_type=\"image.default\">\n\t\t\t\t<div class=\"elementor-widget-container\">\n\t\t\t\t\t\t\t\t\t\t\t\t<figure class=\"wp-caption\">\n\t\t\t\t\t\t\t\t\t\t<img loading=\"lazy\" decoding=\"async\" width=\"1024\" height=\"768\" src=\"https:\/\/acsantiago.org\/wp-content\/uploads\/2023\/04\/IMG-20230424-WA0022-1024x768.jpg\" class=\"attachment-large size-large wp-image-2413\" alt=\"\" srcset=\"https:\/\/acsantiago.org\/wp-content\/uploads\/2023\/04\/IMG-20230424-WA0022-1024x768.jpg 1024w, https:\/\/acsantiago.org\/wp-content\/uploads\/2023\/04\/IMG-20230424-WA0022-300x225.jpg 300w, https:\/\/acsantiago.org\/wp-content\/uploads\/2023\/04\/IMG-20230424-WA0022-768x576.jpg 768w, https:\/\/acsantiago.org\/wp-content\/uploads\/2023\/04\/IMG-20230424-WA0022-1536x1152.jpg 1536w, https:\/\/acsantiago.org\/wp-content\/uploads\/2023\/04\/IMG-20230424-WA0022.jpg 2048w\" sizes=\"(max-width: 1024px) 100vw, 1024px\" \/>\t\t\t\t\t\t\t\t\t\t\t<figcaption class=\"widget-image-caption wp-caption-text\">Miembros de la Fundaci\u00f3n Legionarios de Honor y Asoc.Cultural Santiago<\/figcaption>\n\t\t\t\t\t\t\t\t\t\t<\/figure>\n\t\t\t\t\t\t\t\t\t<\/div>\n\t\t\t\t<\/div>\n\t\t\t\t\t<\/div>\n\t\t<\/div>\n\t\t\t\t<div class=\"elementor-column elementor-col-33 elementor-top-column elementor-element elementor-element-398a5e1\" data-id=\"398a5e1\" data-element_type=\"column\" data-e-type=\"column\">\n\t\t\t<div class=\"elementor-widget-wrap elementor-element-populated\">\n\t\t\t\t\t\t<div class=\"elementor-element elementor-element-815cd65 elementor-widget elementor-widget-image\" data-id=\"815cd65\" data-element_type=\"widget\" data-e-type=\"widget\" data-widget_type=\"image.default\">\n\t\t\t\t<div class=\"elementor-widget-container\">\n\t\t\t\t\t\t\t\t\t\t\t\t<figure class=\"wp-caption\">\n\t\t\t\t\t\t\t\t\t\t<img loading=\"lazy\" decoding=\"async\" width=\"1024\" height=\"768\" src=\"https:\/\/acsantiago.org\/wp-content\/uploads\/2023\/04\/IMG-20230424-WA0021-1024x768.jpg\" class=\"attachment-large size-large wp-image-2412\" alt=\"\" srcset=\"https:\/\/acsantiago.org\/wp-content\/uploads\/2023\/04\/IMG-20230424-WA0021-1024x768.jpg 1024w, https:\/\/acsantiago.org\/wp-content\/uploads\/2023\/04\/IMG-20230424-WA0021-300x225.jpg 300w, https:\/\/acsantiago.org\/wp-content\/uploads\/2023\/04\/IMG-20230424-WA0021-768x576.jpg 768w, https:\/\/acsantiago.org\/wp-content\/uploads\/2023\/04\/IMG-20230424-WA0021-1536x1152.jpg 1536w, https:\/\/acsantiago.org\/wp-content\/uploads\/2023\/04\/IMG-20230424-WA0021.jpg 1600w\" sizes=\"(max-width: 1024px) 100vw, 1024px\" \/>\t\t\t\t\t\t\t\t\t\t\t<figcaption class=\"widget-image-caption wp-caption-text\">Vista parcial del auditorio<\/figcaption>\n\t\t\t\t\t\t\t\t\t\t<\/figure>\n\t\t\t\t\t\t\t\t\t<\/div>\n\t\t\t\t<\/div>\n\t\t\t\t\t<\/div>\n\t\t<\/div>\n\t\t\t\t\t<\/div>\n\t\t<\/section>\n\t\t\t\t<\/div>\n\t\t","protected":false},"excerpt":{"rendered":"<p>El pasado s\u00e1bado 22 de Abril se celebr\u00f3 la I Convenci\u00f3n de Instituciones relacionadas con el Instituto de Historia y Cultura Militar, presidido por el Gral. de Divisi\u00f3n. D. Antonio Ruiz Ben\u00edtez. Dejamos enlace desde este momento y a trav\u00e9s de esta p\u00e1gina se podr\u00e1 conectar con el Inst .de Historia y cultura militar con [&hellip;]<\/p>\n","protected":false},"author":1,"featured_media":0,"parent":0,"menu_order":0,"comment_status":"closed","ping_status":"closed","template":"","meta":{"site-sidebar-layout":"no-sidebar","site-content-layout":"page-builder","ast-site-content-layout":"default","site-content-style":"default","site-sidebar-style":"default","ast-global-header-display":"","ast-banner-title-visibility":"","ast-main-header-display":"","ast-hfb-above-header-display":"","ast-hfb-below-header-display":"","ast-hfb-mobile-header-display":"","site-post-title":"disabled","ast-breadcrumbs-content":"","ast-featured-img":"disabled","footer-sml-layout":"","ast-disable-related-posts":"","theme-transparent-header-meta":"","adv-header-id-meta":"","stick-header-meta":"","header-above-stick-meta":"","header-main-stick-meta":"","header-below-stick-meta":"","astra-migrate-meta-layouts":"default","ast-page-background-enabled":"default","ast-page-background-meta":{"desktop":{"background-color":"var(--ast-global-color-4)","background-image":"","background-repeat":"repeat","background-position":"center center","background-size":"auto","background-attachment":"scroll","background-type":"","background-media":"","overlay-type":"","overlay-color":"","overlay-opacity":"","overlay-gradient":""},"tablet":{"background-color":"","background-image":"","background-repeat":"repeat","background-position":"center center","background-size":"auto","background-attachment":"scroll","background-type":"","background-media":"","overlay-type":"","overlay-color":"","overlay-opacity":"","overlay-gradient":""},"mobile":{"background-color":"","background-image":"","background-repeat":"repeat","background-position":"center center","background-size":"auto","background-attachment":"scroll","background-type":"","background-media":"","overlay-type":"","overlay-color":"","overlay-opacity":"","overlay-gradient":""}},"ast-content-background-meta":{"desktop":{"background-color":"var(--ast-global-color-5)","background-image":"","background-repeat":"repeat","background-position":"center center","background-size":"auto","background-attachment":"scroll","background-type":"","background-media":"","overlay-type":"","overlay-color":"","overlay-opacity":"","overlay-gradient":""},"tablet":{"background-color":"var(--ast-global-color-5)","background-image":"","background-repeat":"repeat","background-position":"center center","background-size":"auto","background-attachment":"scroll","background-type":"","background-media":"","overlay-type":"","overlay-color":"","overlay-opacity":"","overlay-gradient":""},"mobile":{"background-color":"var(--ast-global-color-5)","background-image":"","background-repeat":"repeat","background-position":"center center","background-size":"auto","background-attachment":"scroll","background-type":"","background-media":"","overlay-type":"","overlay-color":"","overlay-opacity":"","overlay-gradient":""}},"footnotes":""},"class_list":["post-2371","page","type-page","status-publish","hentry"],"yoast_head":"<!-- This site is optimized with the Yoast SEO plugin v27.5 - https:\/\/yoast.com\/product\/yoast-seo-wordpress\/ -->\n<title>22 Abril 2023 Museo del Ejercito de Toledo - Asociaci\u00f3n Cultural Santiago<\/title>\n<meta name=\"robots\" content=\"index, follow, max-snippet:-1, max-image-preview:large, max-video-preview:-1\" \/>\n<link rel=\"canonical\" href=\"https:\/\/acsantiago.org\/index.php\/22-abril-2023-museo-del-ejercito-de-toledo\/\" \/>\n<meta property=\"og:locale\" content=\"es_ES\" \/>\n<meta property=\"og:type\" content=\"article\" \/>\n<meta property=\"og:title\" content=\"22 Abril 2023 Museo del Ejercito de Toledo - Asociaci\u00f3n Cultural Santiago\" \/>\n<meta property=\"og:description\" content=\"El pasado s\u00e1bado 22 de Abril se celebr\u00f3 la I Convenci\u00f3n de Instituciones relacionadas con el Instituto de Historia y Cultura Militar, presidido por el Gral. de Divisi\u00f3n. D. Antonio Ruiz Ben\u00edtez. Dejamos enlace desde este momento y a trav\u00e9s de esta p\u00e1gina se podr\u00e1 conectar con el Inst .de Historia y cultura militar con [&hellip;]\" \/>\n<meta property=\"og:url\" content=\"https:\/\/acsantiago.org\/index.php\/22-abril-2023-museo-del-ejercito-de-toledo\/\" \/>\n<meta property=\"og:site_name\" content=\"Asociaci\u00f3n Cultural Santiago\" \/>\n<meta property=\"article:modified_time\" content=\"2023-04-24T15:31:38+00:00\" \/>\n<meta property=\"og:image\" content=\"https:\/\/acsantiago.org\/wp-content\/uploads\/2023\/04\/20230424_161440-723x1024.jpg\" \/>\n<meta name=\"twitter:card\" content=\"summary_large_image\" \/>\n<meta name=\"twitter:label1\" content=\"Tiempo de lectura\" \/>\n\t<meta name=\"twitter:data1\" content=\"2 minutos\" \/>\n<script type=\"application\/ld+json\" class=\"yoast-schema-graph\">{\"@context\":\"https:\\\/\\\/schema.org\",\"@graph\":[{\"@type\":\"WebPage\",\"@id\":\"https:\\\/\\\/acsantiago.org\\\/index.php\\\/22-abril-2023-museo-del-ejercito-de-toledo\\\/\",\"url\":\"https:\\\/\\\/acsantiago.org\\\/index.php\\\/22-abril-2023-museo-del-ejercito-de-toledo\\\/\",\"name\":\"22 Abril 2023 Museo del Ejercito de Toledo - Asociaci\u00f3n Cultural Santiago\",\"isPartOf\":{\"@id\":\"https:\\\/\\\/acsantiago.org\\\/#website\"},\"primaryImageOfPage\":{\"@id\":\"https:\\\/\\\/acsantiago.org\\\/index.php\\\/22-abril-2023-museo-del-ejercito-de-toledo\\\/#primaryimage\"},\"image\":{\"@id\":\"https:\\\/\\\/acsantiago.org\\\/index.php\\\/22-abril-2023-museo-del-ejercito-de-toledo\\\/#primaryimage\"},\"thumbnailUrl\":\"https:\\\/\\\/acsantiago.org\\\/wp-content\\\/uploads\\\/2023\\\/04\\\/20230424_161440-723x1024.jpg\",\"datePublished\":\"2023-04-24T14:53:40+00:00\",\"dateModified\":\"2023-04-24T15:31:38+00:00\",\"breadcrumb\":{\"@id\":\"https:\\\/\\\/acsantiago.org\\\/index.php\\\/22-abril-2023-museo-del-ejercito-de-toledo\\\/#breadcrumb\"},\"inLanguage\":\"es\",\"potentialAction\":[{\"@type\":\"ReadAction\",\"target\":[\"https:\\\/\\\/acsantiago.org\\\/index.php\\\/22-abril-2023-museo-del-ejercito-de-toledo\\\/\"]}]},{\"@type\":\"ImageObject\",\"inLanguage\":\"es\",\"@id\":\"https:\\\/\\\/acsantiago.org\\\/index.php\\\/22-abril-2023-museo-del-ejercito-de-toledo\\\/#primaryimage\",\"url\":\"https:\\\/\\\/acsantiago.org\\\/wp-content\\\/uploads\\\/2023\\\/04\\\/20230424_161440-723x1024.jpg\",\"contentUrl\":\"https:\\\/\\\/acsantiago.org\\\/wp-content\\\/uploads\\\/2023\\\/04\\\/20230424_161440-723x1024.jpg\"},{\"@type\":\"BreadcrumbList\",\"@id\":\"https:\\\/\\\/acsantiago.org\\\/index.php\\\/22-abril-2023-museo-del-ejercito-de-toledo\\\/#breadcrumb\",\"itemListElement\":[{\"@type\":\"ListItem\",\"position\":1,\"name\":\"Portada\",\"item\":\"https:\\\/\\\/acsantiago.org\\\/\"},{\"@type\":\"ListItem\",\"position\":2,\"name\":\"22 Abril 2023 Museo del Ejercito de Toledo\"}]},{\"@type\":\"WebSite\",\"@id\":\"https:\\\/\\\/acsantiago.org\\\/#website\",\"url\":\"https:\\\/\\\/acsantiago.org\\\/\",\"name\":\"Asociaci\u00f3n Cultural Santiago\",\"description\":\"Just another WordPress site\",\"publisher\":{\"@id\":\"https:\\\/\\\/acsantiago.org\\\/#organization\"},\"potentialAction\":[{\"@type\":\"SearchAction\",\"target\":{\"@type\":\"EntryPoint\",\"urlTemplate\":\"https:\\\/\\\/acsantiago.org\\\/?s={search_term_string}\"},\"query-input\":{\"@type\":\"PropertyValueSpecification\",\"valueRequired\":true,\"valueName\":\"search_term_string\"}}],\"inLanguage\":\"es\"},{\"@type\":\"Organization\",\"@id\":\"https:\\\/\\\/acsantiago.org\\\/#organization\",\"name\":\"Asociaci\u00f3n Cultural Santiago\",\"url\":\"https:\\\/\\\/acsantiago.org\\\/\",\"logo\":{\"@type\":\"ImageObject\",\"inLanguage\":\"es\",\"@id\":\"https:\\\/\\\/acsantiago.org\\\/#\\\/schema\\\/logo\\\/image\\\/\",\"url\":\"https:\\\/\\\/acsantiago.org\\\/wp-content\\\/uploads\\\/2022\\\/02\\\/cropped-cropped-IMG-20220131-WA0001-2.jpg\",\"contentUrl\":\"https:\\\/\\\/acsantiago.org\\\/wp-content\\\/uploads\\\/2022\\\/02\\\/cropped-cropped-IMG-20220131-WA0001-2.jpg\",\"width\":1039,\"height\":989,\"caption\":\"Asociaci\u00f3n Cultural Santiago\"},\"image\":{\"@id\":\"https:\\\/\\\/acsantiago.org\\\/#\\\/schema\\\/logo\\\/image\\\/\"}}]}<\/script>\n<!-- \/ Yoast SEO plugin. -->","yoast_head_json":{"title":"22 Abril 2023 Museo del Ejercito de Toledo - Asociaci\u00f3n Cultural Santiago","robots":{"index":"index","follow":"follow","max-snippet":"max-snippet:-1","max-image-preview":"max-image-preview:large","max-video-preview":"max-video-preview:-1"},"canonical":"https:\/\/acsantiago.org\/index.php\/22-abril-2023-museo-del-ejercito-de-toledo\/","og_locale":"es_ES","og_type":"article","og_title":"22 Abril 2023 Museo del Ejercito de Toledo - Asociaci\u00f3n Cultural Santiago","og_description":"El pasado s\u00e1bado 22 de Abril se celebr\u00f3 la I Convenci\u00f3n de Instituciones relacionadas con el Instituto de Historia y Cultura Militar, presidido por el Gral. de Divisi\u00f3n. D. Antonio Ruiz Ben\u00edtez. Dejamos enlace desde este momento y a trav\u00e9s de esta p\u00e1gina se podr\u00e1 conectar con el Inst .de Historia y cultura militar con [&hellip;]","og_url":"https:\/\/acsantiago.org\/index.php\/22-abril-2023-museo-del-ejercito-de-toledo\/","og_site_name":"Asociaci\u00f3n Cultural Santiago","article_modified_time":"2023-04-24T15:31:38+00:00","og_image":[{"url":"https:\/\/acsantiago.org\/wp-content\/uploads\/2023\/04\/20230424_161440-723x1024.jpg","type":"","width":"","height":""}],"twitter_card":"summary_large_image","twitter_misc":{"Tiempo de lectura":"2 minutos"},"schema":{"@context":"https:\/\/schema.org","@graph":[{"@type":"WebPage","@id":"https:\/\/acsantiago.org\/index.php\/22-abril-2023-museo-del-ejercito-de-toledo\/","url":"https:\/\/acsantiago.org\/index.php\/22-abril-2023-museo-del-ejercito-de-toledo\/","name":"22 Abril 2023 Museo del Ejercito de Toledo - Asociaci\u00f3n Cultural Santiago","isPartOf":{"@id":"https:\/\/acsantiago.org\/#website"},"primaryImageOfPage":{"@id":"https:\/\/acsantiago.org\/index.php\/22-abril-2023-museo-del-ejercito-de-toledo\/#primaryimage"},"image":{"@id":"https:\/\/acsantiago.org\/index.php\/22-abril-2023-museo-del-ejercito-de-toledo\/#primaryimage"},"thumbnailUrl":"https:\/\/acsantiago.org\/wp-content\/uploads\/2023\/04\/20230424_161440-723x1024.jpg","datePublished":"2023-04-24T14:53:40+00:00","dateModified":"2023-04-24T15:31:38+00:00","breadcrumb":{"@id":"https:\/\/acsantiago.org\/index.php\/22-abril-2023-museo-del-ejercito-de-toledo\/#breadcrumb"},"inLanguage":"es","potentialAction":[{"@type":"ReadAction","target":["https:\/\/acsantiago.org\/index.php\/22-abril-2023-museo-del-ejercito-de-toledo\/"]}]},{"@type":"ImageObject","inLanguage":"es","@id":"https:\/\/acsantiago.org\/index.php\/22-abril-2023-museo-del-ejercito-de-toledo\/#primaryimage","url":"https:\/\/acsantiago.org\/wp-content\/uploads\/2023\/04\/20230424_161440-723x1024.jpg","contentUrl":"https:\/\/acsantiago.org\/wp-content\/uploads\/2023\/04\/20230424_161440-723x1024.jpg"},{"@type":"BreadcrumbList","@id":"https:\/\/acsantiago.org\/index.php\/22-abril-2023-museo-del-ejercito-de-toledo\/#breadcrumb","itemListElement":[{"@type":"ListItem","position":1,"name":"Portada","item":"https:\/\/acsantiago.org\/"},{"@type":"ListItem","position":2,"name":"22 Abril 2023 Museo del Ejercito de Toledo"}]},{"@type":"WebSite","@id":"https:\/\/acsantiago.org\/#website","url":"https:\/\/acsantiago.org\/","name":"Asociaci\u00f3n Cultural Santiago","description":"Just another WordPress site","publisher":{"@id":"https:\/\/acsantiago.org\/#organization"},"potentialAction":[{"@type":"SearchAction","target":{"@type":"EntryPoint","urlTemplate":"https:\/\/acsantiago.org\/?s={search_term_string}"},"query-input":{"@type":"PropertyValueSpecification","valueRequired":true,"valueName":"search_term_string"}}],"inLanguage":"es"},{"@type":"Organization","@id":"https:\/\/acsantiago.org\/#organization","name":"Asociaci\u00f3n Cultural Santiago","url":"https:\/\/acsantiago.org\/","logo":{"@type":"ImageObject","inLanguage":"es","@id":"https:\/\/acsantiago.org\/#\/schema\/logo\/image\/","url":"https:\/\/acsantiago.org\/wp-content\/uploads\/2022\/02\/cropped-cropped-IMG-20220131-WA0001-2.jpg","contentUrl":"https:\/\/acsantiago.org\/wp-content\/uploads\/2022\/02\/cropped-cropped-IMG-20220131-WA0001-2.jpg","width":1039,"height":989,"caption":"Asociaci\u00f3n Cultural Santiago"},"image":{"@id":"https:\/\/acsantiago.org\/#\/schema\/logo\/image\/"}}]}},"amp_enabled":true,"_links":{"self":[{"href":"https:\/\/acsantiago.org\/index.php\/wp-json\/wp\/v2\/pages\/2371","targetHints":{"allow":["GET"]}}],"collection":[{"href":"https:\/\/acsantiago.org\/index.php\/wp-json\/wp\/v2\/pages"}],"about":[{"href":"https:\/\/acsantiago.org\/index.php\/wp-json\/wp\/v2\/types\/page"}],"author":[{"embeddable":true,"href":"https:\/\/acsantiago.org\/index.php\/wp-json\/wp\/v2\/users\/1"}],"replies":[{"embeddable":true,"href":"https:\/\/acsantiago.org\/index.php\/wp-json\/wp\/v2\/comments?post=2371"}],"version-history":[{"count":47,"href":"https:\/\/acsantiago.org\/index.php\/wp-json\/wp\/v2\/pages\/2371\/revisions"}],"predecessor-version":[{"id":2435,"href":"https:\/\/acsantiago.org\/index.php\/wp-json\/wp\/v2\/pages\/2371\/revisions\/2435"}],"wp:attachment":[{"href":"https:\/\/acsantiago.org\/index.php\/wp-json\/wp\/v2\/media?parent=2371"}],"curies":[{"name":"wp","href":"https:\/\/api.w.org\/{rel}","templated":true}]}}