{"id":2139,"date":"2023-01-23T15:53:24","date_gmt":"2023-01-23T15:53:24","guid":{"rendered":"https:\/\/acsantiago.org\/?page_id=2139"},"modified":"2023-03-02T08:38:30","modified_gmt":"2023-03-02T08:38:30","slug":"xxv-aniversario-asociacion","status":"publish","type":"page","link":"https:\/\/acsantiago.org\/index.php\/xxv-aniversario-asociacion\/","title":{"rendered":"XXX aniversario Asociaci\u00f3n"},"content":{"rendered":"\t\t<div data-elementor-type=\"wp-page\" data-elementor-id=\"2139\" class=\"elementor elementor-2139\">\n\t\t\t\t\t\t<section class=\"elementor-section elementor-top-section elementor-element elementor-element-ad97389 elementor-section-boxed elementor-section-height-default elementor-section-height-default\" data-id=\"ad97389\" data-element_type=\"section\" data-e-type=\"section\">\n\t\t\t\t\t\t<div class=\"elementor-container elementor-column-gap-default\">\n\t\t\t\t\t<div class=\"elementor-column elementor-col-100 elementor-top-column elementor-element elementor-element-1ae9d3c\" data-id=\"1ae9d3c\" data-element_type=\"column\" data-e-type=\"column\">\n\t\t\t<div class=\"elementor-widget-wrap elementor-element-populated\">\n\t\t\t\t\t\t<div class=\"elementor-element elementor-element-3bc7a8a elementor-widget elementor-widget-text-editor\" data-id=\"3bc7a8a\" data-element_type=\"widget\" data-e-type=\"widget\" data-widget_type=\"text-editor.default\">\n\t\t\t\t<div class=\"elementor-widget-container\">\n\t\t\t\t\t\t\t\t\t<h4><strong>INICIO XXX ANIVERSARIO<\/strong><\/h4><h4>Como todos conoc\u00e9is este a\u00f1o de 2023 se cumplen XXX a\u00f1os del fallecimiento en acto de combate del Teniente Caballero Legionario D. Arturo Mu\u00f1oz Castellanos, que dio origen a este instituci\u00f3n.<\/h4><h4>Por este motivo y ser un ejercicio extraordinario en esta p\u00e1gina reflejaremos alguna de las actas con los acuerdos m\u00e1s relevantes que se tomen para celebrar dictada efem\u00e9rides.<\/h4><h4>Entre los acuerdos ya tomados destacan:<\/h4>\t\t\t\t\t\t\t\t<\/div>\n\t\t\t\t<\/div>\n\t\t\t\t\t<\/div>\n\t\t<\/div>\n\t\t\t\t\t<\/div>\n\t\t<\/section>\n\t\t\t\t<section class=\"elementor-section elementor-top-section elementor-element elementor-element-ce149f9 elementor-section-boxed elementor-section-height-default elementor-section-height-default\" data-id=\"ce149f9\" data-element_type=\"section\" data-e-type=\"section\">\n\t\t\t\t\t\t<div class=\"elementor-container elementor-column-gap-default\">\n\t\t\t\t\t<div class=\"elementor-column elementor-col-50 elementor-top-column elementor-element elementor-element-83107ce\" data-id=\"83107ce\" data-element_type=\"column\" data-e-type=\"column\">\n\t\t\t<div class=\"elementor-widget-wrap elementor-element-populated\">\n\t\t\t\t\t\t<div class=\"elementor-element elementor-element-a8e73e0 elementor-widget elementor-widget-image\" data-id=\"a8e73e0\" data-element_type=\"widget\" data-e-type=\"widget\" data-widget_type=\"image.default\">\n\t\t\t\t<div class=\"elementor-widget-container\">\n\t\t\t\t\t\t\t\t\t\t\t\t\t\t\t<img fetchpriority=\"high\" decoding=\"async\" width=\"225\" height=\"300\" src=\"https:\/\/acsantiago.org\/wp-content\/uploads\/2023\/01\/IMG-20230123-WA0005-225x300.jpg\" class=\"attachment-medium size-medium wp-image-2145\" alt=\"\" srcset=\"https:\/\/acsantiago.org\/wp-content\/uploads\/2023\/01\/IMG-20230123-WA0005-225x300.jpg 225w, https:\/\/acsantiago.org\/wp-content\/uploads\/2023\/01\/IMG-20230123-WA0005-768x1024.jpg 768w, https:\/\/acsantiago.org\/wp-content\/uploads\/2023\/01\/IMG-20230123-WA0005-1152x1536.jpg 1152w, https:\/\/acsantiago.org\/wp-content\/uploads\/2023\/01\/IMG-20230123-WA0005.jpg 1500w\" sizes=\"(max-width: 225px) 100vw, 225px\" \/>\t\t\t\t\t\t\t\t\t\t\t\t\t\t\t<\/div>\n\t\t\t\t<\/div>\n\t\t\t\t\t<\/div>\n\t\t<\/div>\n\t\t\t\t<div class=\"elementor-column elementor-col-50 elementor-top-column elementor-element elementor-element-7e013a9\" data-id=\"7e013a9\" data-element_type=\"column\" data-e-type=\"column\">\n\t\t\t<div class=\"elementor-widget-wrap elementor-element-populated\">\n\t\t\t\t\t\t<div class=\"elementor-element elementor-element-520ea16 elementor-widget elementor-widget-text-editor\" data-id=\"520ea16\" data-element_type=\"widget\" data-e-type=\"widget\" data-widget_type=\"text-editor.default\">\n\t\t\t\t<div class=\"elementor-widget-container\">\n\t\t\t\t\t\t\t\t\t<ul><li><h4>Continuar con el proceso de beatificaci\u00f3n del padre Huidobro. (expediente ya cerrado en Espa\u00f1a y enviado a la Santa Sede en donde se realizar\u00e1n las gestiones oportunas).<\/h4><\/li><\/ul>\t\t\t\t\t\t\t\t<\/div>\n\t\t\t\t<\/div>\n\t\t\t\t\t<\/div>\n\t\t<\/div>\n\t\t\t\t\t<\/div>\n\t\t<\/section>\n\t\t\t\t<section class=\"elementor-section elementor-top-section elementor-element elementor-element-8a573ab elementor-section-boxed elementor-section-height-default elementor-section-height-default\" data-id=\"8a573ab\" data-element_type=\"section\" data-e-type=\"section\">\n\t\t\t\t\t\t<div class=\"elementor-container elementor-column-gap-default\">\n\t\t\t\t\t<div class=\"elementor-column elementor-col-50 elementor-top-column elementor-element elementor-element-4050f93\" data-id=\"4050f93\" data-element_type=\"column\" data-e-type=\"column\">\n\t\t\t<div class=\"elementor-widget-wrap elementor-element-populated\">\n\t\t\t\t\t\t<div class=\"elementor-element elementor-element-0d412aa elementor-widget elementor-widget-image\" data-id=\"0d412aa\" data-element_type=\"widget\" data-e-type=\"widget\" data-widget_type=\"image.default\">\n\t\t\t\t<div class=\"elementor-widget-container\">\n\t\t\t\t\t\t\t\t\t\t\t\t\t\t\t<img decoding=\"async\" width=\"212\" height=\"300\" src=\"https:\/\/acsantiago.org\/wp-content\/uploads\/2023\/01\/IMG-20230120-WA0042-212x300.jpg\" class=\"attachment-medium size-medium wp-image-2141\" alt=\"\" srcset=\"https:\/\/acsantiago.org\/wp-content\/uploads\/2023\/01\/IMG-20230120-WA0042-212x300.jpg 212w, https:\/\/acsantiago.org\/wp-content\/uploads\/2023\/01\/IMG-20230120-WA0042.jpg 724w\" sizes=\"(max-width: 212px) 100vw, 212px\" \/>\t\t\t\t\t\t\t\t\t\t\t\t\t\t\t<\/div>\n\t\t\t\t<\/div>\n\t\t\t\t\t<\/div>\n\t\t<\/div>\n\t\t\t\t<div class=\"elementor-column elementor-col-50 elementor-top-column elementor-element elementor-element-ee564a7\" data-id=\"ee564a7\" data-element_type=\"column\" data-e-type=\"column\">\n\t\t\t<div class=\"elementor-widget-wrap elementor-element-populated\">\n\t\t\t\t\t\t<div class=\"elementor-element elementor-element-56bcc05 elementor-widget elementor-widget-text-editor\" data-id=\"56bcc05\" data-element_type=\"widget\" data-e-type=\"widget\" data-widget_type=\"text-editor.default\">\n\t\t\t\t<div class=\"elementor-widget-container\">\n\t\t\t\t\t\t\t\t\t<ul><li><h4>Pr\u00f3xima presentaci\u00f3n del libro sobre la Legi\u00f3n del General Blon Alv\u00e1rez del Manzano, a beneficio de la fundaci\u00f3n tercio de extranjeros, junto con la presentaci\u00f3n del Instituto de Cultura Militar.<\/h4><\/li><\/ul>\t\t\t\t\t\t\t\t<\/div>\n\t\t\t\t<\/div>\n\t\t\t\t\t<\/div>\n\t\t<\/div>\n\t\t\t\t\t<\/div>\n\t\t<\/section>\n\t\t\t\t<\/div>\n\t\t","protected":false},"excerpt":{"rendered":"<p>INICIO XXX ANIVERSARIO Como todos conoc\u00e9is este a\u00f1o de 2023 se cumplen XXX a\u00f1os del fallecimiento en acto de combate del Teniente Caballero Legionario D. Arturo Mu\u00f1oz Castellanos, que dio origen a este instituci\u00f3n. Por este motivo y ser un ejercicio extraordinario en esta p\u00e1gina reflejaremos alguna de las actas con los acuerdos m\u00e1s relevantes [&hellip;]<\/p>\n","protected":false},"author":1,"featured_media":0,"parent":0,"menu_order":0,"comment_status":"closed","ping_status":"closed","template":"","meta":{"site-sidebar-layout":"no-sidebar","site-content-layout":"page-builder","ast-site-content-layout":"default","site-content-style":"default","site-sidebar-style":"default","ast-global-header-display":"","ast-banner-title-visibility":"","ast-main-header-display":"","ast-hfb-above-header-display":"","ast-hfb-below-header-display":"","ast-hfb-mobile-header-display":"","site-post-title":"disabled","ast-breadcrumbs-content":"","ast-featured-img":"disabled","footer-sml-layout":"","ast-disable-related-posts":"","theme-transparent-header-meta":"","adv-header-id-meta":"","stick-header-meta":"","header-above-stick-meta":"","header-main-stick-meta":"","header-below-stick-meta":"","astra-migrate-meta-layouts":"default","ast-page-background-enabled":"default","ast-page-background-meta":{"desktop":{"background-color":"var(--ast-global-color-4)","background-image":"","background-repeat":"repeat","background-position":"center center","background-size":"auto","background-attachment":"scroll","background-type":"","background-media":"","overlay-type":"","overlay-color":"","overlay-opacity":"","overlay-gradient":""},"tablet":{"background-color":"","background-image":"","background-repeat":"repeat","background-position":"center center","background-size":"auto","background-attachment":"scroll","background-type":"","background-media":"","overlay-type":"","overlay-color":"","overlay-opacity":"","overlay-gradient":""},"mobile":{"background-color":"","background-image":"","background-repeat":"repeat","background-position":"center center","background-size":"auto","background-attachment":"scroll","background-type":"","background-media":"","overlay-type":"","overlay-color":"","overlay-opacity":"","overlay-gradient":""}},"ast-content-background-meta":{"desktop":{"background-color":"var(--ast-global-color-5)","background-image":"","background-repeat":"repeat","background-position":"center center","background-size":"auto","background-attachment":"scroll","background-type":"","background-media":"","overlay-type":"","overlay-color":"","overlay-opacity":"","overlay-gradient":""},"tablet":{"background-color":"var(--ast-global-color-5)","background-image":"","background-repeat":"repeat","background-position":"center center","background-size":"auto","background-attachment":"scroll","background-type":"","background-media":"","overlay-type":"","overlay-color":"","overlay-opacity":"","overlay-gradient":""},"mobile":{"background-color":"var(--ast-global-color-5)","background-image":"","background-repeat":"repeat","background-position":"center center","background-size":"auto","background-attachment":"scroll","background-type":"","background-media":"","overlay-type":"","overlay-color":"","overlay-opacity":"","overlay-gradient":""}},"footnotes":""},"class_list":["post-2139","page","type-page","status-publish","hentry"],"yoast_head":"<!-- This site is optimized with the Yoast SEO plugin v27.4 - https:\/\/yoast.com\/product\/yoast-seo-wordpress\/ -->\n<title>XXX aniversario Asociaci\u00f3n - Asociaci\u00f3n Cultural Santiago<\/title>\n<meta name=\"robots\" content=\"index, follow, max-snippet:-1, max-image-preview:large, max-video-preview:-1\" \/>\n<link rel=\"canonical\" href=\"https:\/\/acsantiago.org\/index.php\/xxv-aniversario-asociacion\/\" \/>\n<meta property=\"og:locale\" content=\"es_ES\" \/>\n<meta property=\"og:type\" content=\"article\" \/>\n<meta property=\"og:title\" content=\"XXX aniversario Asociaci\u00f3n - Asociaci\u00f3n Cultural Santiago\" \/>\n<meta property=\"og:description\" content=\"INICIO XXX ANIVERSARIO Como todos conoc\u00e9is este a\u00f1o de 2023 se cumplen XXX a\u00f1os del fallecimiento en acto de combate del Teniente Caballero Legionario D. Arturo Mu\u00f1oz Castellanos, que dio origen a este instituci\u00f3n. Por este motivo y ser un ejercicio extraordinario en esta p\u00e1gina reflejaremos alguna de las actas con los acuerdos m\u00e1s relevantes [&hellip;]\" \/>\n<meta property=\"og:url\" content=\"https:\/\/acsantiago.org\/index.php\/xxv-aniversario-asociacion\/\" \/>\n<meta property=\"og:site_name\" content=\"Asociaci\u00f3n Cultural Santiago\" \/>\n<meta property=\"article:modified_time\" content=\"2023-03-02T08:38:30+00:00\" \/>\n<meta property=\"og:image\" content=\"https:\/\/acsantiago.org\/wp-content\/uploads\/2023\/01\/IMG-20230123-WA0005-225x300.jpg\" \/>\n<meta name=\"twitter:card\" content=\"summary_large_image\" \/>\n<meta name=\"twitter:label1\" content=\"Tiempo de lectura\" \/>\n\t<meta name=\"twitter:data1\" content=\"1 minuto\" \/>\n<script type=\"application\/ld+json\" class=\"yoast-schema-graph\">{\"@context\":\"https:\\\/\\\/schema.org\",\"@graph\":[{\"@type\":\"WebPage\",\"@id\":\"https:\\\/\\\/acsantiago.org\\\/index.php\\\/xxv-aniversario-asociacion\\\/\",\"url\":\"https:\\\/\\\/acsantiago.org\\\/index.php\\\/xxv-aniversario-asociacion\\\/\",\"name\":\"XXX aniversario Asociaci\u00f3n - Asociaci\u00f3n Cultural Santiago\",\"isPartOf\":{\"@id\":\"https:\\\/\\\/acsantiago.org\\\/#website\"},\"primaryImageOfPage\":{\"@id\":\"https:\\\/\\\/acsantiago.org\\\/index.php\\\/xxv-aniversario-asociacion\\\/#primaryimage\"},\"image\":{\"@id\":\"https:\\\/\\\/acsantiago.org\\\/index.php\\\/xxv-aniversario-asociacion\\\/#primaryimage\"},\"thumbnailUrl\":\"https:\\\/\\\/acsantiago.org\\\/wp-content\\\/uploads\\\/2023\\\/01\\\/IMG-20230123-WA0005-225x300.jpg\",\"datePublished\":\"2023-01-23T15:53:24+00:00\",\"dateModified\":\"2023-03-02T08:38:30+00:00\",\"breadcrumb\":{\"@id\":\"https:\\\/\\\/acsantiago.org\\\/index.php\\\/xxv-aniversario-asociacion\\\/#breadcrumb\"},\"inLanguage\":\"es\",\"potentialAction\":[{\"@type\":\"ReadAction\",\"target\":[\"https:\\\/\\\/acsantiago.org\\\/index.php\\\/xxv-aniversario-asociacion\\\/\"]}]},{\"@type\":\"ImageObject\",\"inLanguage\":\"es\",\"@id\":\"https:\\\/\\\/acsantiago.org\\\/index.php\\\/xxv-aniversario-asociacion\\\/#primaryimage\",\"url\":\"https:\\\/\\\/acsantiago.org\\\/wp-content\\\/uploads\\\/2023\\\/01\\\/IMG-20230123-WA0005-225x300.jpg\",\"contentUrl\":\"https:\\\/\\\/acsantiago.org\\\/wp-content\\\/uploads\\\/2023\\\/01\\\/IMG-20230123-WA0005-225x300.jpg\"},{\"@type\":\"BreadcrumbList\",\"@id\":\"https:\\\/\\\/acsantiago.org\\\/index.php\\\/xxv-aniversario-asociacion\\\/#breadcrumb\",\"itemListElement\":[{\"@type\":\"ListItem\",\"position\":1,\"name\":\"Portada\",\"item\":\"https:\\\/\\\/acsantiago.org\\\/\"},{\"@type\":\"ListItem\",\"position\":2,\"name\":\"XXX aniversario Asociaci\u00f3n\"}]},{\"@type\":\"WebSite\",\"@id\":\"https:\\\/\\\/acsantiago.org\\\/#website\",\"url\":\"https:\\\/\\\/acsantiago.org\\\/\",\"name\":\"Asociaci\u00f3n Cultural Santiago\",\"description\":\"Just another WordPress site\",\"publisher\":{\"@id\":\"https:\\\/\\\/acsantiago.org\\\/#organization\"},\"potentialAction\":[{\"@type\":\"SearchAction\",\"target\":{\"@type\":\"EntryPoint\",\"urlTemplate\":\"https:\\\/\\\/acsantiago.org\\\/?s={search_term_string}\"},\"query-input\":{\"@type\":\"PropertyValueSpecification\",\"valueRequired\":true,\"valueName\":\"search_term_string\"}}],\"inLanguage\":\"es\"},{\"@type\":\"Organization\",\"@id\":\"https:\\\/\\\/acsantiago.org\\\/#organization\",\"name\":\"Asociaci\u00f3n Cultural Santiago\",\"url\":\"https:\\\/\\\/acsantiago.org\\\/\",\"logo\":{\"@type\":\"ImageObject\",\"inLanguage\":\"es\",\"@id\":\"https:\\\/\\\/acsantiago.org\\\/#\\\/schema\\\/logo\\\/image\\\/\",\"url\":\"https:\\\/\\\/acsantiago.org\\\/wp-content\\\/uploads\\\/2022\\\/02\\\/cropped-cropped-IMG-20220131-WA0001-2.jpg\",\"contentUrl\":\"https:\\\/\\\/acsantiago.org\\\/wp-content\\\/uploads\\\/2022\\\/02\\\/cropped-cropped-IMG-20220131-WA0001-2.jpg\",\"width\":1039,\"height\":989,\"caption\":\"Asociaci\u00f3n Cultural Santiago\"},\"image\":{\"@id\":\"https:\\\/\\\/acsantiago.org\\\/#\\\/schema\\\/logo\\\/image\\\/\"}}]}<\/script>\n<!-- \/ Yoast SEO plugin. -->","yoast_head_json":{"title":"XXX aniversario Asociaci\u00f3n - Asociaci\u00f3n Cultural Santiago","robots":{"index":"index","follow":"follow","max-snippet":"max-snippet:-1","max-image-preview":"max-image-preview:large","max-video-preview":"max-video-preview:-1"},"canonical":"https:\/\/acsantiago.org\/index.php\/xxv-aniversario-asociacion\/","og_locale":"es_ES","og_type":"article","og_title":"XXX aniversario Asociaci\u00f3n - Asociaci\u00f3n Cultural Santiago","og_description":"INICIO XXX ANIVERSARIO Como todos conoc\u00e9is este a\u00f1o de 2023 se cumplen XXX a\u00f1os del fallecimiento en acto de combate del Teniente Caballero Legionario D. Arturo Mu\u00f1oz Castellanos, que dio origen a este instituci\u00f3n. Por este motivo y ser un ejercicio extraordinario en esta p\u00e1gina reflejaremos alguna de las actas con los acuerdos m\u00e1s relevantes [&hellip;]","og_url":"https:\/\/acsantiago.org\/index.php\/xxv-aniversario-asociacion\/","og_site_name":"Asociaci\u00f3n Cultural Santiago","article_modified_time":"2023-03-02T08:38:30+00:00","og_image":[{"url":"https:\/\/acsantiago.org\/wp-content\/uploads\/2023\/01\/IMG-20230123-WA0005-225x300.jpg","type":"","width":"","height":""}],"twitter_card":"summary_large_image","twitter_misc":{"Tiempo de lectura":"1 minuto"},"schema":{"@context":"https:\/\/schema.org","@graph":[{"@type":"WebPage","@id":"https:\/\/acsantiago.org\/index.php\/xxv-aniversario-asociacion\/","url":"https:\/\/acsantiago.org\/index.php\/xxv-aniversario-asociacion\/","name":"XXX aniversario Asociaci\u00f3n - Asociaci\u00f3n Cultural Santiago","isPartOf":{"@id":"https:\/\/acsantiago.org\/#website"},"primaryImageOfPage":{"@id":"https:\/\/acsantiago.org\/index.php\/xxv-aniversario-asociacion\/#primaryimage"},"image":{"@id":"https:\/\/acsantiago.org\/index.php\/xxv-aniversario-asociacion\/#primaryimage"},"thumbnailUrl":"https:\/\/acsantiago.org\/wp-content\/uploads\/2023\/01\/IMG-20230123-WA0005-225x300.jpg","datePublished":"2023-01-23T15:53:24+00:00","dateModified":"2023-03-02T08:38:30+00:00","breadcrumb":{"@id":"https:\/\/acsantiago.org\/index.php\/xxv-aniversario-asociacion\/#breadcrumb"},"inLanguage":"es","potentialAction":[{"@type":"ReadAction","target":["https:\/\/acsantiago.org\/index.php\/xxv-aniversario-asociacion\/"]}]},{"@type":"ImageObject","inLanguage":"es","@id":"https:\/\/acsantiago.org\/index.php\/xxv-aniversario-asociacion\/#primaryimage","url":"https:\/\/acsantiago.org\/wp-content\/uploads\/2023\/01\/IMG-20230123-WA0005-225x300.jpg","contentUrl":"https:\/\/acsantiago.org\/wp-content\/uploads\/2023\/01\/IMG-20230123-WA0005-225x300.jpg"},{"@type":"BreadcrumbList","@id":"https:\/\/acsantiago.org\/index.php\/xxv-aniversario-asociacion\/#breadcrumb","itemListElement":[{"@type":"ListItem","position":1,"name":"Portada","item":"https:\/\/acsantiago.org\/"},{"@type":"ListItem","position":2,"name":"XXX aniversario Asociaci\u00f3n"}]},{"@type":"WebSite","@id":"https:\/\/acsantiago.org\/#website","url":"https:\/\/acsantiago.org\/","name":"Asociaci\u00f3n Cultural Santiago","description":"Just another WordPress site","publisher":{"@id":"https:\/\/acsantiago.org\/#organization"},"potentialAction":[{"@type":"SearchAction","target":{"@type":"EntryPoint","urlTemplate":"https:\/\/acsantiago.org\/?s={search_term_string}"},"query-input":{"@type":"PropertyValueSpecification","valueRequired":true,"valueName":"search_term_string"}}],"inLanguage":"es"},{"@type":"Organization","@id":"https:\/\/acsantiago.org\/#organization","name":"Asociaci\u00f3n Cultural Santiago","url":"https:\/\/acsantiago.org\/","logo":{"@type":"ImageObject","inLanguage":"es","@id":"https:\/\/acsantiago.org\/#\/schema\/logo\/image\/","url":"https:\/\/acsantiago.org\/wp-content\/uploads\/2022\/02\/cropped-cropped-IMG-20220131-WA0001-2.jpg","contentUrl":"https:\/\/acsantiago.org\/wp-content\/uploads\/2022\/02\/cropped-cropped-IMG-20220131-WA0001-2.jpg","width":1039,"height":989,"caption":"Asociaci\u00f3n Cultural Santiago"},"image":{"@id":"https:\/\/acsantiago.org\/#\/schema\/logo\/image\/"}}]}},"amp_enabled":true,"_links":{"self":[{"href":"https:\/\/acsantiago.org\/index.php\/wp-json\/wp\/v2\/pages\/2139","targetHints":{"allow":["GET"]}}],"collection":[{"href":"https:\/\/acsantiago.org\/index.php\/wp-json\/wp\/v2\/pages"}],"about":[{"href":"https:\/\/acsantiago.org\/index.php\/wp-json\/wp\/v2\/types\/page"}],"author":[{"embeddable":true,"href":"https:\/\/acsantiago.org\/index.php\/wp-json\/wp\/v2\/users\/1"}],"replies":[{"embeddable":true,"href":"https:\/\/acsantiago.org\/index.php\/wp-json\/wp\/v2\/comments?post=2139"}],"version-history":[{"count":12,"href":"https:\/\/acsantiago.org\/index.php\/wp-json\/wp\/v2\/pages\/2139\/revisions"}],"predecessor-version":[{"id":2219,"href":"https:\/\/acsantiago.org\/index.php\/wp-json\/wp\/v2\/pages\/2139\/revisions\/2219"}],"wp:attachment":[{"href":"https:\/\/acsantiago.org\/index.php\/wp-json\/wp\/v2\/media?parent=2139"}],"curies":[{"name":"wp","href":"https:\/\/api.w.org\/{rel}","templated":true}]}}