{"id":1692,"date":"2022-09-13T14:58:32","date_gmt":"2022-09-13T14:58:32","guid":{"rendered":"https:\/\/acsantiago.org\/?page_id=1692"},"modified":"2024-11-25T11:35:58","modified_gmt":"2024-11-25T11:35:58","slug":"dia-de-la-asociacion-2022-2","status":"publish","type":"page","link":"https:\/\/acsantiago.org\/index.php\/dia-de-la-asociacion-2022-2\/","title":{"rendered":"Acto \u00abD\u00eda de la Asociaci\u00f3n 2022\u00bb"},"content":{"rendered":"\t\t<div data-elementor-type=\"wp-page\" data-elementor-id=\"1692\" class=\"elementor elementor-1692\">\n\t\t\t\t\t\t<section class=\"elementor-section elementor-top-section elementor-element elementor-element-b1311d4 elementor-section-boxed elementor-section-height-default elementor-section-height-default\" data-id=\"b1311d4\" data-element_type=\"section\" data-e-type=\"section\">\n\t\t\t\t\t\t<div class=\"elementor-container elementor-column-gap-default\">\n\t\t\t\t\t<div class=\"elementor-column elementor-col-100 elementor-top-column elementor-element elementor-element-4dfeefe\" data-id=\"4dfeefe\" data-element_type=\"column\" data-e-type=\"column\">\n\t\t\t<div class=\"elementor-widget-wrap elementor-element-populated\">\n\t\t\t\t\t\t<div class=\"elementor-element elementor-element-f26fa5a elementor-widget elementor-widget-heading\" data-id=\"f26fa5a\" data-element_type=\"widget\" data-e-type=\"widget\" data-widget_type=\"heading.default\">\n\t\t\t\t<div class=\"elementor-widget-container\">\n\t\t\t\t\t<h2 class=\"elementor-heading-title elementor-size-default\">D\u00eda de la Asociaci\u00f3n (septiembre de 2022)<\/h2>\t\t\t\t<\/div>\n\t\t\t\t<\/div>\n\t\t\t\t\t<\/div>\n\t\t<\/div>\n\t\t\t\t\t<\/div>\n\t\t<\/section>\n\t\t\t\t<section class=\"elementor-section elementor-top-section elementor-element elementor-element-c8c54e5 elementor-section-boxed elementor-section-height-default elementor-section-height-default\" data-id=\"c8c54e5\" data-element_type=\"section\" data-e-type=\"section\">\n\t\t\t\t\t\t<div class=\"elementor-container elementor-column-gap-default\">\n\t\t\t\t\t<div class=\"elementor-column elementor-col-50 elementor-top-column elementor-element elementor-element-fc079fd\" data-id=\"fc079fd\" data-element_type=\"column\" data-e-type=\"column\">\n\t\t\t<div class=\"elementor-widget-wrap elementor-element-populated\">\n\t\t\t\t\t\t<div class=\"elementor-element elementor-element-50e530d elementor-widget elementor-widget-image\" data-id=\"50e530d\" data-element_type=\"widget\" data-e-type=\"widget\" data-widget_type=\"image.default\">\n\t\t\t\t<div class=\"elementor-widget-container\">\n\t\t\t\t\t\t\t\t\t\t\t\t\t\t\t<img decoding=\"async\" src=\"https:\/\/acsantiago.org\/wp-content\/uploads\/elementor\/thumbs\/e71f33d8-d255-437a-80f1-065643db3a69-qpzwhbpwu4i6y9plcc4783ignp4y2154vke89n0dp4.jpg\" title=\"e71f33d8-d255-437a-80f1-065643db3a69\" alt=\"e71f33d8-d255-437a-80f1-065643db3a69\" loading=\"lazy\" \/>\t\t\t\t\t\t\t\t\t\t\t\t\t\t\t<\/div>\n\t\t\t\t<\/div>\n\t\t\t\t\t<\/div>\n\t\t<\/div>\n\t\t\t\t<div class=\"elementor-column elementor-col-50 elementor-top-column elementor-element elementor-element-770d0ca\" data-id=\"770d0ca\" data-element_type=\"column\" data-e-type=\"column\">\n\t\t\t<div class=\"elementor-widget-wrap elementor-element-populated\">\n\t\t\t\t\t\t<div class=\"elementor-element elementor-element-c9f5860 elementor-widget elementor-widget-text-editor\" data-id=\"c9f5860\" data-element_type=\"widget\" data-e-type=\"widget\" data-widget_type=\"text-editor.default\">\n\t\t\t\t<div class=\"elementor-widget-container\">\n\t\t\t\t\t\t\t\t\t<h4><strong>El pasado d\u00eda 10 de Septiembre se celebr\u00f3 como viene siendo tradicional la Santa Misa en recuerdo y homenaje a todas las victimas de las fuerzas armadas, fuerzas de seguridad del estado, as\u00ed como victimas del terrorismo y miembros de la Asociaci\u00f3n Cultural Santiago fallecidos.<\/strong><\/h4><h4><strong>Al finalizar la misma se hizo entrega de las distinciones a quienes han sido designados por su permanente compromiso con Espa\u00f1a, dando algunos, incluso su vida en el cumplimiento del deber, como en el caso de los Ttes Coroneles de la UAR y GAR. As\u00ed como las becas a los hu\u00e9rfanos de los Ej\u00e9rcitos de Tierra, Mar y Aire designados por cada patronato.<\/strong><\/h4><h4><strong>Los actos estuvieron presididos por el alcalde de Barcena de Cicero D. Gumersindo Ranero as\u00ed como las m\u00e1ximas autoridades militares correspondientes a los patronatos de hu\u00e9rfanos, delegaci\u00f3n de defensa en Cantabria, Regimiento Garellano, en su 150 aniversario; destacando el director adjunto operativo de la Guardia Civil, Tte General D. Pablo Salas, quien entreg\u00f3 personalmente las distinciones\u00a0 a las viudas de los Ilmos. Sres. Coroneles D. Jesus Gayoso y D. Pedro Alfonso Casado.<\/strong><\/h4><h4><strong>El acto concluy\u00f3 con un emotivo homenaje\u00a0 a los que dieron su vida por Espa\u00f1a.<\/strong><\/h4>\t\t\t\t\t\t\t\t<\/div>\n\t\t\t\t<\/div>\n\t\t\t\t\t<\/div>\n\t\t<\/div>\n\t\t\t\t\t<\/div>\n\t\t<\/section>\n\t\t\t\t<section class=\"elementor-section elementor-top-section elementor-element elementor-element-cc3919f elementor-section-boxed elementor-section-height-default elementor-section-height-default\" data-id=\"cc3919f\" data-element_type=\"section\" data-e-type=\"section\">\n\t\t\t\t\t\t<div class=\"elementor-container elementor-column-gap-default\">\n\t\t\t\t\t<div class=\"elementor-column elementor-col-100 elementor-top-column elementor-element elementor-element-ae14623\" data-id=\"ae14623\" data-element_type=\"column\" data-e-type=\"column\">\n\t\t\t<div class=\"elementor-widget-wrap elementor-element-populated\">\n\t\t\t\t\t\t\t<\/div>\n\t\t<\/div>\n\t\t\t\t\t<\/div>\n\t\t<\/section>\n\t\t\t\t<section class=\"elementor-section elementor-top-section elementor-element elementor-element-8ec43a9 elementor-section-boxed elementor-section-height-default elementor-section-height-default\" data-id=\"8ec43a9\" data-element_type=\"section\" data-e-type=\"section\">\n\t\t\t\t\t\t<div class=\"elementor-container elementor-column-gap-default\">\n\t\t\t\t\t<div class=\"elementor-column elementor-col-100 elementor-top-column elementor-element elementor-element-af8e8d5\" data-id=\"af8e8d5\" data-element_type=\"column\" data-e-type=\"column\">\n\t\t\t<div class=\"elementor-widget-wrap elementor-element-populated\">\n\t\t\t\t\t\t<div class=\"elementor-element elementor-element-23017da elementor-widget elementor-widget-text-editor\" data-id=\"23017da\" data-element_type=\"widget\" data-e-type=\"widget\" data-widget_type=\"text-editor.default\">\n\t\t\t\t<div class=\"elementor-widget-container\">\n\t\t\t\t\t\t\t\t\t<h3><strong>Pr\u00f3ximamente se dispondr\u00e1 de un CD con todas las fotos del acto celebrado. Se podr\u00e1 disponer del mismo poni\u00e9ndose en contacto con la Asociaci\u00f3n\u00a0<\/strong><\/h3>\t\t\t\t\t\t\t\t<\/div>\n\t\t\t\t<\/div>\n\t\t\t\t\t<\/div>\n\t\t<\/div>\n\t\t\t\t\t<\/div>\n\t\t<\/section>\n\t\t\t\t<section class=\"elementor-section elementor-top-section elementor-element elementor-element-e3657ee elementor-section-boxed elementor-section-height-default elementor-section-height-default\" data-id=\"e3657ee\" data-element_type=\"section\" data-e-type=\"section\">\n\t\t\t\t\t\t<div class=\"elementor-container elementor-column-gap-default\">\n\t\t\t\t\t<div class=\"elementor-column elementor-col-100 elementor-top-column elementor-element elementor-element-cf17c02\" data-id=\"cf17c02\" data-element_type=\"column\" data-e-type=\"column\">\n\t\t\t<div class=\"elementor-widget-wrap elementor-element-populated\">\n\t\t\t\t\t\t<div class=\"elementor-element elementor-element-17e234c elementor-widget elementor-widget-video\" data-id=\"17e234c\" data-element_type=\"widget\" data-e-type=\"widget\" data-settings=\"{&quot;youtube_url&quot;:&quot;https:\\\/\\\/youtu.be\\\/e2wIn1ztwOc&quot;,&quot;video_type&quot;:&quot;youtube&quot;,&quot;controls&quot;:&quot;yes&quot;}\" data-widget_type=\"video.default\">\n\t\t\t\t<div class=\"elementor-widget-container\">\n\t\t\t\t\t\t\t<div class=\"elementor-wrapper elementor-open-inline\">\n\t\t\t<div class=\"elementor-video\"><\/div>\t\t<\/div>\n\t\t\t\t\t\t<\/div>\n\t\t\t\t<\/div>\n\t\t\t\t\t<\/div>\n\t\t<\/div>\n\t\t\t\t\t<\/div>\n\t\t<\/section>\n\t\t\t\t<section class=\"elementor-section elementor-top-section elementor-element elementor-element-a894b0f elementor-section-boxed elementor-section-height-default elementor-section-height-default\" data-id=\"a894b0f\" data-element_type=\"section\" data-e-type=\"section\">\n\t\t\t\t\t\t<div class=\"elementor-container elementor-column-gap-default\">\n\t\t\t\t\t<div class=\"elementor-column elementor-col-100 elementor-top-column elementor-element elementor-element-5789e75\" data-id=\"5789e75\" data-element_type=\"column\" data-e-type=\"column\">\n\t\t\t<div class=\"elementor-widget-wrap elementor-element-populated\">\n\t\t\t\t\t\t<div class=\"elementor-element elementor-element-4489688 elementor-widget-divider--view-line_icon elementor-view-default elementor-widget-divider--element-align-center elementor-widget elementor-widget-divider\" data-id=\"4489688\" data-element_type=\"widget\" data-e-type=\"widget\" data-widget_type=\"divider.default\">\n\t\t\t\t<div class=\"elementor-widget-container\">\n\t\t\t\t\t\t\t<div class=\"elementor-divider\">\n\t\t\t<span class=\"elementor-divider-separator\">\n\t\t\t\t\t\t\t<div class=\"elementor-icon elementor-divider__element\">\n\t\t\t\t\t<i aria-hidden=\"true\" class=\"fas fa-star\"><\/i><\/div>\n\t\t\t\t\t\t<\/span>\n\t\t<\/div>\n\t\t\t\t\t\t<\/div>\n\t\t\t\t<\/div>\n\t\t\t\t\t<\/div>\n\t\t<\/div>\n\t\t\t\t\t<\/div>\n\t\t<\/section>\n\t\t\t\t<section class=\"elementor-section elementor-top-section elementor-element elementor-element-6d0ab70 elementor-section-boxed elementor-section-height-default elementor-section-height-default\" data-id=\"6d0ab70\" data-element_type=\"section\" data-e-type=\"section\">\n\t\t\t\t\t\t<div class=\"elementor-container elementor-column-gap-default\">\n\t\t\t\t\t<div class=\"elementor-column elementor-col-100 elementor-top-column elementor-element elementor-element-6eb44a1\" data-id=\"6eb44a1\" data-element_type=\"column\" data-e-type=\"column\">\n\t\t\t<div class=\"elementor-widget-wrap elementor-element-populated\">\n\t\t\t\t\t\t<div class=\"elementor-element elementor-element-55d9ac5 elementor-widget elementor-widget-text-editor\" data-id=\"55d9ac5\" data-element_type=\"widget\" data-e-type=\"widget\" data-widget_type=\"text-editor.default\">\n\t\t\t\t<div class=\"elementor-widget-container\">\n\t\t\t\t\t\t\t\t\t<p><strong>Aqu\u00ed os dejamos una peque\u00f1a muestra de las fotos obtenidas<\/strong>\u00a0<\/p>\t\t\t\t\t\t\t\t<\/div>\n\t\t\t\t<\/div>\n\t\t\t\t\t<\/div>\n\t\t<\/div>\n\t\t\t\t\t<\/div>\n\t\t<\/section>\n\t\t\t\t<section class=\"elementor-section elementor-top-section elementor-element elementor-element-71d9119 elementor-section-boxed elementor-section-height-default elementor-section-height-default\" data-id=\"71d9119\" data-element_type=\"section\" data-e-type=\"section\">\n\t\t\t\t\t\t<div class=\"elementor-container elementor-column-gap-default\">\n\t\t\t\t\t<div class=\"elementor-column elementor-col-100 elementor-top-column elementor-element elementor-element-f3dbb60\" data-id=\"f3dbb60\" data-element_type=\"column\" data-e-type=\"column\">\n\t\t\t<div class=\"elementor-widget-wrap elementor-element-populated\">\n\t\t\t\t\t\t\t<\/div>\n\t\t<\/div>\n\t\t\t\t\t<\/div>\n\t\t<\/section>\n\t\t\t\t<\/div>\n\t\t","protected":false},"excerpt":{"rendered":"<p>D\u00eda de la Asociaci\u00f3n (septiembre de 2022) El pasado d\u00eda 10 de Septiembre se celebr\u00f3 como viene siendo tradicional la Santa Misa en recuerdo y homenaje a todas las victimas de las fuerzas armadas, fuerzas de seguridad del estado, as\u00ed como victimas del terrorismo y miembros de la Asociaci\u00f3n Cultural Santiago fallecidos. Al finalizar la [&hellip;]<\/p>\n","protected":false},"author":1,"featured_media":0,"parent":0,"menu_order":0,"comment_status":"closed","ping_status":"closed","template":"","meta":{"site-sidebar-layout":"no-sidebar","site-content-layout":"page-builder","ast-site-content-layout":"full-width-container","site-content-style":"unboxed","site-sidebar-style":"unboxed","ast-global-header-display":"","ast-banner-title-visibility":"","ast-main-header-display":"","ast-hfb-above-header-display":"","ast-hfb-below-header-display":"","ast-hfb-mobile-header-display":"","site-post-title":"disabled","ast-breadcrumbs-content":"","ast-featured-img":"disabled","footer-sml-layout":"","ast-disable-related-posts":"","theme-transparent-header-meta":"","adv-header-id-meta":"","stick-header-meta":"","header-above-stick-meta":"","header-main-stick-meta":"","header-below-stick-meta":"","astra-migrate-meta-layouts":"set","ast-page-background-enabled":"default","ast-page-background-meta":{"desktop":{"background-color":"var(--ast-global-color-4)","background-image":"","background-repeat":"repeat","background-position":"center center","background-size":"auto","background-attachment":"scroll","background-type":"","background-media":"","overlay-type":"","overlay-color":"","overlay-opacity":"","overlay-gradient":""},"tablet":{"background-color":"","background-image":"","background-repeat":"repeat","background-position":"center center","background-size":"auto","background-attachment":"scroll","background-type":"","background-media":"","overlay-type":"","overlay-color":"","overlay-opacity":"","overlay-gradient":""},"mobile":{"background-color":"","background-image":"","background-repeat":"repeat","background-position":"center center","background-size":"auto","background-attachment":"scroll","background-type":"","background-media":"","overlay-type":"","overlay-color":"","overlay-opacity":"","overlay-gradient":""}},"ast-content-background-meta":{"desktop":{"background-color":"var(--ast-global-color-5)","background-image":"","background-repeat":"repeat","background-position":"center center","background-size":"auto","background-attachment":"scroll","background-type":"","background-media":"","overlay-type":"","overlay-color":"","overlay-opacity":"","overlay-gradient":""},"tablet":{"background-color":"var(--ast-global-color-5)","background-image":"","background-repeat":"repeat","background-position":"center center","background-size":"auto","background-attachment":"scroll","background-type":"","background-media":"","overlay-type":"","overlay-color":"","overlay-opacity":"","overlay-gradient":""},"mobile":{"background-color":"var(--ast-global-color-5)","background-image":"","background-repeat":"repeat","background-position":"center center","background-size":"auto","background-attachment":"scroll","background-type":"","background-media":"","overlay-type":"","overlay-color":"","overlay-opacity":"","overlay-gradient":""}},"footnotes":""},"class_list":["post-1692","page","type-page","status-publish","hentry"],"yoast_head":"<!-- This site is optimized with the Yoast SEO plugin v27.5 - https:\/\/yoast.com\/product\/yoast-seo-wordpress\/ -->\n<title>Acto &quot;D\u00eda de la Asociaci\u00f3n 2022&quot; - Asociaci\u00f3n Cultural Santiago<\/title>\n<meta name=\"robots\" content=\"index, follow, max-snippet:-1, max-image-preview:large, max-video-preview:-1\" \/>\n<link rel=\"canonical\" href=\"https:\/\/acsantiago.org\/index.php\/dia-de-la-asociacion-2022-2\/\" \/>\n<meta property=\"og:locale\" content=\"es_ES\" \/>\n<meta property=\"og:type\" content=\"article\" \/>\n<meta property=\"og:title\" content=\"Acto &quot;D\u00eda de la Asociaci\u00f3n 2022&quot; - Asociaci\u00f3n Cultural Santiago\" \/>\n<meta property=\"og:description\" content=\"D\u00eda de la Asociaci\u00f3n (septiembre de 2022) El pasado d\u00eda 10 de Septiembre se celebr\u00f3 como viene siendo tradicional la Santa Misa en recuerdo y homenaje a todas las victimas de las fuerzas armadas, fuerzas de seguridad del estado, as\u00ed como victimas del terrorismo y miembros de la Asociaci\u00f3n Cultural Santiago fallecidos. Al finalizar la [&hellip;]\" \/>\n<meta property=\"og:url\" content=\"https:\/\/acsantiago.org\/index.php\/dia-de-la-asociacion-2022-2\/\" \/>\n<meta property=\"og:site_name\" content=\"Asociaci\u00f3n Cultural Santiago\" \/>\n<meta property=\"article:modified_time\" content=\"2024-11-25T11:35:58+00:00\" \/>\n<meta property=\"og:image\" content=\"https:\/\/acsantiago.org\/wp-content\/uploads\/elementor\/thumbs\/e71f33d8-d255-437a-80f1-065643db3a69-qpzwhbpwu4i6y9plcc4783ignp4y2154vke89n0dp4.jpg\" \/>\n<meta name=\"twitter:card\" content=\"summary_large_image\" \/>\n<meta name=\"twitter:label1\" content=\"Tiempo de lectura\" \/>\n\t<meta name=\"twitter:data1\" content=\"2 minutos\" \/>\n<script type=\"application\/ld+json\" class=\"yoast-schema-graph\">{\"@context\":\"https:\\\/\\\/schema.org\",\"@graph\":[{\"@type\":\"WebPage\",\"@id\":\"https:\\\/\\\/acsantiago.org\\\/index.php\\\/dia-de-la-asociacion-2022-2\\\/\",\"url\":\"https:\\\/\\\/acsantiago.org\\\/index.php\\\/dia-de-la-asociacion-2022-2\\\/\",\"name\":\"Acto \\\"D\u00eda de la Asociaci\u00f3n 2022\\\" - Asociaci\u00f3n Cultural Santiago\",\"isPartOf\":{\"@id\":\"https:\\\/\\\/acsantiago.org\\\/#website\"},\"primaryImageOfPage\":{\"@id\":\"https:\\\/\\\/acsantiago.org\\\/index.php\\\/dia-de-la-asociacion-2022-2\\\/#primaryimage\"},\"image\":{\"@id\":\"https:\\\/\\\/acsantiago.org\\\/index.php\\\/dia-de-la-asociacion-2022-2\\\/#primaryimage\"},\"thumbnailUrl\":\"https:\\\/\\\/acsantiago.org\\\/wp-content\\\/uploads\\\/elementor\\\/thumbs\\\/e71f33d8-d255-437a-80f1-065643db3a69-qpzwhbpwu4i6y9plcc4783ignp4y2154vke89n0dp4.jpg\",\"datePublished\":\"2022-09-13T14:58:32+00:00\",\"dateModified\":\"2024-11-25T11:35:58+00:00\",\"breadcrumb\":{\"@id\":\"https:\\\/\\\/acsantiago.org\\\/index.php\\\/dia-de-la-asociacion-2022-2\\\/#breadcrumb\"},\"inLanguage\":\"es\",\"potentialAction\":[{\"@type\":\"ReadAction\",\"target\":[\"https:\\\/\\\/acsantiago.org\\\/index.php\\\/dia-de-la-asociacion-2022-2\\\/\"]}]},{\"@type\":\"ImageObject\",\"inLanguage\":\"es\",\"@id\":\"https:\\\/\\\/acsantiago.org\\\/index.php\\\/dia-de-la-asociacion-2022-2\\\/#primaryimage\",\"url\":\"https:\\\/\\\/acsantiago.org\\\/wp-content\\\/uploads\\\/elementor\\\/thumbs\\\/e71f33d8-d255-437a-80f1-065643db3a69-qpzwhbpwu4i6y9plcc4783ignp4y2154vke89n0dp4.jpg\",\"contentUrl\":\"https:\\\/\\\/acsantiago.org\\\/wp-content\\\/uploads\\\/elementor\\\/thumbs\\\/e71f33d8-d255-437a-80f1-065643db3a69-qpzwhbpwu4i6y9plcc4783ignp4y2154vke89n0dp4.jpg\"},{\"@type\":\"BreadcrumbList\",\"@id\":\"https:\\\/\\\/acsantiago.org\\\/index.php\\\/dia-de-la-asociacion-2022-2\\\/#breadcrumb\",\"itemListElement\":[{\"@type\":\"ListItem\",\"position\":1,\"name\":\"Portada\",\"item\":\"https:\\\/\\\/acsantiago.org\\\/\"},{\"@type\":\"ListItem\",\"position\":2,\"name\":\"Acto \u00abD\u00eda de la Asociaci\u00f3n 2022\u00bb\"}]},{\"@type\":\"WebSite\",\"@id\":\"https:\\\/\\\/acsantiago.org\\\/#website\",\"url\":\"https:\\\/\\\/acsantiago.org\\\/\",\"name\":\"Asociaci\u00f3n Cultural Santiago\",\"description\":\"Just another WordPress site\",\"publisher\":{\"@id\":\"https:\\\/\\\/acsantiago.org\\\/#organization\"},\"potentialAction\":[{\"@type\":\"SearchAction\",\"target\":{\"@type\":\"EntryPoint\",\"urlTemplate\":\"https:\\\/\\\/acsantiago.org\\\/?s={search_term_string}\"},\"query-input\":{\"@type\":\"PropertyValueSpecification\",\"valueRequired\":true,\"valueName\":\"search_term_string\"}}],\"inLanguage\":\"es\"},{\"@type\":\"Organization\",\"@id\":\"https:\\\/\\\/acsantiago.org\\\/#organization\",\"name\":\"Asociaci\u00f3n Cultural Santiago\",\"url\":\"https:\\\/\\\/acsantiago.org\\\/\",\"logo\":{\"@type\":\"ImageObject\",\"inLanguage\":\"es\",\"@id\":\"https:\\\/\\\/acsantiago.org\\\/#\\\/schema\\\/logo\\\/image\\\/\",\"url\":\"https:\\\/\\\/acsantiago.org\\\/wp-content\\\/uploads\\\/2022\\\/02\\\/cropped-cropped-IMG-20220131-WA0001-2.jpg\",\"contentUrl\":\"https:\\\/\\\/acsantiago.org\\\/wp-content\\\/uploads\\\/2022\\\/02\\\/cropped-cropped-IMG-20220131-WA0001-2.jpg\",\"width\":1039,\"height\":989,\"caption\":\"Asociaci\u00f3n Cultural Santiago\"},\"image\":{\"@id\":\"https:\\\/\\\/acsantiago.org\\\/#\\\/schema\\\/logo\\\/image\\\/\"}}]}<\/script>\n<!-- \/ Yoast SEO plugin. -->","yoast_head_json":{"title":"Acto \"D\u00eda de la Asociaci\u00f3n 2022\" - Asociaci\u00f3n Cultural Santiago","robots":{"index":"index","follow":"follow","max-snippet":"max-snippet:-1","max-image-preview":"max-image-preview:large","max-video-preview":"max-video-preview:-1"},"canonical":"https:\/\/acsantiago.org\/index.php\/dia-de-la-asociacion-2022-2\/","og_locale":"es_ES","og_type":"article","og_title":"Acto \"D\u00eda de la Asociaci\u00f3n 2022\" - Asociaci\u00f3n Cultural Santiago","og_description":"D\u00eda de la Asociaci\u00f3n (septiembre de 2022) El pasado d\u00eda 10 de Septiembre se celebr\u00f3 como viene siendo tradicional la Santa Misa en recuerdo y homenaje a todas las victimas de las fuerzas armadas, fuerzas de seguridad del estado, as\u00ed como victimas del terrorismo y miembros de la Asociaci\u00f3n Cultural Santiago fallecidos. Al finalizar la [&hellip;]","og_url":"https:\/\/acsantiago.org\/index.php\/dia-de-la-asociacion-2022-2\/","og_site_name":"Asociaci\u00f3n Cultural Santiago","article_modified_time":"2024-11-25T11:35:58+00:00","og_image":[{"url":"https:\/\/acsantiago.org\/wp-content\/uploads\/elementor\/thumbs\/e71f33d8-d255-437a-80f1-065643db3a69-qpzwhbpwu4i6y9plcc4783ignp4y2154vke89n0dp4.jpg","type":"","width":"","height":""}],"twitter_card":"summary_large_image","twitter_misc":{"Tiempo de lectura":"2 minutos"},"schema":{"@context":"https:\/\/schema.org","@graph":[{"@type":"WebPage","@id":"https:\/\/acsantiago.org\/index.php\/dia-de-la-asociacion-2022-2\/","url":"https:\/\/acsantiago.org\/index.php\/dia-de-la-asociacion-2022-2\/","name":"Acto \"D\u00eda de la Asociaci\u00f3n 2022\" - Asociaci\u00f3n Cultural Santiago","isPartOf":{"@id":"https:\/\/acsantiago.org\/#website"},"primaryImageOfPage":{"@id":"https:\/\/acsantiago.org\/index.php\/dia-de-la-asociacion-2022-2\/#primaryimage"},"image":{"@id":"https:\/\/acsantiago.org\/index.php\/dia-de-la-asociacion-2022-2\/#primaryimage"},"thumbnailUrl":"https:\/\/acsantiago.org\/wp-content\/uploads\/elementor\/thumbs\/e71f33d8-d255-437a-80f1-065643db3a69-qpzwhbpwu4i6y9plcc4783ignp4y2154vke89n0dp4.jpg","datePublished":"2022-09-13T14:58:32+00:00","dateModified":"2024-11-25T11:35:58+00:00","breadcrumb":{"@id":"https:\/\/acsantiago.org\/index.php\/dia-de-la-asociacion-2022-2\/#breadcrumb"},"inLanguage":"es","potentialAction":[{"@type":"ReadAction","target":["https:\/\/acsantiago.org\/index.php\/dia-de-la-asociacion-2022-2\/"]}]},{"@type":"ImageObject","inLanguage":"es","@id":"https:\/\/acsantiago.org\/index.php\/dia-de-la-asociacion-2022-2\/#primaryimage","url":"https:\/\/acsantiago.org\/wp-content\/uploads\/elementor\/thumbs\/e71f33d8-d255-437a-80f1-065643db3a69-qpzwhbpwu4i6y9plcc4783ignp4y2154vke89n0dp4.jpg","contentUrl":"https:\/\/acsantiago.org\/wp-content\/uploads\/elementor\/thumbs\/e71f33d8-d255-437a-80f1-065643db3a69-qpzwhbpwu4i6y9plcc4783ignp4y2154vke89n0dp4.jpg"},{"@type":"BreadcrumbList","@id":"https:\/\/acsantiago.org\/index.php\/dia-de-la-asociacion-2022-2\/#breadcrumb","itemListElement":[{"@type":"ListItem","position":1,"name":"Portada","item":"https:\/\/acsantiago.org\/"},{"@type":"ListItem","position":2,"name":"Acto \u00abD\u00eda de la Asociaci\u00f3n 2022\u00bb"}]},{"@type":"WebSite","@id":"https:\/\/acsantiago.org\/#website","url":"https:\/\/acsantiago.org\/","name":"Asociaci\u00f3n Cultural Santiago","description":"Just another WordPress site","publisher":{"@id":"https:\/\/acsantiago.org\/#organization"},"potentialAction":[{"@type":"SearchAction","target":{"@type":"EntryPoint","urlTemplate":"https:\/\/acsantiago.org\/?s={search_term_string}"},"query-input":{"@type":"PropertyValueSpecification","valueRequired":true,"valueName":"search_term_string"}}],"inLanguage":"es"},{"@type":"Organization","@id":"https:\/\/acsantiago.org\/#organization","name":"Asociaci\u00f3n Cultural Santiago","url":"https:\/\/acsantiago.org\/","logo":{"@type":"ImageObject","inLanguage":"es","@id":"https:\/\/acsantiago.org\/#\/schema\/logo\/image\/","url":"https:\/\/acsantiago.org\/wp-content\/uploads\/2022\/02\/cropped-cropped-IMG-20220131-WA0001-2.jpg","contentUrl":"https:\/\/acsantiago.org\/wp-content\/uploads\/2022\/02\/cropped-cropped-IMG-20220131-WA0001-2.jpg","width":1039,"height":989,"caption":"Asociaci\u00f3n Cultural Santiago"},"image":{"@id":"https:\/\/acsantiago.org\/#\/schema\/logo\/image\/"}}]}},"amp_enabled":true,"_links":{"self":[{"href":"https:\/\/acsantiago.org\/index.php\/wp-json\/wp\/v2\/pages\/1692","targetHints":{"allow":["GET"]}}],"collection":[{"href":"https:\/\/acsantiago.org\/index.php\/wp-json\/wp\/v2\/pages"}],"about":[{"href":"https:\/\/acsantiago.org\/index.php\/wp-json\/wp\/v2\/types\/page"}],"author":[{"embeddable":true,"href":"https:\/\/acsantiago.org\/index.php\/wp-json\/wp\/v2\/users\/1"}],"replies":[{"embeddable":true,"href":"https:\/\/acsantiago.org\/index.php\/wp-json\/wp\/v2\/comments?post=1692"}],"version-history":[{"count":62,"href":"https:\/\/acsantiago.org\/index.php\/wp-json\/wp\/v2\/pages\/1692\/revisions"}],"predecessor-version":[{"id":2880,"href":"https:\/\/acsantiago.org\/index.php\/wp-json\/wp\/v2\/pages\/1692\/revisions\/2880"}],"wp:attachment":[{"href":"https:\/\/acsantiago.org\/index.php\/wp-json\/wp\/v2\/media?parent=1692"}],"curies":[{"name":"wp","href":"https:\/\/api.w.org\/{rel}","templated":true}]}}